{"id":734086,"date":"2025-08-27T22:21:52","date_gmt":"2025-08-27T19:21:52","guid":{"rendered":"https:\/\/roveyayinevi.com.tr\/index.php\/urun\/enerji-sistemindeki-kuresel-donusum-yenilenebilir-enerji-ve-kamu-politikalari\/"},"modified":"2025-10-17T07:00:22","modified_gmt":"2025-10-17T04:00:22","slug":"enerji-sistemindeki-kuresel-donusum-yenilenebilir-enerji-ve-kamu-politikalari","status":"publish","type":"product","link":"https:\/\/roveyayinevi.com.tr\/index.php\/urun\/enerji-sistemindeki-kuresel-donusum-yenilenebilir-enerji-ve-kamu-politikalari\/","title":{"rendered":"Enerji Sistemindeki K\u00fcresel D\u00f6n\u00fc\u015f\u00fcm Yenilenebilir Enerji ve Kamu Politikalar\u0131"},"content":{"rendered":"<p>1.      ENERJ\u0130 EKONOM\u0130 \u0130L\u0130\u015eK\u0130S\u0130 \u0130\u00c7\u0130NDE YEN\u0130LENEB\u0130L\u0130R ENERJ\u0130 1.1.   Enerjinin Tan\u0131m\u0131 ve Kapsam\u0131 1.2.   Piyasa Ba\u015far\u0131s\u0131zl\u0131\u011f\u0131, D\u0131\u015fsall\u0131klar ve \u00c7evre Sorunlar\u0131 1.3.   Enerji Ekonomisi 1.4.   S\u00fcrd\u00fcr\u00fclebilir Kalk\u0131nma ve S\u00fcrd\u00fcr\u00fclebilir Enerji 1.5.   Yeni Bir Bak\u0131\u015f: D\u00fc\u015f\u00fck Oranl\u0131 B\u00fcy\u00fcme ve B\u00fcy\u00fc-me-me\/Degrowth 1.6.   Enerji Kaynaklar\u0131n\u0131n D\u00fcnya \u00d6l\u00e7e\u011finde De\u011ferlendirilmesi 1.7.   Yenilenebilir Enerji Kaynaklar\u0131 1.8.   Yenilenebilir Enerji Kaynaklar\u0131n\u0131n \u00d6nemi ve Bu Kaynaklara Y\u00f6neli\u015fin Nedenleri 1.9.   Yenilenebilir Enerjinin Geli\u015ftirilmesi \u00d6n\u00fcndeki Engeller 2.      YEN\u0130LENEB\u0130L\u0130R ENERJ\u0130N\u0130N TE\u015eV\u0130K\u0130NE Y\u00d6NEL\u0130K KAMU POL\u0130T\u0130KALARI VE \u00d6RNEK \u00dcLKE UYGULAMALARI 2.1.   De\u011fi\u015fen D\u00fcnyada K\u00fcresel Enerji Piyasalar\u0131 2.2.   Genel Olarak Enerji Politikas\u0131 Kavram\u0131 ve Yenilenebilir Enerji Politikalar\u0131na Bak\u0131\u015f 2.3.   Yenilenebilir Enerjinin Geli\u015ftirilmesi ve Yayg\u0131nla\u015ft\u0131r\u0131lmas\u0131na Y\u00f6nelik Te\u015fvik ve Destek Mekanizmalar\u0131 2.4.   Avrupa Birli\u011fi Yenilenebilir Enerji Politikas\u0131 2.5.   Yenilenebilir Enerji Politikalar\u0131 \u00dczerine Genel De\u011ferlendirme 3.      T\u00dcRK\u0130YE\u2019DE YEN\u0130LENEB\u0130L\u0130R ENERJ\u0130YE Y\u00d6NEL\u0130K UYGULANAN KAMU POL\u0130T\u0130KALARI 3.1.   T\u00fcrkiye\u2019nin Yenilenebilir Enerji Kaynaklar\u0131 ve Politikalar\u0131na Genel Bir Bak\u0131\u015f 3.2.   T\u00fcrkiye\u2019nin Yenilenebilir Enerji Kaynaklar\u0131 ve Potansiyeli 3.3.   T\u00fcrkiye\u2019de Yenilenebilir Enerji Politikalar\u0131: Yasal \u00c7er\u00e7eve 3.4.   T\u00fcrkiye\u2019de Yenilenebilir Enerji Kaynaklar\u0131n\u0131n Kullan\u0131m\u0131n\u0131 Desteklemeye Y\u00f6nelik Te\u015fvik Mekanizmalar\u0131 3.5.   T\u00fcrkiye\u2019nin Enerji G\u00fcndemi ve Yenilenebilir Enerji Alan\u0131ndaki Son Geli\u015fmeler 4.      YEN\u0130LENEB\u0130L\u0130R ENERJ\u0130 POL\u0130T\u0130KALARININ ETK\u0130NL\u0130\u011e\u0130N\u0130N DE\u011eERLEND\u0130R\u0130LMES\u0130NE Y\u00d6NEL\u0130K B\u0130R MODEL UYGULAMASI 4.1.   Literat\u00fcr Taramas\u0131 4.2.   Veriler ve Metodoloji <\/p>\n","protected":false},"excerpt":{"rendered":"<p>1. ENERJ\u0130 EKONOM\u0130 \u0130L\u0130\u015eK\u0130S\u0130 \u0130\u00c7\u0130NDE YEN\u0130LENEB\u0130L\u0130R ENERJ\u0130 1.1. Enerjinin Tan\u0131m\u0131 ve Kapsam\u0131 1.2. Piyasa Ba\u015far\u0131s\u0131zl\u0131\u011f\u0131, D\u0131\u015fsall\u0131klar ve \u00c7evre Sorunlar\u0131 1.3. Enerji Ekonomisi 1.4. S\u00fcrd\u00fcr\u00fclebilir Kalk\u0131nma ve<span class=\"excerpt-hellip\"> [\u2026]<\/span><\/p>\n","protected":false},"featured_media":0,"template":"","meta":{"_monsterinsights_skip_tracking":false,"_monsterinsights_sitenote_active":false,"_monsterinsights_sitenote_note":"","_monsterinsights_sitenote_category":0},"product_brand":[],"product_cat":[12573,12566],"product_tag":[],"class_list":{"0":"post-734086","1":"product","2":"type-product","3":"status-publish","5":"product_cat-akademik-kitaplar","6":"product_cat-egitim","7":"pa_cilt-ciltsiz","8":"pa_tur-kitap","9":"pa_yayinevi-gazi-kitabevi","10":"pa_yazar-dilek-akbas-akdogan","12":"first","13":"instock","14":"sale","15":"shipping-taxable","16":"purchasable","17":"product-type-simple"},"_links":{"self":[{"href":"https:\/\/roveyayinevi.com.tr\/index.php\/wp-json\/wp\/v2\/product\/734086","targetHints":{"allow":["GET"]}}],"collection":[{"href":"https:\/\/roveyayinevi.com.tr\/index.php\/wp-json\/wp\/v2\/product"}],"about":[{"href":"https:\/\/roveyayinevi.com.tr\/index.php\/wp-json\/wp\/v2\/types\/product"}],"wp:attachment":[{"href":"https:\/\/roveyayinevi.com.tr\/index.php\/wp-json\/wp\/v2\/media?parent=734086"}],"wp:term":[{"taxonomy":"product_brand","embeddable":true,"href":"https:\/\/roveyayinevi.com.tr\/index.php\/wp-json\/wp\/v2\/product_brand?post=734086"},{"taxonomy":"product_cat","embeddable":true,"href":"https:\/\/roveyayinevi.com.tr\/index.php\/wp-json\/wp\/v2\/product_cat?post=734086"},{"taxonomy":"product_tag","embeddable":true,"href":"https:\/\/roveyayinevi.com.tr\/index.php\/wp-json\/wp\/v2\/product_tag?post=734086"}],"curies":[{"name":"wp","href":"https:\/\/api.w.org\/{rel}","templated":true}]}}