{"id":734085,"date":"2025-08-27T22:21:52","date_gmt":"2025-08-27T19:21:52","guid":{"rendered":"https:\/\/roveyayinevi.com.tr\/index.php\/urun\/turizm-sektorunde-pazarlama-paradigmalari\/"},"modified":"2026-04-16T02:41:58","modified_gmt":"2026-04-15T23:41:58","slug":"turizm-sektorunde-pazarlama-paradigmalari","status":"publish","type":"product","link":"https:\/\/roveyayinevi.com.tr\/index.php\/urun\/turizm-sektorunde-pazarlama-paradigmalari\/","title":{"rendered":"Turizm Sekt\u00f6r\u00fcnde Pazarlama Paradigmalar\u0131"},"content":{"rendered":"<p>1.      TUR\u0130ZM SEKT\u00d6R\u00dcNDE SA\u011eLIK PAZARLAMASI 2.      TUR\u0130ZM SEKT\u00d6R\u00dcNDE SPOR PAZARLAMASI 3.      TUR\u0130ZM SEKT\u00d6R\u00dcNDE \u015eEH\u0130R PAZARLAMASI 4.      TUR\u0130ZM SEKT\u00d6R\u00dcNDE D\u0130J\u0130TAL PAZARLAMA 5.      TUR\u0130ZM SEKT\u00d6R\u00dcNDE D\u0130J\u0130TAL PERFORMANS \u00d6L\u00c7\u00dcM\u00dc 6.      TUR\u0130ZM SEKT\u00d6R\u00dcNDE N\u00d6ROPAZARLAMA 7.      TUR\u0130ZM SEKT\u00d6R\u00dcNDE PAYLA\u015eIM EKONOM\u0130S\u0130 8.      TUR\u0130ZM SEKT\u00d6R\u00dcNDE BLOKZ\u0130NC\u0130R TEKNOLOJ\u0130S\u0130 9.      TUR\u0130ZM SEKT\u00d6R\u00dcNDE PAZARLAMA ARA\u015eTIRMASI <\/p>\n","protected":false},"excerpt":{"rendered":"<p>1. TUR\u0130ZM SEKT\u00d6R\u00dcNDE SA\u011eLIK PAZARLAMASI 2. TUR\u0130ZM SEKT\u00d6R\u00dcNDE SPOR PAZARLAMASI 3. TUR\u0130ZM SEKT\u00d6R\u00dcNDE \u015eEH\u0130R PAZARLAMASI 4. TUR\u0130ZM SEKT\u00d6R\u00dcNDE D\u0130J\u0130TAL PAZARLAMA 5. TUR\u0130ZM SEKT\u00d6R\u00dcNDE D\u0130J\u0130TAL PERFORMANS \u00d6L\u00c7\u00dcM\u00dc<span class=\"excerpt-hellip\"> [\u2026]<\/span><\/p>\n","protected":false},"featured_media":0,"template":"","meta":{"_monsterinsights_skip_tracking":false,"_monsterinsights_sitenote_active":false,"_monsterinsights_sitenote_note":"","_monsterinsights_sitenote_category":0},"product_brand":[],"product_cat":[13043,17492],"product_tag":[],"class_list":{"0":"post-734085","1":"product","2":"type-product","3":"status-publish","5":"product_cat-ekonomi","6":"product_cat-pazarlama-satis-reklam","7":"pa_cilt-ciltsiz","8":"pa_tur-kitap","9":"pa_yayinevi-gazi-kitabevi","10":"pa_yazar-osman-ozdemir","12":"first","13":"instock","14":"sale","15":"shipping-taxable","16":"purchasable","17":"product-type-simple"},"_links":{"self":[{"href":"https:\/\/roveyayinevi.com.tr\/index.php\/wp-json\/wp\/v2\/product\/734085","targetHints":{"allow":["GET"]}}],"collection":[{"href":"https:\/\/roveyayinevi.com.tr\/index.php\/wp-json\/wp\/v2\/product"}],"about":[{"href":"https:\/\/roveyayinevi.com.tr\/index.php\/wp-json\/wp\/v2\/types\/product"}],"wp:attachment":[{"href":"https:\/\/roveyayinevi.com.tr\/index.php\/wp-json\/wp\/v2\/media?parent=734085"}],"wp:term":[{"taxonomy":"product_brand","embeddable":true,"href":"https:\/\/roveyayinevi.com.tr\/index.php\/wp-json\/wp\/v2\/product_brand?post=734085"},{"taxonomy":"product_cat","embeddable":true,"href":"https:\/\/roveyayinevi.com.tr\/index.php\/wp-json\/wp\/v2\/product_cat?post=734085"},{"taxonomy":"product_tag","embeddable":true,"href":"https:\/\/roveyayinevi.com.tr\/index.php\/wp-json\/wp\/v2\/product_tag?post=734085"}],"curies":[{"name":"wp","href":"https:\/\/api.w.org\/{rel}","templated":true}]}}