{"id":734081,"date":"2025-08-27T22:21:49","date_gmt":"2025-08-27T19:21:49","guid":{"rendered":"https:\/\/roveyayinevi.com.tr\/index.php\/urun\/ayrimcilik-etnisite-calisma-hayati-sosyal-psikolojik-faktorlerin-arastirilmasi\/"},"modified":"2026-04-16T02:41:58","modified_gmt":"2026-04-15T23:41:58","slug":"ayrimcilik-etnisite-calisma-hayati-sosyal-psikolojik-faktorlerin-arastirilmasi","status":"publish","type":"product","link":"https:\/\/roveyayinevi.com.tr\/index.php\/urun\/ayrimcilik-etnisite-calisma-hayati-sosyal-psikolojik-faktorlerin-arastirilmasi\/","title":{"rendered":"Ayr\u0131mc\u0131l\u0131k Etnisite \u00c7al\u0131\u015fma Hayat\u0131 Sosyal Psikolojik Fakt\u00f6rlerin Ara\u015ft\u0131r\u0131lmas\u0131"},"content":{"rendered":"<p>1.      \u00c7ALI\u015eMA HAYATINDA AYRIMCILIK VE SOSYAL PS\u0130KOLOJ\u0130K TEMELLER\u0130 1.1.   \u00c7ALI\u015eMA HAYATINDA AYRIMCILIK 1.2.   AYRIMCILIK T\u00dcRLER\u0130 1.3.   AYRIMCILIKLA M\u00dcCADELE 2.      ETN\u0130S\u0130TE VE ETN\u0130K AYRIMCILIK 2.1.   ETN\u0130K K\u0130ML\u0130K 2.2.   ETN\u0130K GRUPLAR 2.3.   ETN\u0130S\u0130TE KURAMLARI 2.4.   S\u0130YASAL S\u0130STEM\u0130N \u00d6TEK\u0130\u2019S\u0130NDEN TOPLUMUN \u00d6TEK\u0130\u2019S\u0130NE VE ETN\u0130K \u00c7ATI\u015eMALAR 2.5.   T\u00dcRK\u0130YE, K\u00dcRTLER VE ETN\u0130K AYRIMCILIK 3.      ARA\u015eTIRMANIN SOSYAL PS\u0130KOLOJ\u0130K KURAMLARI 3.1.   SOSYAL K\u0130ML\u0130K KURAMI 3.2.   SOSYAL BASKINLIK KURAMI 4.      KAVRAM \u00c7ALI\u015eMASI OLARAK \u00c7ALI\u015eMA HAYATINDA E\u015e\u0130TL\u0130K VE AYRIMCILIK ED\u0130M\u0130 \u00dcZER\u0130NDEN EMEK MUHAFIZLARI: E\u015e\u0130TL\u0130K KORUCULARI VE AYRIMCILIK KORUCULARI 5.      ALAN ARA\u015eTIRMASI ve BULGULAR 5.1.   ALAN ARA\u015eTIRMASI 5.2.   BULGULAR 6.      SONU\u00c7 VE TARTI\u015eMA <\/p>\n","protected":false},"excerpt":{"rendered":"<p>1. \u00c7ALI\u015eMA HAYATINDA AYRIMCILIK VE SOSYAL PS\u0130KOLOJ\u0130K TEMELLER\u0130 1.1. \u00c7ALI\u015eMA HAYATINDA AYRIMCILIK 1.2. AYRIMCILIK T\u00dcRLER\u0130 1.3. AYRIMCILIKLA M\u00dcCADELE 2. ETN\u0130S\u0130TE VE ETN\u0130K AYRIMCILIK 2.1. ETN\u0130K K\u0130ML\u0130K<span class=\"excerpt-hellip\"> [\u2026]<\/span><\/p>\n","protected":false},"featured_media":0,"template":"","meta":{"_monsterinsights_skip_tracking":false,"_monsterinsights_sitenote_active":false,"_monsterinsights_sitenote_note":"","_monsterinsights_sitenote_category":0},"product_brand":[],"product_cat":[12573,12566],"product_tag":[],"class_list":{"0":"post-734081","1":"product","2":"type-product","3":"status-publish","5":"product_cat-akademik-kitaplar","6":"product_cat-egitim","7":"pa_cilt-ciltsiz","8":"pa_tur-kitap","9":"pa_yayinevi-gazi-kitabevi","10":"pa_yazar-mavis-yildirim","12":"first","13":"instock","14":"sale","15":"shipping-taxable","16":"purchasable","17":"product-type-simple"},"_links":{"self":[{"href":"https:\/\/roveyayinevi.com.tr\/index.php\/wp-json\/wp\/v2\/product\/734081","targetHints":{"allow":["GET"]}}],"collection":[{"href":"https:\/\/roveyayinevi.com.tr\/index.php\/wp-json\/wp\/v2\/product"}],"about":[{"href":"https:\/\/roveyayinevi.com.tr\/index.php\/wp-json\/wp\/v2\/types\/product"}],"wp:attachment":[{"href":"https:\/\/roveyayinevi.com.tr\/index.php\/wp-json\/wp\/v2\/media?parent=734081"}],"wp:term":[{"taxonomy":"product_brand","embeddable":true,"href":"https:\/\/roveyayinevi.com.tr\/index.php\/wp-json\/wp\/v2\/product_brand?post=734081"},{"taxonomy":"product_cat","embeddable":true,"href":"https:\/\/roveyayinevi.com.tr\/index.php\/wp-json\/wp\/v2\/product_cat?post=734081"},{"taxonomy":"product_tag","embeddable":true,"href":"https:\/\/roveyayinevi.com.tr\/index.php\/wp-json\/wp\/v2\/product_tag?post=734081"}],"curies":[{"name":"wp","href":"https:\/\/api.w.org\/{rel}","templated":true}]}}