{"id":734077,"date":"2025-08-27T22:21:45","date_gmt":"2025-08-27T19:21:45","guid":{"rendered":"https:\/\/roveyayinevi.com.tr\/index.php\/urun\/uyku\/"},"modified":"2026-04-16T02:41:57","modified_gmt":"2026-04-15T23:41:57","slug":"uyku","status":"publish","type":"product","link":"https:\/\/roveyayinevi.com.tr\/index.php\/urun\/uyku\/","title":{"rendered":"Uyku"},"content":{"rendered":"<p>Ald\u0131\u011f\u0131 kararlar\u0131 yerine getiren kararl\u0131 bir insan olmak ister miyiz?   \u0130stedi\u011fi hedeflere ula\u015fmak i\u00e7in azimli bir insan olmak ister miyiz?   Kar\u015f\u0131la\u015ft\u0131\u011f\u0131 her \u015fartta \u00e7\u0131kar\u0131n\u0131 de\u011fil, \u015feref ger\u00e7e\u011fini hat\u0131rlayan ve \u015ferefine toz kondurmadan ya\u015fayan bir insan olmak ister miyiz?   \u0130nand\u0131\u011f\u0131 ger\u00e7ekleri kimseden korkmadan ya\u015fayan ve d\u00fc\u015f\u00fcncelerini rahatl\u0131kla ifade eden cesur bir insan olmak ister miyiz?   Barda\u011f\u0131n bo\u015f taraf\u0131 kadar dolu taraf\u0131n\u0131 da g\u00f6ren, olumlu d\u00fc\u015f\u00fcnen, kar\u015f\u0131la\u015ft\u0131\u011f\u0131 olaylarda hemen karamsar olmayan iyimser bir insan olmak ister miyiz?<\/p>\n","protected":false},"excerpt":{"rendered":"<p>Ald\u0131\u011f\u0131 kararlar\u0131 yerine getiren kararl\u0131 bir insan olmak ister miyiz? \u0130stedi\u011fi hedeflere ula\u015fmak i\u00e7in azimli bir insan olmak ister miyiz? Kar\u015f\u0131la\u015ft\u0131\u011f\u0131 her \u015fartta \u00e7\u0131kar\u0131n\u0131 de\u011fil, \u015feref<span class=\"excerpt-hellip\"> [\u2026]<\/span><\/p>\n","protected":false},"featured_media":0,"template":"","meta":{"_monsterinsights_skip_tracking":false,"_monsterinsights_sitenote_active":false,"_monsterinsights_sitenote_note":"","_monsterinsights_sitenote_category":0},"product_brand":[],"product_cat":[12358,12357],"product_tag":[],"class_list":{"0":"post-734077","1":"product","2":"type-product","3":"status-publish","5":"product_cat-genel-psikoloji","6":"product_cat-psikoloji","7":"pa_cilt-ciltsiz","8":"pa_tur-kitap","9":"pa_yayinevi-yade-yayinlari","10":"pa_yazar-deniz-tonga","12":"first","13":"instock","14":"sale","15":"shipping-taxable","16":"purchasable","17":"product-type-simple"},"_links":{"self":[{"href":"https:\/\/roveyayinevi.com.tr\/index.php\/wp-json\/wp\/v2\/product\/734077","targetHints":{"allow":["GET"]}}],"collection":[{"href":"https:\/\/roveyayinevi.com.tr\/index.php\/wp-json\/wp\/v2\/product"}],"about":[{"href":"https:\/\/roveyayinevi.com.tr\/index.php\/wp-json\/wp\/v2\/types\/product"}],"wp:attachment":[{"href":"https:\/\/roveyayinevi.com.tr\/index.php\/wp-json\/wp\/v2\/media?parent=734077"}],"wp:term":[{"taxonomy":"product_brand","embeddable":true,"href":"https:\/\/roveyayinevi.com.tr\/index.php\/wp-json\/wp\/v2\/product_brand?post=734077"},{"taxonomy":"product_cat","embeddable":true,"href":"https:\/\/roveyayinevi.com.tr\/index.php\/wp-json\/wp\/v2\/product_cat?post=734077"},{"taxonomy":"product_tag","embeddable":true,"href":"https:\/\/roveyayinevi.com.tr\/index.php\/wp-json\/wp\/v2\/product_tag?post=734077"}],"curies":[{"name":"wp","href":"https:\/\/api.w.org\/{rel}","templated":true}]}}