{"id":734075,"date":"2025-08-27T22:21:44","date_gmt":"2025-08-27T19:21:44","guid":{"rendered":"https:\/\/roveyayinevi.com.tr\/index.php\/urun\/coya\/"},"modified":"2026-04-03T02:49:16","modified_gmt":"2026-04-02T23:49:16","slug":"coya","status":"publish","type":"product","link":"https:\/\/roveyayinevi.com.tr\/index.php\/urun\/coya\/","title":{"rendered":"Coya"},"content":{"rendered":"<p>Bir insan hayat\u0131 boyunca ka\u00e7 kez \u00e2\u015f\u0131k olabilir? Ya da \u201cger\u00e7ek\u201d a\u015fk\u0131 buldu\u011funu zannedebilir?   Hayat\u0131n kayna\u011f\u0131 sevgiyle akar ve a\u015fk kendi se\u00e7imimiz de\u011fil, kendini aray\u0131\u015f\u0131n ve kendini bulman\u0131n bir par\u00e7as\u0131d\u0131r.   Coya kendi benli\u011finin \u0131\u015f\u0131\u011f\u0131nda ger\u00e7ek a\u015fkla yeniden do\u011fmak i\u00e7in zaman\u0131n d\u00f6ng\u00fcs\u00fcne b\u0131rakm\u0131\u015ft\u0131 ruhunu.   A\u015fka olan inanc\u0131n\u0131 kaybetmi\u015fti ki; a\u015fk yeniden kar\u015f\u0131s\u0131na \u00e7\u0131kt\u0131. Haz\u0131r m\u0131yd\u0131 buna? Huzur ve mutlulu\u011fu bulmak i\u00e7in hayat\u0131na kabul etti\u011fini zannetti\u011fi a\u015fk onu yine yaralar m\u0131yd\u0131?   T\u00fcm bu sorular\u0131 kitapta okurken, kendi hayatlar\u0131n\u0131zdan da cevaplar vereceksiniz. Coya&#8217;n\u0131n g\u00f6zlerinden onun yolculu\u011funu kendi yolculu\u011funuz gibi izleyecek ve onunla beraber siz de kendi aray\u0131\u015f\u0131n\u0131zdan izler bulacaks\u0131n\u0131z.   Unutmay\u0131n; ger\u00e7ek a\u015fk\u0131 \u00e7ok az ki\u015fi ya\u015far ve onu se\u00e7me hakk\u0131m\u0131z yoktur.<\/p>\n","protected":false},"excerpt":{"rendered":"<p>Bir insan hayat\u0131 boyunca ka\u00e7 kez \u00e2\u015f\u0131k olabilir? Ya da \u201cger\u00e7ek\u201d a\u015fk\u0131 buldu\u011funu zannedebilir? Hayat\u0131n kayna\u011f\u0131 sevgiyle akar ve a\u015fk kendi se\u00e7imimiz de\u011fil, kendini aray\u0131\u015f\u0131n ve<span class=\"excerpt-hellip\"> [\u2026]<\/span><\/p>\n","protected":false},"featured_media":0,"template":"","meta":{"_monsterinsights_skip_tracking":false,"_monsterinsights_sitenote_active":false,"_monsterinsights_sitenote_note":"","_monsterinsights_sitenote_category":0},"product_brand":[],"product_cat":[12291,12711],"product_tag":[],"class_list":{"0":"post-734075","1":"product","2":"type-product","3":"status-publish","5":"product_cat-edebiyat","6":"product_cat-roman-oyku","7":"pa_cilt-ciltsiz","8":"pa_tur-kitap","9":"pa_yayinevi-perseus","10":"pa_yazar-begum-firat","12":"first","13":"instock","14":"sale","15":"shipping-taxable","16":"purchasable","17":"product-type-simple"},"_links":{"self":[{"href":"https:\/\/roveyayinevi.com.tr\/index.php\/wp-json\/wp\/v2\/product\/734075","targetHints":{"allow":["GET"]}}],"collection":[{"href":"https:\/\/roveyayinevi.com.tr\/index.php\/wp-json\/wp\/v2\/product"}],"about":[{"href":"https:\/\/roveyayinevi.com.tr\/index.php\/wp-json\/wp\/v2\/types\/product"}],"wp:attachment":[{"href":"https:\/\/roveyayinevi.com.tr\/index.php\/wp-json\/wp\/v2\/media?parent=734075"}],"wp:term":[{"taxonomy":"product_brand","embeddable":true,"href":"https:\/\/roveyayinevi.com.tr\/index.php\/wp-json\/wp\/v2\/product_brand?post=734075"},{"taxonomy":"product_cat","embeddable":true,"href":"https:\/\/roveyayinevi.com.tr\/index.php\/wp-json\/wp\/v2\/product_cat?post=734075"},{"taxonomy":"product_tag","embeddable":true,"href":"https:\/\/roveyayinevi.com.tr\/index.php\/wp-json\/wp\/v2\/product_tag?post=734075"}],"curies":[{"name":"wp","href":"https:\/\/api.w.org\/{rel}","templated":true}]}}