{"id":734074,"date":"2025-08-27T22:21:42","date_gmt":"2025-08-27T19:21:42","guid":{"rendered":"https:\/\/roveyayinevi.com.tr\/index.php\/urun\/basiretli-tacir\/"},"modified":"2026-04-16T02:41:57","modified_gmt":"2026-04-15T23:41:57","slug":"basiretli-tacir","status":"publish","type":"product","link":"https:\/\/roveyayinevi.com.tr\/index.php\/urun\/basiretli-tacir\/","title":{"rendered":"Basiretli Tacir"},"content":{"rendered":"<p>Kendi i\u00e7ine d\u00f6nmek, kendi hayat amac\u0131n\u0131 ve ruhunun ke\u015ffedilmemi\u015f noktalar\u0131n\u0131 ke\u015ffetmek!   Her insan kendi yolunu kendisi mi \u00e7izer? Ya\u015fad\u0131klar\u0131m\u0131z bir sonraki daha uzak bir yol i\u00e7in haz\u0131rl\u0131kt\u0131r. Ya\u015fad\u0131\u011f\u0131m\u0131z her tecr\u00fcbe ise insan\u0131n \u00f6z benli\u011finin \u00f6\u011fretisini olu\u015fturur.   Bu \u00f6\u011freti uzun ve zorluklarla doludur. Aray\u0131\u015f\u0131m\u0131z hi\u00e7bir zaman bitmez; kendimizi her buldu\u011fumuzda, t\u00fcm o zorluklar\u0131 anlayacak ve geride b\u0131rakacak bir manevi g\u00fc\u00e7 gelir insana.   Sonunda zafer sizindir: Bu g\u00fc\u00e7 art\u0131k i\u00e7imizdedir. Hi\u00e7bir \u015feyin zarar veremeyece\u011fi ve yok edemeyece\u011fi, hakikate biraz daha yakla\u015fm\u0131\u015f bilincinizle art\u0131k \u00f6n\u00fcn\u00fcze \u00e7\u0131kan her zorlu\u011fu, ac\u0131y\u0131, m\u00fccadeleyi kabul edersiniz.    Ve kim bilir belki bir g\u00fcn siz de \u201cBasiretli Tacir\u201d olursunuz.   Bu arada; e\u011fer siz de \u201cBasiretizm\u201d ideolojisine uyacaksan\u0131z, bu hayat g\u00f6r\u00fc\u015f\u00fcn\u00fcn kurallar\u0131n\u0131 unutmaman\u0131z gerekir:   \u201cHayatta Kal Hayat\u0131 Sev Hayattan \u00d6\u011fren   \u00d6zde Kal \u00d6z\u00fc Sev \u00d6zden \u00d6\u011fren\u201d<\/p>\n","protected":false},"excerpt":{"rendered":"<p>Kendi i\u00e7ine d\u00f6nmek, kendi hayat amac\u0131n\u0131 ve ruhunun ke\u015ffedilmemi\u015f noktalar\u0131n\u0131 ke\u015ffetmek! Her insan kendi yolunu kendisi mi \u00e7izer? Ya\u015fad\u0131klar\u0131m\u0131z bir sonraki daha uzak bir yol i\u00e7in<span class=\"excerpt-hellip\"> [\u2026]<\/span><\/p>\n","protected":false},"featured_media":0,"template":"","meta":{"_monsterinsights_skip_tracking":false,"_monsterinsights_sitenote_active":false,"_monsterinsights_sitenote_note":"","_monsterinsights_sitenote_category":0},"product_brand":[],"product_cat":[12291,12711],"product_tag":[],"class_list":{"0":"post-734074","1":"product","2":"type-product","3":"status-publish","5":"product_cat-edebiyat","6":"product_cat-roman-oyku","7":"pa_cilt-ciltsiz","8":"pa_tur-kitap","9":"pa_yayinevi-perseus","10":"pa_yazar-begum-firat","12":"first","13":"instock","14":"sale","15":"shipping-taxable","16":"purchasable","17":"product-type-simple"},"_links":{"self":[{"href":"https:\/\/roveyayinevi.com.tr\/index.php\/wp-json\/wp\/v2\/product\/734074","targetHints":{"allow":["GET"]}}],"collection":[{"href":"https:\/\/roveyayinevi.com.tr\/index.php\/wp-json\/wp\/v2\/product"}],"about":[{"href":"https:\/\/roveyayinevi.com.tr\/index.php\/wp-json\/wp\/v2\/types\/product"}],"wp:attachment":[{"href":"https:\/\/roveyayinevi.com.tr\/index.php\/wp-json\/wp\/v2\/media?parent=734074"}],"wp:term":[{"taxonomy":"product_brand","embeddable":true,"href":"https:\/\/roveyayinevi.com.tr\/index.php\/wp-json\/wp\/v2\/product_brand?post=734074"},{"taxonomy":"product_cat","embeddable":true,"href":"https:\/\/roveyayinevi.com.tr\/index.php\/wp-json\/wp\/v2\/product_cat?post=734074"},{"taxonomy":"product_tag","embeddable":true,"href":"https:\/\/roveyayinevi.com.tr\/index.php\/wp-json\/wp\/v2\/product_tag?post=734074"}],"curies":[{"name":"wp","href":"https:\/\/api.w.org\/{rel}","templated":true}]}}