{"id":734073,"date":"2025-08-27T22:21:41","date_gmt":"2025-08-27T19:21:41","guid":{"rendered":"https:\/\/roveyayinevi.com.tr\/index.php\/urun\/raphael\/"},"modified":"2026-04-16T02:41:57","modified_gmt":"2026-04-15T23:41:57","slug":"raphael","status":"publish","type":"product","link":"https:\/\/roveyayinevi.com.tr\/index.php\/urun\/raphael\/","title":{"rendered":"Raphael"},"content":{"rendered":"<p>\u00d6l\u00fcms\u00fcz sava\u015f her ge\u00e7en g\u00fcn daha fazla b\u00fcy\u00fcrken\u2026   Ve \u015fimdi yeni bir melek, \u0131\u015f\u0131\u011f\u0131n\u0131n g\u00fcc\u00fcyle karanl\u0131\u011fa meydan okumaya ba\u015flad\u0131.   \u00d6l\u00fcms\u00fcz sonsuz sava\u015f ve sonsuz karanl\u0131k sona erdi\u011finde \u00f6l\u00fcms\u00fczl\u00fckte bulu\u015fan bu iki melek, \u00f6l\u00fcms\u00fcz a\u015fka sahip olabilecekler miydi?   Kaderlerinde yaz\u0131lm\u0131\u015f olan a\u015fk i\u00e7in nelerden vazge\u00e7ebileceklerdi? Ve vazge\u00e7tikleri anda onlar\u0131 neler bekliyordu?   Raphael i\u00e7in a\u015fk, fedak\u00e2rl\u0131kt\u0131, sevdi\u011fi i\u00e7in her \u015feyi g\u00f6ze almaya g\u00f6n\u00fcll\u00fcyd\u00fc, \u00e7\u00fcnk\u00fc yolun sonunda cennetti vadeden mele\u011fi vard\u0131.   A\u015fk\u0131 i\u00e7in sava\u015fan bir adam ne kadar ileri gidebilirdi? Peki ya sen a\u015fk\u0131n i\u00e7in neleri g\u00f6ze alabilirsin?   Sizi harika bir a\u015fk ser\u00fcvenine s\u00fcr\u00fckleyen bu kitapla, kendinizi kahramanlar\u0131n yerine koyarak ayn\u0131 heyecanlar\u0131 ya\u015fayaca\u011f\u0131n\u0131z, mucizev\u00ee bir a\u015fka, kanatlar\u0131n\u0131z\u0131 ve ruhunuzu a\u00e7maya haz\u0131r m\u0131s\u0131n\u0131z?<\/p>\n","protected":false},"excerpt":{"rendered":"<p>\u00d6l\u00fcms\u00fcz sava\u015f her ge\u00e7en g\u00fcn daha fazla b\u00fcy\u00fcrken\u2026 Ve \u015fimdi yeni bir melek, \u0131\u015f\u0131\u011f\u0131n\u0131n g\u00fcc\u00fcyle karanl\u0131\u011fa meydan okumaya ba\u015flad\u0131. \u00d6l\u00fcms\u00fcz sonsuz sava\u015f ve sonsuz karanl\u0131k sona<span class=\"excerpt-hellip\"> [\u2026]<\/span><\/p>\n","protected":false},"featured_media":0,"template":"","meta":{"_monsterinsights_skip_tracking":false,"_monsterinsights_sitenote_active":false,"_monsterinsights_sitenote_note":"","_monsterinsights_sitenote_category":0},"product_brand":[],"product_cat":[12291,14777],"product_tag":[],"class_list":{"0":"post-734073","1":"product","2":"type-product","3":"status-publish","5":"product_cat-edebiyat","6":"product_cat-fantastik","7":"pa_cilt-ciltsiz","8":"pa_tur-kitap","9":"pa_yayinevi-perseus","10":"pa_yazar-ece-cinler","12":"first","13":"instock","14":"sale","15":"shipping-taxable","16":"purchasable","17":"product-type-simple"},"_links":{"self":[{"href":"https:\/\/roveyayinevi.com.tr\/index.php\/wp-json\/wp\/v2\/product\/734073","targetHints":{"allow":["GET"]}}],"collection":[{"href":"https:\/\/roveyayinevi.com.tr\/index.php\/wp-json\/wp\/v2\/product"}],"about":[{"href":"https:\/\/roveyayinevi.com.tr\/index.php\/wp-json\/wp\/v2\/types\/product"}],"wp:attachment":[{"href":"https:\/\/roveyayinevi.com.tr\/index.php\/wp-json\/wp\/v2\/media?parent=734073"}],"wp:term":[{"taxonomy":"product_brand","embeddable":true,"href":"https:\/\/roveyayinevi.com.tr\/index.php\/wp-json\/wp\/v2\/product_brand?post=734073"},{"taxonomy":"product_cat","embeddable":true,"href":"https:\/\/roveyayinevi.com.tr\/index.php\/wp-json\/wp\/v2\/product_cat?post=734073"},{"taxonomy":"product_tag","embeddable":true,"href":"https:\/\/roveyayinevi.com.tr\/index.php\/wp-json\/wp\/v2\/product_tag?post=734073"}],"curies":[{"name":"wp","href":"https:\/\/api.w.org\/{rel}","templated":true}]}}