{"id":734072,"date":"2025-08-27T22:21:40","date_gmt":"2025-08-27T19:21:40","guid":{"rendered":"https:\/\/roveyayinevi.com.tr\/index.php\/urun\/gocun-gobeginde\/"},"modified":"2026-04-16T02:41:57","modified_gmt":"2026-04-15T23:41:57","slug":"gocun-gobeginde","status":"publish","type":"product","link":"https:\/\/roveyayinevi.com.tr\/index.php\/urun\/gocun-gobeginde\/","title":{"rendered":"G\u00f6\u00e7\u00fcn G\u00f6be\u011finde"},"content":{"rendered":"<p>Osmanl\u0131&#8217;n\u0131n Balkanlar\u2019dan \u00e7ekili\u015fi, birbirinden kanl\u0131 sava\u015flar\u0131n, y\u0131llar\u0131n, \u00e7ekilen ac\u0131lar\u0131n, kay\u0131plar\u0131n sonucu, Balkan topraklar\u0131ndan Anadolu topraklar\u0131na do\u011fru ka\u00e7\u0131n\u0131lmaz b\u00fcy\u00fck g\u00f6\u00e7\u00fcn ya\u015fanmas\u0131&#8230;Uzaktan alg\u0131lanmayan g\u00fc\u00e7l\u00fc bir haberle\u015fme, dayan\u0131\u015fma a\u011flar\u0131 i\u00e7inde, Osmanl\u0131 askerlerinin Balkanlar\u2019dan \u00e7ekili\u015fi, Mustafa Kemal&#8217;in i\u00e7inde oldu\u011fu birliklerle e\u015fg\u00fcd\u00fcml\u00fc olarak, g\u00fcvenlik ad\u0131na da aile ba\u011flar\u0131 i\u00e7inde de ger\u00e7ekle\u015ftiriliyor&#8230;As\u0131l mucize, en \u00e7ok yararlan\u0131lacaklar listesine al\u0131nm\u0131\u015f, Mustafa Kemal&#8217;in kafas\u0131nda se\u00e7ilmi\u015f ki\u015filerin, il il g\u00f6revlendirilmelerinin, sonu\u00e7ta Gazi Meclis&#8217;in a\u00e7\u0131l\u0131\u015f g\u00fcn\u00fc Ankara&#8217;da g\u00f6rev yapabilmelerini sa\u011flayacak bir takvimi i\u00e7inde \u00e7ak\u0131\u015f\u0131yor olmas\u0131nda&#8230;Birka\u00e7 ku\u015fa\u011f\u0131n, \u00e7aprazlama g\u00f6\u00e7lerin g\u00f6be\u011findeki ya\u015famlar\u0131n\u0131n belgelenmesini de getiriyor. G\u00f6\u00e7lerin gelgitlerinde, ya\u015fam\u0131m\u0131z\u0131n noktas\u0131 yok. Masal\u0131, daha do\u011frusu \u00e7ocuklu\u011fun i\u00e7inden belgeli tan\u0131kl\u0131klar\u0131 tad\u0131nda b\u0131rakmak gerek&#8230;\u015e\u00fckran Soner<\/p>\n","protected":false},"excerpt":{"rendered":"<p>Osmanl\u0131&#8217;n\u0131n Balkanlar\u2019dan \u00e7ekili\u015fi, birbirinden kanl\u0131 sava\u015flar\u0131n, y\u0131llar\u0131n, \u00e7ekilen ac\u0131lar\u0131n, kay\u0131plar\u0131n sonucu, Balkan topraklar\u0131ndan Anadolu topraklar\u0131na do\u011fru ka\u00e7\u0131n\u0131lmaz b\u00fcy\u00fck g\u00f6\u00e7\u00fcn ya\u015fanmas\u0131&#8230;Uzaktan alg\u0131lanmayan g\u00fc\u00e7l\u00fc bir haberle\u015fme, dayan\u0131\u015fma a\u011flar\u0131<span class=\"excerpt-hellip\"> [\u2026]<\/span><\/p>\n","protected":false},"featured_media":0,"template":"","meta":{"_monsterinsights_skip_tracking":false,"_monsterinsights_sitenote_active":false,"_monsterinsights_sitenote_note":"","_monsterinsights_sitenote_category":0},"product_brand":[],"product_cat":[12275,12274],"product_tag":[],"class_list":{"0":"post-734072","1":"product","2":"type-product","3":"status-publish","5":"product_cat-6-12-yas-kitaplari","6":"product_cat-cocuk-ve-genclik-kitaplari","7":"pa_cilt-ciltsiz","8":"pa_tur-kitap","9":"pa_yayinevi-cumhuriyet-kitaplari","10":"pa_yazar-sukran-soner","12":"first","13":"instock","14":"sale","15":"shipping-taxable","16":"purchasable","17":"product-type-simple"},"_links":{"self":[{"href":"https:\/\/roveyayinevi.com.tr\/index.php\/wp-json\/wp\/v2\/product\/734072","targetHints":{"allow":["GET"]}}],"collection":[{"href":"https:\/\/roveyayinevi.com.tr\/index.php\/wp-json\/wp\/v2\/product"}],"about":[{"href":"https:\/\/roveyayinevi.com.tr\/index.php\/wp-json\/wp\/v2\/types\/product"}],"wp:attachment":[{"href":"https:\/\/roveyayinevi.com.tr\/index.php\/wp-json\/wp\/v2\/media?parent=734072"}],"wp:term":[{"taxonomy":"product_brand","embeddable":true,"href":"https:\/\/roveyayinevi.com.tr\/index.php\/wp-json\/wp\/v2\/product_brand?post=734072"},{"taxonomy":"product_cat","embeddable":true,"href":"https:\/\/roveyayinevi.com.tr\/index.php\/wp-json\/wp\/v2\/product_cat?post=734072"},{"taxonomy":"product_tag","embeddable":true,"href":"https:\/\/roveyayinevi.com.tr\/index.php\/wp-json\/wp\/v2\/product_tag?post=734072"}],"curies":[{"name":"wp","href":"https:\/\/api.w.org\/{rel}","templated":true}]}}