{"id":734071,"date":"2025-08-27T22:21:39","date_gmt":"2025-08-27T19:21:39","guid":{"rendered":"https:\/\/roveyayinevi.com.tr\/index.php\/urun\/cocuklar-icin-23-nisan\/"},"modified":"2026-04-16T02:41:57","modified_gmt":"2026-04-15T23:41:57","slug":"cocuklar-icin-23-nisan","status":"publish","type":"product","link":"https:\/\/roveyayinevi.com.tr\/index.php\/urun\/cocuklar-icin-23-nisan\/","title":{"rendered":"\u00c7ocuklar \u0130\u00e7in 23 Nisan"},"content":{"rendered":"<p>Atat\u00fcrk gibi olun \u00e7ocuklar.\u00c7al\u0131\u015fkan, cesur ve yurtsever.Atat\u00fcrk gibi olun \u00e7ocuklar.Yurdumuza ve yurtta\u015f\u0131n\u0131za hizmeti,En y\u00fcce g\u00f6rev say\u0131n.Bilimin g\u00f6sterdi\u011fi yoldan gidin.Eme\u011fi en y\u00fcce de\u011fer say\u0131n.Haktan ve emekten yana olun.Haks\u0131zl\u0131\u011fa boyun e\u011fmeyin.Atat\u00fcrk gibi olun.Turan Karaka\u015f&#8217;tan \u00e7ocuklar i\u00e7in \u015fiirsel bir Atat\u00fcrk anlat\u0131m\u0131&#8230;<\/p>\n","protected":false},"excerpt":{"rendered":"<p>Atat\u00fcrk gibi olun \u00e7ocuklar.\u00c7al\u0131\u015fkan, cesur ve yurtsever.Atat\u00fcrk gibi olun \u00e7ocuklar.Yurdumuza ve yurtta\u015f\u0131n\u0131za hizmeti,En y\u00fcce g\u00f6rev say\u0131n.Bilimin g\u00f6sterdi\u011fi yoldan gidin.Eme\u011fi en y\u00fcce de\u011fer say\u0131n.Haktan ve emekten yana<span class=\"excerpt-hellip\"> [\u2026]<\/span><\/p>\n","protected":false},"featured_media":0,"template":"","meta":{"_monsterinsights_skip_tracking":false,"_monsterinsights_sitenote_active":false,"_monsterinsights_sitenote_note":"","_monsterinsights_sitenote_category":0},"product_brand":[],"product_cat":[12275,12274],"product_tag":[],"class_list":{"0":"post-734071","1":"product","2":"type-product","3":"status-publish","5":"product_cat-6-12-yas-kitaplari","6":"product_cat-cocuk-ve-genclik-kitaplari","7":"pa_cilt-ciltsiz","8":"pa_tur-kitap","9":"pa_yayinevi-cumhuriyet-kitaplari","10":"pa_yazar-turan-karakas","12":"first","13":"instock","14":"sale","15":"shipping-taxable","16":"purchasable","17":"product-type-simple"},"_links":{"self":[{"href":"https:\/\/roveyayinevi.com.tr\/index.php\/wp-json\/wp\/v2\/product\/734071","targetHints":{"allow":["GET"]}}],"collection":[{"href":"https:\/\/roveyayinevi.com.tr\/index.php\/wp-json\/wp\/v2\/product"}],"about":[{"href":"https:\/\/roveyayinevi.com.tr\/index.php\/wp-json\/wp\/v2\/types\/product"}],"wp:attachment":[{"href":"https:\/\/roveyayinevi.com.tr\/index.php\/wp-json\/wp\/v2\/media?parent=734071"}],"wp:term":[{"taxonomy":"product_brand","embeddable":true,"href":"https:\/\/roveyayinevi.com.tr\/index.php\/wp-json\/wp\/v2\/product_brand?post=734071"},{"taxonomy":"product_cat","embeddable":true,"href":"https:\/\/roveyayinevi.com.tr\/index.php\/wp-json\/wp\/v2\/product_cat?post=734071"},{"taxonomy":"product_tag","embeddable":true,"href":"https:\/\/roveyayinevi.com.tr\/index.php\/wp-json\/wp\/v2\/product_tag?post=734071"}],"curies":[{"name":"wp","href":"https:\/\/api.w.org\/{rel}","templated":true}]}}