{"id":734069,"date":"2025-08-27T22:21:38","date_gmt":"2025-08-27T19:21:38","guid":{"rendered":"https:\/\/roveyayinevi.com.tr\/index.php\/urun\/casusu-yakalamak\/"},"modified":"2026-04-16T02:41:57","modified_gmt":"2026-04-15T23:41:57","slug":"casusu-yakalamak","status":"publish","type":"product","link":"https:\/\/roveyayinevi.com.tr\/index.php\/urun\/casusu-yakalamak\/","title":{"rendered":"Casusu Yakalamak"},"content":{"rendered":"<p>Casusu Yakalamak: Kar\u015f\u0131 \u0130stihbarat Sanat\u0131\u2019nda, CIA&#8217;in eski kar\u015f\u0131 istihbarat \u015fefi James M. Olson, Amerikan halk\u0131 i\u00e7in bir uyand\u0131rma \u00e7a\u011fr\u0131s\u0131 niteli\u011finde olan ve ayn\u0131 zamanda \u00fclkesinin ulusal g\u00fcvenli\u011fini korumak i\u00e7in nas\u0131l daha iyi bir i\u015f \u00e7\u0131kar\u0131labilece\u011fi konusunda meslek s\u0131rlar\u0131n\u0131 payla\u015fmaktad\u0131r. Olson, okuyucuyu CIA&#8217;deki otuz y\u0131ll\u0131k kariyeri boyunca deneyimledi\u011fi kar\u015f\u0131 istihbarat\u0131n gizemli d\u00fcnyas\u0131na g\u00f6t\u00fcrmektedir. \u00c7in, Rus ve K\u00fcba casus servislerinin Amerika Birle\u015fik Devletleri&#8217;ne ne yapt\u0131\u011f\u0131na dair bir genel bak\u0131\u015f\u0131n ard\u0131ndan, kar\u015f\u0131 istihbarat ilkelerinin ve y\u00f6ntemlerinin esas\u0131n\u0131 a\u00e7\u0131klamaktad\u0131r. Bu kitapta okuyucular, kar\u015f\u0131 istihbarat\u0131n \u00e7ifte ajanl\u0131 operasyonlar\u0131 ve g\u00f6zetleme gibi belirli y\u00f6nleri hakk\u0131nda bilgi edineceklerdir. Ayr\u0131ca kitapta, insanlar\u0131n neden \u00fclkelerine kar\u015f\u0131 casusluk faaliyetleri y\u00fcr\u00fctt\u00fc\u011f\u00fcn\u00fc ve bunun ard\u0131ndaki ticareti a\u00e7\u0131klayarak kar\u015f\u0131 istihbarat\u0131n nerede bozuldu\u011funu veya ba\u015far\u0131l\u0131 oldu\u011funu g\u00f6stermek i\u00e7in on iki ger\u00e7ek vaka \u00e7al\u0131\u015fmas\u0131n\u0131 analiz etmektedir. <\/p>\n","protected":false},"excerpt":{"rendered":"<p>Casusu Yakalamak: Kar\u015f\u0131 \u0130stihbarat Sanat\u0131\u2019nda, CIA&#8217;in eski kar\u015f\u0131 istihbarat \u015fefi James M. Olson, Amerikan halk\u0131 i\u00e7in bir uyand\u0131rma \u00e7a\u011fr\u0131s\u0131 niteli\u011finde olan ve ayn\u0131 zamanda \u00fclkesinin ulusal<span class=\"excerpt-hellip\"> [\u2026]<\/span><\/p>\n","protected":false},"featured_media":0,"template":"","meta":{"_monsterinsights_skip_tracking":false,"_monsterinsights_sitenote_active":false,"_monsterinsights_sitenote_note":"","_monsterinsights_sitenote_category":0},"product_brand":[],"product_cat":[13590,12337],"product_tag":[],"class_list":{"0":"post-734069","1":"product","2":"type-product","3":"status-publish","5":"product_cat-arastirma-inceleme-politika-siyaset","6":"product_cat-politika-siyaset","7":"pa_cilt-ciltsiz","8":"pa_tur-kitap","9":"pa_yayinevi-yeditepe-yayinevi","10":"pa_yazar-james-m-olson","12":"first","13":"instock","14":"sale","15":"shipping-taxable","16":"purchasable","17":"product-type-simple"},"_links":{"self":[{"href":"https:\/\/roveyayinevi.com.tr\/index.php\/wp-json\/wp\/v2\/product\/734069","targetHints":{"allow":["GET"]}}],"collection":[{"href":"https:\/\/roveyayinevi.com.tr\/index.php\/wp-json\/wp\/v2\/product"}],"about":[{"href":"https:\/\/roveyayinevi.com.tr\/index.php\/wp-json\/wp\/v2\/types\/product"}],"wp:attachment":[{"href":"https:\/\/roveyayinevi.com.tr\/index.php\/wp-json\/wp\/v2\/media?parent=734069"}],"wp:term":[{"taxonomy":"product_brand","embeddable":true,"href":"https:\/\/roveyayinevi.com.tr\/index.php\/wp-json\/wp\/v2\/product_brand?post=734069"},{"taxonomy":"product_cat","embeddable":true,"href":"https:\/\/roveyayinevi.com.tr\/index.php\/wp-json\/wp\/v2\/product_cat?post=734069"},{"taxonomy":"product_tag","embeddable":true,"href":"https:\/\/roveyayinevi.com.tr\/index.php\/wp-json\/wp\/v2\/product_tag?post=734069"}],"curies":[{"name":"wp","href":"https:\/\/api.w.org\/{rel}","templated":true}]}}