{"id":734067,"date":"2025-08-27T22:21:36","date_gmt":"2025-08-27T19:21:36","guid":{"rendered":"https:\/\/roveyayinevi.com.tr\/index.php\/urun\/modern-dunyayi-olusturan-50-konusma\/"},"modified":"2026-04-16T02:41:57","modified_gmt":"2026-04-15T23:41:57","slug":"modern-dunyayi-olusturan-50-konusma","status":"publish","type":"product","link":"https:\/\/roveyayinevi.com.tr\/index.php\/urun\/modern-dunyayi-olusturan-50-konusma\/","title":{"rendered":"Modern D\u00fcnyay\u0131 Olu\u015fturan 50 Konu\u015fma"},"content":{"rendered":"<p>Tarih boyunca, b\u00fcy\u00fck konu\u015fmalar b\u00fcy\u00fck de\u011fi\u015fimler getirmi\u015ftir. \u015eiddete te\u015fvik eden ve kontrol sa\u011flamaktan, bar\u0131\u015f\u0131 tesis edip \u00f6zg\u00fcrl\u00fc\u011f\u00fc g\u00fcvenceye almaya kadar, hi\u00e7bir \u015fey do\u011fru yer ve zamanda, do\u011fru i\u00e7erik ve hitabetle verilen bir konu\u015fman\u0131n, saf, duygusal g\u00fcc\u00fcne sahip de\u011fildir.   Modern D\u00fcnya\u2019y\u0131 Olu\u015fturan 50 Konu\u015fma, ya\u015fad\u0131\u011f\u0131m\u0131z d\u00fcnyay\u0131 \u015fekillendiren en etkili ve k\u0131\u015fk\u0131rt\u0131c\u0131 konu\u015fmalar\u0131 bir araya getiriyor. Geni\u015f kapsaml\u0131 ve kronolojik \u015fekilde d\u00fcnyan\u0131n d\u00f6rt bir k\u00f6\u015fesinden al\u0131nan konu\u015fmalar 1908\u2019de Emmeline Pankhurst\u2019un erkeklerin, kad\u0131nlar\u0131n hayat\u0131n\u0131 geli\u015ftirmekteki ba\u015far\u0131s\u0131zl\u0131\u011f\u0131n\u0131 \u0131srarla sorgulay\u0131p onlar\u0131 haks\u0131z buldu\u011fu konu\u015fmadan ba\u015flayarak Vladimir Lenin, Albert Einstein, Fidel Castro, Nikita Kru\u015f\u00e7ev, Ernesto \u201cChe\u201d Guevara, Malcolm X, gibi isimlerin nutuklar\u0131n\u0131 i\u00e7eriyor. <\/p>\n","protected":false},"excerpt":{"rendered":"<p>Tarih boyunca, b\u00fcy\u00fck konu\u015fmalar b\u00fcy\u00fck de\u011fi\u015fimler getirmi\u015ftir. \u015eiddete te\u015fvik eden ve kontrol sa\u011flamaktan, bar\u0131\u015f\u0131 tesis edip \u00f6zg\u00fcrl\u00fc\u011f\u00fc g\u00fcvenceye almaya kadar, hi\u00e7bir \u015fey do\u011fru yer ve zamanda,<span class=\"excerpt-hellip\"> [\u2026]<\/span><\/p>\n","protected":false},"featured_media":0,"template":"","meta":{"_monsterinsights_skip_tracking":false,"_monsterinsights_sitenote_active":false,"_monsterinsights_sitenote_note":"","_monsterinsights_sitenote_category":0},"product_brand":[],"product_cat":[20039,13488],"product_tag":[],"class_list":{"0":"post-734067","1":"product","2":"type-product","3":"status-publish","5":"product_cat-kultur-tarihi","6":"product_cat-toplum-ve-insan","7":"pa_cilt-ciltsiz","8":"pa_tur-kitap","9":"pa_yayinevi-orenda","10":"pa_yazar-andrew-burnet","12":"first","13":"instock","14":"sale","15":"shipping-taxable","16":"purchasable","17":"product-type-simple"},"_links":{"self":[{"href":"https:\/\/roveyayinevi.com.tr\/index.php\/wp-json\/wp\/v2\/product\/734067","targetHints":{"allow":["GET"]}}],"collection":[{"href":"https:\/\/roveyayinevi.com.tr\/index.php\/wp-json\/wp\/v2\/product"}],"about":[{"href":"https:\/\/roveyayinevi.com.tr\/index.php\/wp-json\/wp\/v2\/types\/product"}],"wp:attachment":[{"href":"https:\/\/roveyayinevi.com.tr\/index.php\/wp-json\/wp\/v2\/media?parent=734067"}],"wp:term":[{"taxonomy":"product_brand","embeddable":true,"href":"https:\/\/roveyayinevi.com.tr\/index.php\/wp-json\/wp\/v2\/product_brand?post=734067"},{"taxonomy":"product_cat","embeddable":true,"href":"https:\/\/roveyayinevi.com.tr\/index.php\/wp-json\/wp\/v2\/product_cat?post=734067"},{"taxonomy":"product_tag","embeddable":true,"href":"https:\/\/roveyayinevi.com.tr\/index.php\/wp-json\/wp\/v2\/product_tag?post=734067"}],"curies":[{"name":"wp","href":"https:\/\/api.w.org\/{rel}","templated":true}]}}