{"id":734062,"date":"2025-08-27T22:21:30","date_gmt":"2025-08-27T19:21:30","guid":{"rendered":"https:\/\/roveyayinevi.com.tr\/index.php\/urun\/limit-1-cilt\/"},"modified":"2026-04-16T02:41:57","modified_gmt":"2026-04-15T23:41:57","slug":"limit-1-cilt","status":"publish","type":"product","link":"https:\/\/roveyayinevi.com.tr\/index.php\/urun\/limit-1-cilt\/","title":{"rendered":"Limit &#8211; 1. Cilt"},"content":{"rendered":"<p>Mizuki Konno s\u0131radan bir lise son s\u0131n\u0131f \u00f6\u011frencisi ve kendi ya\u015f\u0131ndaki di\u011fer pek \u00e7oklar\u0131 gibi \u00fcniversiteye haz\u0131rlanmakta. Okulun en g\u00f6zde ki\u015filiklerinden biri olmasa da Mizuki\u2019nin, arkada\u015flar\u0131 aras\u0131nda pop\u00fcler ve s\u0131n\u0131f\u0131n\u0131n g\u0131ptayla bak\u0131lan \u00f6\u011frencilerinden biri oldu\u011funu s\u00f6ylemek m\u00fcmk\u00fcn.   Asl\u0131nda k\u00f6t\u00fc biri de de\u011fil Mizuki ama zaman zaman, \u00e7evresindekilere tepeden bakan tav\u0131rlarla yakla\u015fabiliyor. Okul ba\u015far\u0131s\u0131 a\u00e7\u0131s\u0131ndan onunla benzer konumda bulunan ancak sosyal ili\u015fkileri daha zay\u0131f olanlarsa bu durum kar\u015f\u0131s\u0131nda pek de memnun de\u011filler.   Mizuki ve arkada\u015flar\u0131, s\u0131n\u0131f\u00e7a \u00e7\u0131kt\u0131klar\u0131 bir gezi s\u0131ras\u0131nda ciddi bir kaza ge\u00e7irdiler ve \u00f6\u011frencilerden b\u00fcy\u00fck k\u0131sm\u0131 \u00f6ld\u00fc. Geride sadece 5 ki\u015fi kald\u0131 ve onlar da hem yaral\u0131 hem de vah\u015fi do\u011fan\u0131n ortas\u0131nda bir ba\u015flar\u0131na kalm\u0131\u015f durumdalar. Ayr\u0131ca birbirlerinden de nefret ediyorlar ve bir yandan hayatta kalmaya devam ederken bir yandan da di\u011ferleri \u00fczerinde kendi tahakk\u00fcmlerini kurma \u00e7abas\u0131ndalar.   Art\u0131k yeni bir d\u00fczen ge\u00e7erli ve bundan b\u00f6yle, eski zamanlar\u0131n kurallar\u0131 i\u015fe yaramayacak!   Limit, bir grup gencin ya\u015fad\u0131\u011f\u0131 zorlu hayatta kalma m\u00fccadelesinin hik\u00e2yesi! <\/p>\n","protected":false},"excerpt":{"rendered":"<p>Mizuki Konno s\u0131radan bir lise son s\u0131n\u0131f \u00f6\u011frencisi ve kendi ya\u015f\u0131ndaki di\u011fer pek \u00e7oklar\u0131 gibi \u00fcniversiteye haz\u0131rlanmakta. Okulun en g\u00f6zde ki\u015filiklerinden biri olmasa da Mizuki\u2019nin, arkada\u015flar\u0131<span class=\"excerpt-hellip\"> [\u2026]<\/span><\/p>\n","protected":false},"featured_media":0,"template":"","meta":{"_monsterinsights_skip_tracking":false,"_monsterinsights_sitenote_active":false,"_monsterinsights_sitenote_note":"","_monsterinsights_sitenote_category":0},"product_brand":[],"product_cat":[12416,12291],"product_tag":[],"class_list":{"0":"post-734062","1":"product","2":"type-product","3":"status-publish","5":"product_cat-cizgi-roman","6":"product_cat-edebiyat","7":"pa_cilt-ciltsiz","8":"pa_tur-kitap","9":"pa_yayinevi-akil-celen-kitaplar","10":"pa_yazar-keiko-suenobu","12":"first","13":"instock","14":"sale","15":"shipping-taxable","16":"purchasable","17":"product-type-simple"},"_links":{"self":[{"href":"https:\/\/roveyayinevi.com.tr\/index.php\/wp-json\/wp\/v2\/product\/734062","targetHints":{"allow":["GET"]}}],"collection":[{"href":"https:\/\/roveyayinevi.com.tr\/index.php\/wp-json\/wp\/v2\/product"}],"about":[{"href":"https:\/\/roveyayinevi.com.tr\/index.php\/wp-json\/wp\/v2\/types\/product"}],"wp:attachment":[{"href":"https:\/\/roveyayinevi.com.tr\/index.php\/wp-json\/wp\/v2\/media?parent=734062"}],"wp:term":[{"taxonomy":"product_brand","embeddable":true,"href":"https:\/\/roveyayinevi.com.tr\/index.php\/wp-json\/wp\/v2\/product_brand?post=734062"},{"taxonomy":"product_cat","embeddable":true,"href":"https:\/\/roveyayinevi.com.tr\/index.php\/wp-json\/wp\/v2\/product_cat?post=734062"},{"taxonomy":"product_tag","embeddable":true,"href":"https:\/\/roveyayinevi.com.tr\/index.php\/wp-json\/wp\/v2\/product_tag?post=734062"}],"curies":[{"name":"wp","href":"https:\/\/api.w.org\/{rel}","templated":true}]}}