{"id":734061,"date":"2025-08-27T22:21:30","date_gmt":"2025-08-27T19:21:30","guid":{"rendered":"https:\/\/roveyayinevi.com.tr\/index.php\/urun\/aile-hayatimizda-peygamberimiz\/"},"modified":"2026-04-16T02:41:57","modified_gmt":"2026-04-15T23:41:57","slug":"aile-hayatimizda-peygamberimiz","status":"publish","type":"product","link":"https:\/\/roveyayinevi.com.tr\/index.php\/urun\/aile-hayatimizda-peygamberimiz\/","title":{"rendered":"Aile Hayat\u0131m\u0131zda Peygamberimiz"},"content":{"rendered":"<p>Mutluluk arayan herkesin en b\u00fcy\u00fck korkusu huzurlu bir yuva kuramamak de\u011fil mi?             Y\u0131k\u0131lan pek \u00e7ok evlili\u011fi duymak sizi endi\u015felendirmiyor mu?             \u00c7ocuklar\u0131n\u0131zla ileti\u015fimde s\u0131k\u0131nt\u0131lar m\u0131 ya\u015f\u0131yorsunuz?              Ailenizi mutlulu\u011fa g\u00f6t\u00fcrecek bir kitap haz\u0131rlad\u0131k.             \u201cAile Hayat\u0131nda Peygamberimiz\u201d             Bu kitap ailevi problemlerinizin \u00e7\u00f6z\u00fcm\u00fcne \u0131\u015f\u0131k tutuyor. Kalpten gelen ger\u00e7ek sevginin kilitli kap\u0131lar\u0131 nas\u0131l a\u00e7t\u0131\u011f\u0131n\u0131 g\u00f6steriyor.             Peygamberimizin hikmet ve marifet dolu aile ya\u015fam\u0131ndan kesitler sunuyor.             \u00c7ocuklar\u0131m\u0131zla ileti\u015fimde sevgi diline anlam kat\u0131yor. K\u00fc\u00e7\u00fck kalplerin b\u00fcy\u00fck d\u00fcnyalar\u0131na girmenin g\u00f6n\u00fcllerinde en g\u00fczel yeri kapman\u0131n yolunu tarif ediyor.             Okurken i\u00e7iniz huzur bulacak, sevginiz co\u015facak, hatalar\u0131n olmad\u0131\u011f\u0131 bir aile hayat\u0131n\u0131n lezzetini duyacaks\u0131n\u0131z.              Haydi \u00f6yleyse, ne duruyorsunuz?<\/p>\n","protected":false},"excerpt":{"rendered":"<p>Mutluluk arayan herkesin en b\u00fcy\u00fck korkusu huzurlu bir yuva kuramamak de\u011fil mi? Y\u0131k\u0131lan pek \u00e7ok evlili\u011fi duymak sizi endi\u015felendirmiyor mu? \u00c7ocuklar\u0131n\u0131zla ileti\u015fimde s\u0131k\u0131nt\u0131lar m\u0131 ya\u015f\u0131yorsunuz? Ailenizi<span class=\"excerpt-hellip\"> [\u2026]<\/span><\/p>\n","protected":false},"featured_media":0,"template":"","meta":{"_monsterinsights_skip_tracking":false,"_monsterinsights_sitenote_active":false,"_monsterinsights_sitenote_note":"","_monsterinsights_sitenote_category":0},"product_brand":[],"product_cat":[12718,12719,18109],"product_tag":[],"class_list":{"0":"post-734061","1":"product","2":"type-product","3":"status-publish","5":"product_cat-din","6":"product_cat-islam","7":"product_cat-islam-tarihi","8":"pa_cilt-ciltsiz","9":"pa_tur-kitap","10":"pa_yayinevi-nesil-yayinlari","11":"pa_yazar-halit-ertugrul","13":"first","14":"instock","15":"sale","16":"shipping-taxable","17":"purchasable","18":"product-type-simple"},"_links":{"self":[{"href":"https:\/\/roveyayinevi.com.tr\/index.php\/wp-json\/wp\/v2\/product\/734061","targetHints":{"allow":["GET"]}}],"collection":[{"href":"https:\/\/roveyayinevi.com.tr\/index.php\/wp-json\/wp\/v2\/product"}],"about":[{"href":"https:\/\/roveyayinevi.com.tr\/index.php\/wp-json\/wp\/v2\/types\/product"}],"wp:attachment":[{"href":"https:\/\/roveyayinevi.com.tr\/index.php\/wp-json\/wp\/v2\/media?parent=734061"}],"wp:term":[{"taxonomy":"product_brand","embeddable":true,"href":"https:\/\/roveyayinevi.com.tr\/index.php\/wp-json\/wp\/v2\/product_brand?post=734061"},{"taxonomy":"product_cat","embeddable":true,"href":"https:\/\/roveyayinevi.com.tr\/index.php\/wp-json\/wp\/v2\/product_cat?post=734061"},{"taxonomy":"product_tag","embeddable":true,"href":"https:\/\/roveyayinevi.com.tr\/index.php\/wp-json\/wp\/v2\/product_tag?post=734061"}],"curies":[{"name":"wp","href":"https:\/\/api.w.org\/{rel}","templated":true}]}}