{"id":734059,"date":"2025-08-27T22:21:27","date_gmt":"2025-08-27T19:21:27","guid":{"rendered":"https:\/\/roveyayinevi.com.tr\/index.php\/urun\/muallime-kadinlarin-hafizasi\/"},"modified":"2026-04-16T02:41:57","modified_gmt":"2026-04-15T23:41:57","slug":"muallime-kadinlarin-hafizasi","status":"publish","type":"product","link":"https:\/\/roveyayinevi.com.tr\/index.php\/urun\/muallime-kadinlarin-hafizasi\/","title":{"rendered":"Muallime &#8211; Kad\u0131nlar\u0131n Haf\u0131zas\u0131"},"content":{"rendered":"<p>Muallime\u2019de Caddebostan ile Bostanc\u0131 aras\u0131ndaki bir k\u00f6\u015fkten as\u0131r sonu Osmanl\u0131 sosyal hayat\u0131na, aile ili\u015fkilerine, e\u011fitim anlay\u0131\u015flar\u0131na do\u011fru yola \u00e7\u0131k\u0131yoruz. Erdemli bir muallimenin ba\u015f\u0131ndan ge\u00e7enleri takip ederken olaylar ve ili\u015fkiler karma\u015f\u0131kla\u015farak \u00e7e\u015fitleniyor. Gelenekle modernlik, hay\u0131rla \u015fer, kurallarla ihlaller \u0130stanbul\u2019un farkl\u0131 s\u0131n\u0131flara ait haneleriyle Kastamonu\u2019nun se\u00e7kinlerinin ve \u00e2limlerinin ortamlar\u0131ndan ge\u00e7erek bir araya geliyor. Emine Semiye, sundu\u011fu zengin ili\u015fkiler, ki\u015filer ve mek\u00e2nlar manzaras\u0131yla k\u00f6t\u00fcl\u00fc\u011f\u00fcn de\u011fi\u015ftirilemez bir nitelik olup olmad\u0131\u011f\u0131n\u0131, iyilik kap\u0131s\u0131n\u0131n herkes i\u00e7in her zaman a\u00e7\u0131k olup olamayaca\u011f\u0131n\u0131 tart\u0131\u015fmaya a\u00e7\u0131yor.<\/p>\n","protected":false},"excerpt":{"rendered":"<p>Muallime\u2019de Caddebostan ile Bostanc\u0131 aras\u0131ndaki bir k\u00f6\u015fkten as\u0131r sonu Osmanl\u0131 sosyal hayat\u0131na, aile ili\u015fkilerine, e\u011fitim anlay\u0131\u015flar\u0131na do\u011fru yola \u00e7\u0131k\u0131yoruz. Erdemli bir muallimenin ba\u015f\u0131ndan ge\u00e7enleri takip ederken<span class=\"excerpt-hellip\"> [\u2026]<\/span><\/p>\n","protected":false},"featured_media":0,"template":"","meta":{"_monsterinsights_skip_tracking":false,"_monsterinsights_sitenote_active":false,"_monsterinsights_sitenote_note":"","_monsterinsights_sitenote_category":0},"product_brand":[],"product_cat":[12291,12711],"product_tag":[],"class_list":{"0":"post-734059","1":"product","2":"type-product","3":"status-publish","5":"product_cat-edebiyat","6":"product_cat-roman-oyku","7":"pa_cilt-ciltsiz","8":"pa_tur-kitap","9":"pa_yayinevi-turkuvaz-kitap","10":"pa_yazar-emine-semiyye","12":"first","13":"instock","14":"sale","15":"shipping-taxable","16":"purchasable","17":"product-type-simple"},"_links":{"self":[{"href":"https:\/\/roveyayinevi.com.tr\/index.php\/wp-json\/wp\/v2\/product\/734059","targetHints":{"allow":["GET"]}}],"collection":[{"href":"https:\/\/roveyayinevi.com.tr\/index.php\/wp-json\/wp\/v2\/product"}],"about":[{"href":"https:\/\/roveyayinevi.com.tr\/index.php\/wp-json\/wp\/v2\/types\/product"}],"wp:attachment":[{"href":"https:\/\/roveyayinevi.com.tr\/index.php\/wp-json\/wp\/v2\/media?parent=734059"}],"wp:term":[{"taxonomy":"product_brand","embeddable":true,"href":"https:\/\/roveyayinevi.com.tr\/index.php\/wp-json\/wp\/v2\/product_brand?post=734059"},{"taxonomy":"product_cat","embeddable":true,"href":"https:\/\/roveyayinevi.com.tr\/index.php\/wp-json\/wp\/v2\/product_cat?post=734059"},{"taxonomy":"product_tag","embeddable":true,"href":"https:\/\/roveyayinevi.com.tr\/index.php\/wp-json\/wp\/v2\/product_tag?post=734059"}],"curies":[{"name":"wp","href":"https:\/\/api.w.org\/{rel}","templated":true}]}}