{"id":734057,"date":"2025-08-27T22:21:25","date_gmt":"2025-08-27T19:21:25","guid":{"rendered":"https:\/\/roveyayinevi.com.tr\/index.php\/urun\/muzik-yetenek-sinavlarina-hazirlik\/"},"modified":"2026-04-16T02:41:57","modified_gmt":"2026-04-15T23:41:57","slug":"muzik-yetenek-sinavlarina-hazirlik","status":"publish","type":"product","link":"https:\/\/roveyayinevi.com.tr\/index.php\/urun\/muzik-yetenek-sinavlarina-hazirlik\/","title":{"rendered":"M\u00fczik Yetenek S\u0131navlar\u0131na Haz\u0131rl\u0131k"},"content":{"rendered":"<p>Ezgi ve ritim tekrar\u0131 g\u00fcnl\u00fck hayat\u0131m\u0131z\u0131n \u00f6nemli bir par\u00e7as\u0131 olmas\u0131na kar\u015f\u0131n m\u00fczik yetenek s\u0131navlar\u0131na haz\u0131rlanan \u00f6\u011frenciler i\u00e7in genellikle korkulan bir durumdur. Yetenek s\u0131navlar\u0131na haz\u0131rlanan \u00f6\u011frencilerin bir\u00e7o\u011fu ezgi ve ritim tekrar\u0131 sorular\u0131n\u0131 cevaplarken zorlanmakta, kayg\u0131ya kap\u0131lmakta ve bir\u00e7o\u011fu sonu\u00e7ta ba\u015far\u0131s\u0131z olmaktad\u0131r. \u0130\u015fte bu kitap y\u0131llar\u0131n deneyimiyle ve ba\u015far\u0131s\u0131 test edilerek m\u00fczik yetenek s\u0131navlar\u0131na haz\u0131rlanan \u00f6\u011frencilerin d\u00fczenli ve sistemli bir \u00e7al\u0131\u015fma yapabilmeleri i\u00e7in haz\u0131rlanm\u0131\u015ft\u0131r.   M\u00fczik Yetenek S\u0131navlar\u0131na Haz\u0131rl\u0131k kitab\u0131n\u0131 di\u011ferlerinden ay\u0131ran en \u00f6nemli \u00f6zelli\u011fi sadece ezgi ve ritim tekrar\u0131 konular\u0131na odaklanarak haz\u0131rlanm\u0131\u015f olmas\u0131d\u0131r. Kitapta yer verilen konular \u00f6\u011frencilerin en basit haliyle anlayaca\u011f\u0131 \u015fekilde kurgulanm\u0131\u015ft\u0131r. En basitten ba\u015flanarak yap\u0131lan solfej ve ritmik okuma \u00e7al\u0131\u015fmalar\u0131 hi\u00e7bir bilgisi olmayan \u00f6\u011frencilerin bile ilk \u00e7al\u0131\u015fmadan itibaren nota okumas\u0131n\u0131 geli\u015ftirmesine olanak sa\u011flamaktad\u0131r. Kitap bununla birlikte \u00e7e\u015fitli \u00e7al\u0131\u015fma y\u00f6ntemleri hakk\u0131nda ipu\u00e7lar\u0131 da vererek \u00f6\u011frencilerin ezgi ve ritim tekrar\u0131 ile ilgili motivasyonunu y\u00fckseltmeyi ama\u00e7lamaktad\u0131r. Kitapta bulunan \u00e7ok say\u0131da \u00f6rne\u011fin s\u0131navlara \u00f6\u011frenci haz\u0131rlayan bir\u00e7ok e\u011fitimciye de kaynak olaca\u011f\u0131 d\u00fc\u015f\u00fcn\u00fclmektedir. Kitab\u0131n bir di\u011fer \u00f6nemli \u00f6zelli\u011fi de \u00e7al\u0131\u015fmalar\u0131n videolarla desteklenmi\u015f olmas\u0131d\u0131r. Kullan\u0131c\u0131lar sayfalarda bulunan \u201cKarekod\u201dlar\u0131 cep telefonlar\u0131na okutularak her an her yerden kitaptaki ezgi ve ritim \u00e7al\u0131\u015fmalar\u0131na ula\u015fabilirler. B\u00f6ylelikle \u00f6\u011frencilerin kendi ba\u015flar\u0131na \u00e7al\u0131\u015fmalar\u0131na da f\u0131rsat sa\u011flanm\u0131\u015ft\u0131r.   Kitab\u0131m\u0131z\u0131n s\u0131navlara \u00f6\u011frenci haz\u0131rlayan e\u011fitimcilere ve m\u00fczik yetenek s\u0131navlar\u0131na haz\u0131rlanan \u00f6\u011frencilere yararl\u0131 olmas\u0131 dile\u011fiyle. <\/p>\n","protected":false},"excerpt":{"rendered":"<p>Ezgi ve ritim tekrar\u0131 g\u00fcnl\u00fck hayat\u0131m\u0131z\u0131n \u00f6nemli bir par\u00e7as\u0131 olmas\u0131na kar\u015f\u0131n m\u00fczik yetenek s\u0131navlar\u0131na haz\u0131rlanan \u00f6\u011frenciler i\u00e7in genellikle korkulan bir durumdur. Yetenek s\u0131navlar\u0131na haz\u0131rlanan \u00f6\u011frencilerin bir\u00e7o\u011fu<span class=\"excerpt-hellip\"> [\u2026]<\/span><\/p>\n","protected":false},"featured_media":0,"template":"","meta":{"_monsterinsights_skip_tracking":false,"_monsterinsights_sitenote_active":false,"_monsterinsights_sitenote_note":"","_monsterinsights_sitenote_category":0},"product_brand":[],"product_cat":[14556,20810],"product_tag":[],"class_list":{"0":"post-734057","1":"product","2":"type-product","3":"status-publish","5":"product_cat-muzik","6":"product_cat-ogrenim-kitaplari","7":"pa_cilt-ciltsiz","8":"pa_tur-kitap","9":"pa_yayinevi-muzik-egitimi-yayinlari","10":"pa_yazar-osman-oksuzoglu","12":"first","13":"instock","14":"sale","15":"shipping-taxable","16":"purchasable","17":"product-type-simple"},"_links":{"self":[{"href":"https:\/\/roveyayinevi.com.tr\/index.php\/wp-json\/wp\/v2\/product\/734057","targetHints":{"allow":["GET"]}}],"collection":[{"href":"https:\/\/roveyayinevi.com.tr\/index.php\/wp-json\/wp\/v2\/product"}],"about":[{"href":"https:\/\/roveyayinevi.com.tr\/index.php\/wp-json\/wp\/v2\/types\/product"}],"wp:attachment":[{"href":"https:\/\/roveyayinevi.com.tr\/index.php\/wp-json\/wp\/v2\/media?parent=734057"}],"wp:term":[{"taxonomy":"product_brand","embeddable":true,"href":"https:\/\/roveyayinevi.com.tr\/index.php\/wp-json\/wp\/v2\/product_brand?post=734057"},{"taxonomy":"product_cat","embeddable":true,"href":"https:\/\/roveyayinevi.com.tr\/index.php\/wp-json\/wp\/v2\/product_cat?post=734057"},{"taxonomy":"product_tag","embeddable":true,"href":"https:\/\/roveyayinevi.com.tr\/index.php\/wp-json\/wp\/v2\/product_tag?post=734057"}],"curies":[{"name":"wp","href":"https:\/\/api.w.org\/{rel}","templated":true}]}}