{"id":734056,"date":"2025-08-27T22:21:25","date_gmt":"2025-08-27T19:21:25","guid":{"rendered":"https:\/\/roveyayinevi.com.tr\/index.php\/urun\/piyano-icin-19-parca\/"},"modified":"2026-04-16T02:41:57","modified_gmt":"2026-04-15T23:41:57","slug":"piyano-icin-19-parca","status":"publish","type":"product","link":"https:\/\/roveyayinevi.com.tr\/index.php\/urun\/piyano-icin-19-parca\/","title":{"rendered":"Piyano \u0130\u00e7in 19 Par\u00e7a"},"content":{"rendered":"<p>\u201cPiyano i\u00e7in 19 Par\u00e7a\u201d alb\u00fcm\u00fc; bestecinin 2020-2021 y\u0131llar\u0131n\u0131 kapsayan ve d\u00fcnyam\u0131z\u0131 derinden etkileyen Covid-19 salg\u0131n\u0131 s\u00fcrecinde ya\u015famsal k\u0131s\u0131tlamalar\u0131n getirdi\u011fi bekleme evresinde piyano ba\u015f\u0131nda ge\u00e7irdi\u011fi d\u00f6neme ait eserleri bar\u0131nd\u0131rmaktad\u0131r. Kitapta d\u00fcnya literat\u00fcr\u00fcnde yer alabilecek ve \u00fclkemizde piyano e\u011fitimi veren sanat kurumlar\u0131na katk\u0131 sa\u011flayabilecek, \u00e7al\u0131nabilme kolayl\u0131\u011f\u0131 bulunan; pentatonik, modal, tampere ve ton d\u0131\u015f\u0131 ses dizinlerini i\u00e7eren 19 par\u00e7a bulunmaktad\u0131r. Eserlerin video\/ses kay\u0131tlar\u0131na kitab\u0131n k\u00fcnyesinde bulunan karekod arac\u0131l\u0131\u011f\u0131yla ula\u015fabilirsiniz. Bestecinin stil \u00f6zelli\u011fine uygun ve \u00e7al\u0131c\u0131n\u0131n hayal g\u00fcc\u00fcn\u00fc destekleyici nitelikteki bu par\u00e7alar, dinleyici i\u00e7in uygun duyumsamalar\u0131 da bar\u0131nd\u0131rmaktad\u0131r. Bu alb\u00fcm\u00fcn \u00fclkemizin ve b\u00fct\u00fcn d\u00fcnya toplumlar\u0131n\u0131n sanat sahas\u0131na katk\u0131 sa\u011flamas\u0131 dile\u011fiyle&#8230;19 Pieces for Piano: There are 19 pieces that can contribute to the art institutions that give piano education in our country, also includes pentatonic, modal, tampered and non-tonal sound sequences, which can be played in the world literature, and easily played. These are the compositions of the artist while he is in in the waiting phase-  covering the years 2020\/2021 &#8211; brought by the vital restrictions in the Covid pandemic (epidemic) process, which deeply affected our world. The pieces, which are suitable for the composer&#8217;s style and support the imagination of the performer, also contain appropriate sensations for the listener. You can listen video\/audio records of pieces by the way of data image in tag page. With the hope that this album will contribute to our country and all the world societies in the field of art. <\/p>\n","protected":false},"excerpt":{"rendered":"<p>\u201cPiyano i\u00e7in 19 Par\u00e7a\u201d alb\u00fcm\u00fc; bestecinin 2020-2021 y\u0131llar\u0131n\u0131 kapsayan ve d\u00fcnyam\u0131z\u0131 derinden etkileyen Covid-19 salg\u0131n\u0131 s\u00fcrecinde ya\u015famsal k\u0131s\u0131tlamalar\u0131n getirdi\u011fi bekleme evresinde piyano ba\u015f\u0131nda ge\u00e7irdi\u011fi d\u00f6neme ait<span class=\"excerpt-hellip\"> [\u2026]<\/span><\/p>\n","protected":false},"featured_media":0,"template":"","meta":{"_monsterinsights_skip_tracking":false,"_monsterinsights_sitenote_active":false,"_monsterinsights_sitenote_note":"","_monsterinsights_sitenote_category":0},"product_brand":[],"product_cat":[14556,14557],"product_tag":[],"class_list":{"0":"post-734056","1":"product","2":"type-product","3":"status-publish","5":"product_cat-muzik","6":"product_cat-nota-kitaplari","7":"pa_cilt-ciltsiz","8":"pa_tur-kitap","9":"pa_yayinevi-muzik-egitimi-yayinlari","10":"pa_yazar-i-soner-erdem","12":"first","13":"instock","14":"sale","15":"shipping-taxable","16":"purchasable","17":"product-type-simple"},"_links":{"self":[{"href":"https:\/\/roveyayinevi.com.tr\/index.php\/wp-json\/wp\/v2\/product\/734056","targetHints":{"allow":["GET"]}}],"collection":[{"href":"https:\/\/roveyayinevi.com.tr\/index.php\/wp-json\/wp\/v2\/product"}],"about":[{"href":"https:\/\/roveyayinevi.com.tr\/index.php\/wp-json\/wp\/v2\/types\/product"}],"wp:attachment":[{"href":"https:\/\/roveyayinevi.com.tr\/index.php\/wp-json\/wp\/v2\/media?parent=734056"}],"wp:term":[{"taxonomy":"product_brand","embeddable":true,"href":"https:\/\/roveyayinevi.com.tr\/index.php\/wp-json\/wp\/v2\/product_brand?post=734056"},{"taxonomy":"product_cat","embeddable":true,"href":"https:\/\/roveyayinevi.com.tr\/index.php\/wp-json\/wp\/v2\/product_cat?post=734056"},{"taxonomy":"product_tag","embeddable":true,"href":"https:\/\/roveyayinevi.com.tr\/index.php\/wp-json\/wp\/v2\/product_tag?post=734056"}],"curies":[{"name":"wp","href":"https:\/\/api.w.org\/{rel}","templated":true}]}}