{"id":734055,"date":"2025-08-27T22:21:24","date_gmt":"2025-08-27T19:21:24","guid":{"rendered":"https:\/\/roveyayinevi.com.tr\/index.php\/urun\/sorular-ve-alistirmalarla-muzik-kuramlari\/"},"modified":"2026-04-16T02:41:57","modified_gmt":"2026-04-15T23:41:57","slug":"sorular-ve-alistirmalarla-muzik-kuramlari","status":"publish","type":"product","link":"https:\/\/roveyayinevi.com.tr\/index.php\/urun\/sorular-ve-alistirmalarla-muzik-kuramlari\/","title":{"rendered":"Sorular Ve Al\u0131\u015ft\u0131rmalarla M\u00fczik Kuramlar\u0131"},"content":{"rendered":"<p>Bu kitap, \u00f6\u011fretmenlerin; g\u00fczel sanatlar liseleri, askeri bando okullar\u0131, konservatuvarlar, bilim ve sanat merkezleri, g\u00fczel sanatlar fak\u00fclteleri, m\u00fczik \u00f6\u011fretmenli\u011fi gibi b\u00f6l\u00fcmlerde e\u011fitim alanlar\u0131n ve bu okullara haz\u0131rlananlar ile amat\u00f6r olarak m\u00fczikle ilgilenenlerin de yararlanabilece\u011fi bir kaynak olarak tasarlanm\u0131\u015ft\u0131r. Konular basitten karma\u015f\u0131\u011fa, sorular ise kolaydan zora do\u011fru s\u0131ralanm\u0131\u015f ve s\u0131nay\u0131c\u0131 olmaktan \u00e7ok \u00f6\u011fretici olarak haz\u0131rlanm\u0131\u015ft\u0131r. Kitapta yer alan b\u00f6l\u00fcm ba\u015fl\u0131klar\u0131 a\u015fa\u011f\u0131daki gibidir. \u2022          Temel M\u00fczik Yaz\u0131 ve \u00d6geleri \u2022          Diyatonik, Kromatik, Enarmonik Sesler ve Aral\u0131klar \u2022          Tonalite \u2022          Akorlar \u2022          Armoni \u2022          M\u00fczik Bi\u00e7imleri \u2022          N\u00fcans, Tempo, S\u00fcsleme, Artik\u00fclasyon, Dinamikler \u2022          Genel Test ve Cevap Anahtar\u0131 Temel m\u00fczik bilgilerini \u00f6\u011fretirken sorgulayan, sorgularken \u00f6\u011freten, \u00e7oktan se\u00e7meli cevap y\u00f6ntemiyle bilgiye ula\u015fmaya zorlayan, kal\u0131c\u0131 peki\u015fmeyi sa\u011flayacak bir yakla\u015f\u0131mla olu\u015fturulmu\u015f bu g\u00fczel \u00e7al\u0131\u015fman\u0131n; m\u00fczi\u011fin temel \u00f6gelerini etkili bir bi\u00e7imde, m\u00fczi\u011fe yeni ba\u015flayacak, gereksinimi olan ve m\u00fczik ile ilgilenen herkese yararl\u0131 olmas\u0131n\u0131 diliyorum. \u00dclkemizin m\u00fczik e\u011fitimcileri, b\u00fcy\u00fck bir heyecan ve sorumlulukla, Atat\u00fcrk\u2019 \u00fcn g\u00f6sterdi\u011fi hedefler do\u011frultusunda g\u00f6revlerini yerine getirmektedirler. De\u011ferli m\u00fczik e\u011fitimcisi Ahmet Demir, bu \u00e7al\u0131\u015fmas\u0131yla mesle\u011fe olan hizmet heyecan\u0131n\u0131 ve birikimini, m\u00fczik e\u011fitimine sunmu\u015ftur. Ahmet Demir\u2019i kutluyor ve ona te\u015fekk\u00fcr ediyorum. T\u00fcm m\u00fczik e\u011fitimcilerine sevgi ve sayg\u0131lar\u0131mla. Yal\u00e7\u0131n \u0130MAN &#8211; Emekli Opera Sanat\u00e7\u0131s\u0131, M\u00fczik E\u011fitimcisi <\/p>\n","protected":false},"excerpt":{"rendered":"<p>Bu kitap, \u00f6\u011fretmenlerin; g\u00fczel sanatlar liseleri, askeri bando okullar\u0131, konservatuvarlar, bilim ve sanat merkezleri, g\u00fczel sanatlar fak\u00fclteleri, m\u00fczik \u00f6\u011fretmenli\u011fi gibi b\u00f6l\u00fcmlerde e\u011fitim alanlar\u0131n ve bu okullara<span class=\"excerpt-hellip\"> [\u2026]<\/span><\/p>\n","protected":false},"featured_media":0,"template":"","meta":{"_monsterinsights_skip_tracking":false,"_monsterinsights_sitenote_active":false,"_monsterinsights_sitenote_note":"","_monsterinsights_sitenote_category":0},"product_brand":[],"product_cat":[14591,14556],"product_tag":[],"class_list":{"0":"post-734055","1":"product","2":"type-product","3":"status-publish","5":"product_cat-genel-kavramlar-kuram-ve-tarihce","6":"product_cat-muzik","7":"pa_cilt-ciltsiz","8":"pa_tur-kitap","9":"pa_yayinevi-muzik-egitimi-yayinlari","10":"pa_yazar-ahmet-demir","12":"first","13":"instock","14":"sale","15":"shipping-taxable","16":"purchasable","17":"product-type-simple"},"_links":{"self":[{"href":"https:\/\/roveyayinevi.com.tr\/index.php\/wp-json\/wp\/v2\/product\/734055","targetHints":{"allow":["GET"]}}],"collection":[{"href":"https:\/\/roveyayinevi.com.tr\/index.php\/wp-json\/wp\/v2\/product"}],"about":[{"href":"https:\/\/roveyayinevi.com.tr\/index.php\/wp-json\/wp\/v2\/types\/product"}],"wp:attachment":[{"href":"https:\/\/roveyayinevi.com.tr\/index.php\/wp-json\/wp\/v2\/media?parent=734055"}],"wp:term":[{"taxonomy":"product_brand","embeddable":true,"href":"https:\/\/roveyayinevi.com.tr\/index.php\/wp-json\/wp\/v2\/product_brand?post=734055"},{"taxonomy":"product_cat","embeddable":true,"href":"https:\/\/roveyayinevi.com.tr\/index.php\/wp-json\/wp\/v2\/product_cat?post=734055"},{"taxonomy":"product_tag","embeddable":true,"href":"https:\/\/roveyayinevi.com.tr\/index.php\/wp-json\/wp\/v2\/product_tag?post=734055"}],"curies":[{"name":"wp","href":"https:\/\/api.w.org\/{rel}","templated":true}]}}