{"id":734054,"date":"2025-08-27T22:21:23","date_gmt":"2025-08-27T19:21:23","guid":{"rendered":"https:\/\/roveyayinevi.com.tr\/index.php\/urun\/siir-denizinde-bir-sandal\/"},"modified":"2026-04-16T02:41:57","modified_gmt":"2026-04-15T23:41:57","slug":"siir-denizinde-bir-sandal","status":"publish","type":"product","link":"https:\/\/roveyayinevi.com.tr\/index.php\/urun\/siir-denizinde-bir-sandal\/","title":{"rendered":"\u015eiir Denizinde Bir Sandal"},"content":{"rendered":"<p>Bu \u015fiir kitab\u0131m\u0131, kitap \u00e7\u0131kartma hususunda te\u015fvik ve katk\u0131lar\u0131n\u0131 g\u00f6rd\u00fc\u011f\u00fcm \u015fiir Dostlar\u0131na, t\u00fcm Karde\u015flerime, t\u00fcm Hem\u015fehrilerime arma\u011fan ediyorum. Rabbim kendilerinden raz\u0131 ve memnun olsun. Bu kitap, ayn\u0131 isimli eserimin ikinci bask\u0131s\u0131d\u0131r. Yeni bask\u0131da baz\u0131 \u015fiirler \u00e7\u0131kart\u0131lm\u0131\u015f, baz\u0131 yeni \u015fiirlere yer verilmi\u015ftir. Haydi hay\u0131rl\u0131s\u0131.   \u015e\u0130\u0130R DEN\u0130Z\u0130NDE B\u0130R SANDAL \u015eiir Denizinde bir garip Sandal\u2019\u0131m. \u0130lim ve hikmet tutunacak tek dal\u0131m. \u0130yilik ve do\u011fruluk olsun ahvalim. \u0130\u015fte b\u00f6yle varmak isterim menzile.   \u0130mtihan i\u00e7in g\u00f6nderildik cihana. \u00c7al\u0131\u015f-\u00e7abala, arama bahane. Allah\u2019\u0131n izniyle var\u0131rs\u0131n limana. Yolun a\u00e7\u0131kt\u0131r, haydi git g\u00fcle g\u00fcle.   Ufuklara ula\u015fmaya var m\u0131s\u0131n? Ta en uzaklara do\u011fru ka\u00e7ar m\u0131s\u0131n? \u0130yili\u011fi, do\u011frulu\u011fu sarar m\u0131s\u0131n? Dua et, iste, Y\u00fcce Rabbimden dile.   Bedenim \u00f6l\u00fcml\u00fc, ruhuma \u00f6l\u00fcm yok. Hakk\u0131 g\u00f6rmek istersen emaresi \u00e7ok. Kimi a\u00e7, kimi de bo\u011faz\u0131na dek tok. D\u00fcnya dedi\u011fin nedir, sab\u0131r ve \u00e7ile.   Haydi Ey Ahmet yaz, haydi Ey Sandal y\u00fcz. Hi\u00e7 bo\u015f durma, sabah-ak\u015fam, gece-g\u00fcnd\u00fcz. Ya\u015f\u0131n olsa da doksan dokuz ve y\u00fcz. Ecel g\u00fcn\u00fc selam verirsin Azrail\u2019e.   Yunus gibi gariplerden, Ahmet\u2019tenim. G\u00f6rd\u00fc\u011f\u00fcn\u00fcz gibi kemik ve ettenim. Bir g\u00fcn toprak olur bu bedenim, tenim. Sevenler unutmaz, y\u0131llar ge\u00e7se bile. Sevenler unutmaz, y\u0131llar ge\u00e7se bile. <\/p>\n","protected":false},"excerpt":{"rendered":"<p>Bu \u015fiir kitab\u0131m\u0131, kitap \u00e7\u0131kartma hususunda te\u015fvik ve katk\u0131lar\u0131n\u0131 g\u00f6rd\u00fc\u011f\u00fcm \u015fiir Dostlar\u0131na, t\u00fcm Karde\u015flerime, t\u00fcm Hem\u015fehrilerime arma\u011fan ediyorum. Rabbim kendilerinden raz\u0131 ve memnun olsun. Bu kitap,<span class=\"excerpt-hellip\"> [\u2026]<\/span><\/p>\n","protected":false},"featured_media":0,"template":"","meta":{"_monsterinsights_skip_tracking":false,"_monsterinsights_sitenote_active":false,"_monsterinsights_sitenote_note":"","_monsterinsights_sitenote_category":0},"product_brand":[],"product_cat":[12291,12509],"product_tag":[],"class_list":{"0":"post-734054","1":"product","2":"type-product","3":"status-publish","5":"product_cat-edebiyat","6":"product_cat-siir","7":"pa_cilt-ciltsiz","8":"pa_tur-kitap","9":"pa_yayinevi-gulnar-yayinlari","10":"pa_yazar-ahmet-sandal","12":"first","13":"instock","14":"sale","15":"shipping-taxable","16":"purchasable","17":"product-type-simple"},"_links":{"self":[{"href":"https:\/\/roveyayinevi.com.tr\/index.php\/wp-json\/wp\/v2\/product\/734054","targetHints":{"allow":["GET"]}}],"collection":[{"href":"https:\/\/roveyayinevi.com.tr\/index.php\/wp-json\/wp\/v2\/product"}],"about":[{"href":"https:\/\/roveyayinevi.com.tr\/index.php\/wp-json\/wp\/v2\/types\/product"}],"wp:attachment":[{"href":"https:\/\/roveyayinevi.com.tr\/index.php\/wp-json\/wp\/v2\/media?parent=734054"}],"wp:term":[{"taxonomy":"product_brand","embeddable":true,"href":"https:\/\/roveyayinevi.com.tr\/index.php\/wp-json\/wp\/v2\/product_brand?post=734054"},{"taxonomy":"product_cat","embeddable":true,"href":"https:\/\/roveyayinevi.com.tr\/index.php\/wp-json\/wp\/v2\/product_cat?post=734054"},{"taxonomy":"product_tag","embeddable":true,"href":"https:\/\/roveyayinevi.com.tr\/index.php\/wp-json\/wp\/v2\/product_tag?post=734054"}],"curies":[{"name":"wp","href":"https:\/\/api.w.org\/{rel}","templated":true}]}}