{"id":734051,"date":"2025-08-27T22:21:19","date_gmt":"2025-08-27T19:21:19","guid":{"rendered":"https:\/\/roveyayinevi.com.tr\/index.php\/urun\/dortlerin-yemini-ciltli\/"},"modified":"2026-04-16T02:41:57","modified_gmt":"2026-04-15T23:41:57","slug":"dortlerin-yemini-ciltli","status":"publish","type":"product","link":"https:\/\/roveyayinevi.com.tr\/index.php\/urun\/dortlerin-yemini-ciltli\/","title":{"rendered":"D\u00f6rtlerin Yemini (Ciltli)"},"content":{"rendered":"<p>Sir Arthur Conan Doyle\u2019un akIl y\u00fcr\u00fctme yetene\u011fi \u00e7ok g\u00fc\u00e7l\u00fc Edinburghlu bir \u00f6\u011fretmenden esinlenerek yaratt\u0131\u011f\u0131 Sherlock Holmes karakteri ilk kez 1877\u2019de yay\u0131mlanan K\u0131z\u0131l \u0130pucu\u2019nda boy g\u00f6sterdi. \u0130ngiliz edebiyat\u0131n\u0131n en canl\u0131 karakterlerinden biri olan Holmes, piposu, \u015fapkas\u0131 ve kendine \u00f6zg\u00fc giysileriyle farkl\u0131 bir dedektif olarak daha sonra pek \u00e7ok romanda okuyucunun kar\u015f\u0131s\u0131na \u00e7\u0131kt\u0131. Arkada\u015f\u0131 Dr. Watson ve d\u00fc\u015fman\u0131 Prof. Moriarty ile birlikte bir\u00e7ok filmin de kahraman\u0131 olarak \u00fcn kazand\u0131. Doyle\u2019un yazd\u0131\u011f\u0131 tarihi romanlar ve tiyatro oyunlar\u0131 Sherlock Holmes\u2019un kazand\u0131\u011f\u0131 \u00fcn\u00fcn g\u00f6lgesinde kald\u0131. D\u00f6rtlerin Yemini\u2019nde h\u0131rs ve entrikan\u0131n yol a\u00e7t\u0131\u011f\u0131 bir cinayetle d\u00fc\u011f\u00fcmlenen olaylar, Holmes\u2019un rastlant\u0131lar\u0131 birer delile \u00e7eviren g\u00f6zlem g\u00fcc\u00fc sayesinde umulmad\u0131k bir \u00e7\u00f6z\u00fcme kavu\u015fur. Doyle ilgin\u00e7 bir kurguyu ak\u0131c\u0131 bir ifade ile birle\u015ftirerek bir dedektif \u00f6yk\u00fcs\u00fcn\u00fc edebiyat\u0131n klasikleri aras\u0131na yerle\u015ftirmi\u015ftir. <\/p>\n","protected":false},"excerpt":{"rendered":"<p>Sir Arthur Conan Doyle\u2019un akIl y\u00fcr\u00fctme yetene\u011fi \u00e7ok g\u00fc\u00e7l\u00fc Edinburghlu bir \u00f6\u011fretmenden esinlenerek yaratt\u0131\u011f\u0131 Sherlock Holmes karakteri ilk kez 1877\u2019de yay\u0131mlanan K\u0131z\u0131l \u0130pucu\u2019nda boy g\u00f6sterdi. \u0130ngiliz<span class=\"excerpt-hellip\"> [\u2026]<\/span><\/p>\n","protected":false},"featured_media":0,"template":"","meta":{"_monsterinsights_skip_tracking":false,"_monsterinsights_sitenote_active":false,"_monsterinsights_sitenote_note":"","_monsterinsights_sitenote_category":0},"product_brand":[],"product_cat":[12291,26797],"product_tag":[],"class_list":{"0":"post-734051","1":"product","2":"type-product","3":"status-publish","5":"product_cat-edebiyat","6":"product_cat-modern-klasikler","7":"pa_cilt-ciltli","8":"pa_tur-kitap","9":"pa_yayinevi-is-bankasi-kultur-yayinlari","10":"pa_yazar-sir-arthur-conan-doyle","12":"first","13":"instock","14":"sale","15":"shipping-taxable","16":"purchasable","17":"product-type-simple"},"_links":{"self":[{"href":"https:\/\/roveyayinevi.com.tr\/index.php\/wp-json\/wp\/v2\/product\/734051","targetHints":{"allow":["GET"]}}],"collection":[{"href":"https:\/\/roveyayinevi.com.tr\/index.php\/wp-json\/wp\/v2\/product"}],"about":[{"href":"https:\/\/roveyayinevi.com.tr\/index.php\/wp-json\/wp\/v2\/types\/product"}],"wp:attachment":[{"href":"https:\/\/roveyayinevi.com.tr\/index.php\/wp-json\/wp\/v2\/media?parent=734051"}],"wp:term":[{"taxonomy":"product_brand","embeddable":true,"href":"https:\/\/roveyayinevi.com.tr\/index.php\/wp-json\/wp\/v2\/product_brand?post=734051"},{"taxonomy":"product_cat","embeddable":true,"href":"https:\/\/roveyayinevi.com.tr\/index.php\/wp-json\/wp\/v2\/product_cat?post=734051"},{"taxonomy":"product_tag","embeddable":true,"href":"https:\/\/roveyayinevi.com.tr\/index.php\/wp-json\/wp\/v2\/product_tag?post=734051"}],"curies":[{"name":"wp","href":"https:\/\/api.w.org\/{rel}","templated":true}]}}