{"id":734050,"date":"2025-08-27T22:21:19","date_gmt":"2025-08-27T19:21:19","guid":{"rendered":"https:\/\/roveyayinevi.com.tr\/index.php\/urun\/liderlik-ve-amac\/"},"modified":"2026-04-16T02:41:57","modified_gmt":"2026-04-15T23:41:57","slug":"liderlik-ve-amac","status":"publish","type":"product","link":"https:\/\/roveyayinevi.com.tr\/index.php\/urun\/liderlik-ve-amac\/","title":{"rendered":"Liderlik ve Ama\u00e7"},"content":{"rendered":"<p>Topluma katk\u0131 sa\u011flama d\u00fc\u015f\u00fcncesini i\u015f modellerine entegre eden \u015firketler, uzun vadede daha ba\u015far\u0131l\u0131 olmaktad\u0131r. Bu kitap size, \u015firketinizi kendi faaliyet alan\u0131nda ba\u015far\u0131l\u0131 k\u0131larken nas\u0131l toplumsal katk\u0131 da sa\u011flayabilece\u011finize dair bilgiler, ipu\u00e7lar\u0131 ve ara\u00e7lar sunmaktad\u0131r. Yazar, bu s\u00fcr\u00fckleyici kitapta vaka \u00e7al\u0131\u015fmalar\u0131n\u0131 kullanarak liderlerin yolculuklar\u0131n\u0131, elde ettikleri ba\u015far\u0131lar\u0131, yapt\u0131klar\u0131 hatalar\u0131 ve bu hatalardan ald\u0131klar\u0131 dersleri anlatmaktad\u0131r.Eser; CEO\u2019lar, \u00fcst d\u00fczey liderler ve y\u00f6neticilerin yan\u0131 s\u0131ra resm\u00ee unvan ve makamlara sahip olmayan ancak toplumsal etki g\u00fcc\u00fc y\u00fcksek ki\u015filer de d\u00e2hil olmak \u00fczere, bir\u00e7ok farkl\u0131 g\u00f6rev ve d\u00fczeydeki lider i\u00e7in rehber niteli\u011findedir.Bir kurumda ba\u015far\u0131 nas\u0131l sa\u011flan\u0131r, liderin hedefi ve amac\u0131 ne olmal\u0131d\u0131r sorular\u0131n\u0131n cevaplar\u0131n\u0131 ar\u0131yorsan\u0131z, arad\u0131\u011f\u0131n\u0131z cevaplar\u0131 bu kitapta bulacaks\u0131n\u0131z.<\/p>\n","protected":false},"excerpt":{"rendered":"<p>Topluma katk\u0131 sa\u011flama d\u00fc\u015f\u00fcncesini i\u015f modellerine entegre eden \u015firketler, uzun vadede daha ba\u015far\u0131l\u0131 olmaktad\u0131r. Bu kitap size, \u015firketinizi kendi faaliyet alan\u0131nda ba\u015far\u0131l\u0131 k\u0131larken nas\u0131l toplumsal katk\u0131<span class=\"excerpt-hellip\"> [\u2026]<\/span><\/p>\n","protected":false},"featured_media":0,"template":"","meta":{"_monsterinsights_skip_tracking":false,"_monsterinsights_sitenote_active":false,"_monsterinsights_sitenote_note":"","_monsterinsights_sitenote_category":0},"product_brand":[],"product_cat":[13043,19008],"product_tag":[],"class_list":{"0":"post-734050","1":"product","2":"type-product","3":"status-publish","5":"product_cat-ekonomi","6":"product_cat-yonetim","7":"pa_cilt-ciltsiz","8":"pa_tur-kitap","9":"pa_yayinevi-albaraka-yayinlari","10":"pa_yazar-kathleen-miller-perkins","12":"first","13":"instock","14":"sale","15":"shipping-taxable","16":"purchasable","17":"product-type-simple"},"_links":{"self":[{"href":"https:\/\/roveyayinevi.com.tr\/index.php\/wp-json\/wp\/v2\/product\/734050","targetHints":{"allow":["GET"]}}],"collection":[{"href":"https:\/\/roveyayinevi.com.tr\/index.php\/wp-json\/wp\/v2\/product"}],"about":[{"href":"https:\/\/roveyayinevi.com.tr\/index.php\/wp-json\/wp\/v2\/types\/product"}],"wp:attachment":[{"href":"https:\/\/roveyayinevi.com.tr\/index.php\/wp-json\/wp\/v2\/media?parent=734050"}],"wp:term":[{"taxonomy":"product_brand","embeddable":true,"href":"https:\/\/roveyayinevi.com.tr\/index.php\/wp-json\/wp\/v2\/product_brand?post=734050"},{"taxonomy":"product_cat","embeddable":true,"href":"https:\/\/roveyayinevi.com.tr\/index.php\/wp-json\/wp\/v2\/product_cat?post=734050"},{"taxonomy":"product_tag","embeddable":true,"href":"https:\/\/roveyayinevi.com.tr\/index.php\/wp-json\/wp\/v2\/product_tag?post=734050"}],"curies":[{"name":"wp","href":"https:\/\/api.w.org\/{rel}","templated":true}]}}