{"id":734045,"date":"2025-08-27T22:21:14","date_gmt":"2025-08-27T19:21:14","guid":{"rendered":"https:\/\/roveyayinevi.com.tr\/index.php\/urun\/sultan-berkyaruk-devri-selcuklu-tarihi\/"},"modified":"2026-04-16T02:41:57","modified_gmt":"2026-04-15T23:41:57","slug":"sultan-berkyaruk-devri-selcuklu-tarihi","status":"publish","type":"product","link":"https:\/\/roveyayinevi.com.tr\/index.php\/urun\/sultan-berkyaruk-devri-selcuklu-tarihi\/","title":{"rendered":"Sultan Berkyaruk Devri Sel\u00e7uklu Tarihi"},"content":{"rendered":"<p>Sel\u00e7uklu tarih\u00e7ileri, B\u00fcy\u00fck Sel\u00e7uklu \u0130mparatorlu\u011fu\u2019nun tarihini; Kurulu\u015f Devri (945-1040), Birinci \u0130mparatorluk Devri (1040-1092), Fetret &#8211; \u0130ntikal Devri (1092-1118) ve \u0130kinci \u0130mparatorluk Devri (1118-1157) \u015feklinde d\u00f6rt d\u00f6neme ay\u0131r\u0131rlar. Bu \u00e7al\u0131\u015fmada B\u00fcy\u00fck Sel\u00e7uklu \u0130mparatorlu\u011fu\u2019nun, Sultan Melik\u015fah\u2019\u0131n \u00f6l\u00fcm\u00fcnden Muhammed Tapar\u2019\u0131n c\u00fcl\u00fbsuna kadar devam eden ve Fetret Devri olarak bilinen Sultan Berkyaruk D\u00f6nemi tetkik edildi. Niz\u00e2m\u00fclm\u00fclk ve Sultan Melik\u015fah\u2019\u0131n art arda vefat\u0131yla ba\u015flayan taht kavgalar\u0131n\u0131n b\u00fct\u00fcn \u015fiddetiyle devam etti\u011fi, Hasan Sabb\u00e2h\u2019\u0131n fedaileri vas\u0131tas\u0131yla ger\u00e7ekle\u015ftirdi\u011fi B\u00e2t\u0131n\u00ee cinayetlerinin yayg\u0131nla\u015ft\u0131\u011f\u0131, Ha\u00e7l\u0131lar\u0131n Anadolu, Suriye ve Filistin \u015fehirlerinde siyas\u00ee h\u00e2kimiyet tesis etti\u011fi, em\u00eerlerin  ve atabeglerin sonu gelmeyen ihtiraslar\u0131 ve di\u011fer baz\u0131 sebeplerle merkez\u00ee otoritenin sars\u0131ld\u0131\u011f\u0131 bu d\u00f6nemin \u00f6nemli siyas\u00ee, i\u00e7tima\u00ee ve iktisad\u00ee hadiseleri yan\u0131nda B\u00fcy\u00fck Sel\u00e7uklu \u0130mparatorlu\u011fu\u2019nu inhitat ve ink\u0131raza s\u00fcr\u00fckleyen sebepler, devlet te\u015fkilat\u0131, Sultan Berkyaruk devrinde B\u00fcy\u00fck Sel\u00e7uklu \u0130mparatorlu\u011fu\u2019nun Abb\u00e2s\u00eeler, Karahanl\u0131lar, Gazneliler, Harezm\u015fahlar ve T\u00fcrkiye Sel\u00e7uklular\u0131 ile olan m\u00fcnasebetleri Arap\u00e7a &#8211; Fars\u00e7a  orijinal kaynaklara dayanarak ve daha \u00f6nce bu konuda  yap\u0131lm\u0131\u015f  \u00e7al\u0131\u015fmalar da de\u011ferlendirilmek suretiyle ele al\u0131nm\u0131\u015ft\u0131r.           T\u00fcrkiye\u2019de Sultan Berkyaruk hakk\u0131nda yap\u0131lm\u0131\u015f ilk monografi olma \u00f6zelli\u011fine sahip bu eserin Sel\u00e7uklu tarih\u00e7ili\u011fine \u00f6nemli katk\u0131 sa\u011flayaca\u011f\u0131n\u0131 \u00fcmit ediyoruz. <\/p>\n","protected":false},"excerpt":{"rendered":"<p>Sel\u00e7uklu tarih\u00e7ileri, B\u00fcy\u00fck Sel\u00e7uklu \u0130mparatorlu\u011fu\u2019nun tarihini; Kurulu\u015f Devri (945-1040), Birinci \u0130mparatorluk Devri (1040-1092), Fetret &#8211; \u0130ntikal Devri (1092-1118) ve \u0130kinci \u0130mparatorluk Devri (1118-1157) \u015feklinde d\u00f6rt d\u00f6neme<span class=\"excerpt-hellip\"> [\u2026]<\/span><\/p>\n","protected":false},"featured_media":0,"template":"","meta":{"_monsterinsights_skip_tracking":false,"_monsterinsights_sitenote_active":false,"_monsterinsights_sitenote_note":"","_monsterinsights_sitenote_category":0},"product_brand":[],"product_cat":[12304,13650],"product_tag":[],"class_list":{"0":"post-734045","1":"product","2":"type-product","3":"status-publish","5":"product_cat-tarih","6":"product_cat-turk-tarihi-arastirmalari","7":"pa_cilt-ciltsiz","8":"pa_tur-kitap","9":"pa_yayinevi-bilge-kultur-sanat","10":"pa_yazar-abdulkerim-ozaydin","12":"first","13":"instock","14":"sale","15":"shipping-taxable","16":"purchasable","17":"product-type-simple"},"_links":{"self":[{"href":"https:\/\/roveyayinevi.com.tr\/index.php\/wp-json\/wp\/v2\/product\/734045","targetHints":{"allow":["GET"]}}],"collection":[{"href":"https:\/\/roveyayinevi.com.tr\/index.php\/wp-json\/wp\/v2\/product"}],"about":[{"href":"https:\/\/roveyayinevi.com.tr\/index.php\/wp-json\/wp\/v2\/types\/product"}],"wp:attachment":[{"href":"https:\/\/roveyayinevi.com.tr\/index.php\/wp-json\/wp\/v2\/media?parent=734045"}],"wp:term":[{"taxonomy":"product_brand","embeddable":true,"href":"https:\/\/roveyayinevi.com.tr\/index.php\/wp-json\/wp\/v2\/product_brand?post=734045"},{"taxonomy":"product_cat","embeddable":true,"href":"https:\/\/roveyayinevi.com.tr\/index.php\/wp-json\/wp\/v2\/product_cat?post=734045"},{"taxonomy":"product_tag","embeddable":true,"href":"https:\/\/roveyayinevi.com.tr\/index.php\/wp-json\/wp\/v2\/product_tag?post=734045"}],"curies":[{"name":"wp","href":"https:\/\/api.w.org\/{rel}","templated":true}]}}