{"id":734044,"date":"2025-08-27T22:21:13","date_gmt":"2025-08-27T19:21:13","guid":{"rendered":"https:\/\/roveyayinevi.com.tr\/index.php\/urun\/cin-dusuncesi-ve-kulturu-temel-kavramlari-1\/"},"modified":"2026-04-16T02:41:57","modified_gmt":"2026-04-15T23:41:57","slug":"cin-dusuncesi-ve-kulturu-temel-kavramlari-1","status":"publish","type":"product","link":"https:\/\/roveyayinevi.com.tr\/index.php\/urun\/cin-dusuncesi-ve-kulturu-temel-kavramlari-1\/","title":{"rendered":"\u00c7in D\u00fc\u015f\u00fcncesi ve K\u00fclt\u00fcr\u00fc Temel Kavramlar\u0131 1"},"content":{"rendered":"<p>\u00c7in d\u00fc\u015f\u00fcncesi ve k\u00fclt\u00fcr\u00fc temel kavramlar\u0131; \u00c7in felsefesini, h\u00fcmanizmini, d\u00fc\u015f\u00fcnce tarz\u0131n\u0131 ve de\u011ferlerini \u00f6zetleyen, kelime veya s\u00f6z \u00f6beklerinden meydana gelen kal\u0131pla\u015fm\u0131\u015f ideolojik ve k\u00fclt\u00fcrel \u00f6z ifadeler olarak tan\u0131mlanabilir. \u00c7in milletinin kadim bilgeli\u011finin bir birikimi niteli\u011finde olan bu kavramlar, onlar\u0131n en yo\u011fun manevi aray\u0131\u015flar\u0131n\u0131, rasyonel d\u00fc\u015f\u00fcncelerinin derinli\u011fini ve kapsam\u0131n\u0131 yans\u0131tmaktad\u0131r. G\u00fcn\u00fcm\u00fczde, \u00c7inlilerin antik \u00c7in felsefesi, d\u00fc\u015f\u00fcnce yap\u0131s\u0131 ve de\u011ferlerindeki de\u011fi\u015fimleri ve hatta edebiyat, sanat ve tarih gibi \u00e7e\u015fitli alanlardaki geli\u015fmeleri kavrayabilmelerinde kilit rol oynayan bu kavramlar, di\u011fer \u00fclke ve milletler i\u00e7in de \u00e7a\u011fda\u015f \u00c7in\u2019i, \u00c7in halk\u0131n\u0131 ve farkl\u0131 \u00fclkelere yerle\u015fmi\u015f olan \u00c7inlilerin d\u00fc\u015f\u00fcnce d\u00fcnyas\u0131n\u0131 tan\u0131man\u0131n kap\u0131lar\u0131n\u0131 a\u00e7an anahtarlard\u0131r. Bu kitapta \u00c7in felsefesi, k\u00fclt\u00fcr\u00fc, edebiyat\u0131 ve tarihi gibi alanlardan 100 farkl\u0131 terim ve kavram\u0131n a\u00e7\u0131klamalar\u0131 ve bunlar\u0131 destekleyici al\u0131nt\u0131lar hem orijinal dili \u00c7ince olarak hem de T\u00fcrk\u00e7e \u00e7evirileriyle yer almaktad\u0131r.   \u201cR\u00fczg\u00e2r esiyor \u015fiddetle, kam\u00e7\u0131l\u0131yor dalgalar\u0131 a\u011fa\u00e7lar\u0131 e\u011fmekte. Y\u00fcre\u011fim ac\u0131lar i\u00e7inde hayattan vazge\u00e7mi\u015f\u00e7esine, bir nefes istesem de beyhude. Zaman ak\u0131p ge\u00e7iyor su misali, mal m\u00fclk \u015fan \u015f\u00f6hret k\u00fcl olup gitmekte. Zamane adab\u0131 yitmekte, kimdir o kahraman gelip kurtara? Elinde k\u0131l\u0131c\u0131 bir ah \u00e7ekiyor yi\u011fidim, dikince g\u00f6zlerini semaya bir gam \u00e7\u00f6k\u00fcyor y\u00fcre\u011fine. Ne gelir elden her \u015fey beyhude, izliyor d\u00fc\u015fen yapraklar\u0131 kula\u011f\u0131nda ya\u011fmurun yosunlara \u00e7arpan sesiyle.\u201d Sikong Tu, \u201cGam ve Gazap\u201d (\u00d6n kapakta yer alan \u015fiirin \u00e7evirisi) <\/p>\n","protected":false},"excerpt":{"rendered":"<p>\u00c7in d\u00fc\u015f\u00fcncesi ve k\u00fclt\u00fcr\u00fc temel kavramlar\u0131; \u00c7in felsefesini, h\u00fcmanizmini, d\u00fc\u015f\u00fcnce tarz\u0131n\u0131 ve de\u011ferlerini \u00f6zetleyen, kelime veya s\u00f6z \u00f6beklerinden meydana gelen kal\u0131pla\u015fm\u0131\u015f ideolojik ve k\u00fclt\u00fcrel \u00f6z ifadeler<span class=\"excerpt-hellip\"> [\u2026]<\/span><\/p>\n","protected":false},"featured_media":0,"template":"","meta":{"_monsterinsights_skip_tracking":false,"_monsterinsights_sitenote_active":false,"_monsterinsights_sitenote_note":"","_monsterinsights_sitenote_category":0},"product_brand":[],"product_cat":[20351,12388],"product_tag":[],"class_list":{"0":"post-734044","1":"product","2":"type-product","3":"status-publish","5":"product_cat-dusunce","6":"product_cat-felsefe","7":"pa_cilt-ciltsiz","8":"pa_tur-kitap","9":"pa_yayinevi-bilge-kultur-sanat","10":"pa_yazar-bilge-kultur-sanat-kolektif","12":"first","13":"instock","14":"sale","15":"shipping-taxable","16":"purchasable","17":"product-type-simple"},"_links":{"self":[{"href":"https:\/\/roveyayinevi.com.tr\/index.php\/wp-json\/wp\/v2\/product\/734044","targetHints":{"allow":["GET"]}}],"collection":[{"href":"https:\/\/roveyayinevi.com.tr\/index.php\/wp-json\/wp\/v2\/product"}],"about":[{"href":"https:\/\/roveyayinevi.com.tr\/index.php\/wp-json\/wp\/v2\/types\/product"}],"wp:attachment":[{"href":"https:\/\/roveyayinevi.com.tr\/index.php\/wp-json\/wp\/v2\/media?parent=734044"}],"wp:term":[{"taxonomy":"product_brand","embeddable":true,"href":"https:\/\/roveyayinevi.com.tr\/index.php\/wp-json\/wp\/v2\/product_brand?post=734044"},{"taxonomy":"product_cat","embeddable":true,"href":"https:\/\/roveyayinevi.com.tr\/index.php\/wp-json\/wp\/v2\/product_cat?post=734044"},{"taxonomy":"product_tag","embeddable":true,"href":"https:\/\/roveyayinevi.com.tr\/index.php\/wp-json\/wp\/v2\/product_tag?post=734044"}],"curies":[{"name":"wp","href":"https:\/\/api.w.org\/{rel}","templated":true}]}}