{"id":734041,"date":"2025-08-27T22:21:10","date_gmt":"2025-08-27T19:21:10","guid":{"rendered":"https:\/\/roveyayinevi.com.tr\/index.php\/urun\/aska-dogru\/"},"modified":"2026-04-16T02:41:57","modified_gmt":"2026-04-15T23:41:57","slug":"aska-dogru","status":"publish","type":"product","link":"https:\/\/roveyayinevi.com.tr\/index.php\/urun\/aska-dogru\/","title":{"rendered":"A\u015fk&#8217;a Do\u011fru"},"content":{"rendered":"<p>Hac ve Umre G\u00fcnl\u00fckleri     Sevgili\u2019ye uzun bir mektup bu yaz\u0131lanlar. Bir \u00e7ocukluk d\u00fc\u015f\u00fc, gen\u00e7 k\u0131z r\u00fcyas\u0131, olgunluk \u00e7a\u011f\u0131na uzanan k\u00f6pr\u00fc. Peygamber a\u015fk\u0131n\u0131n, O\u2019nun y\u00fcr\u00fcd\u00fc\u011f\u00fc yollarda y\u00fcr\u00fcmeye duyulan hasretin, bakt\u0131\u011f\u0131 g\u00f6ky\u00fcz\u00fcne bakma arzusunun tezah\u00fcr\u00fc okuduklar\u0131n\u0131z. Bu yol, bu mektup, bu kavu\u015fma bir son de\u011fil. O\u2019na daha lay\u0131k, daha iyi biri olarak gelinecek yollar\u0131n hen\u00fcz ba\u015f\u0131. \u2018\u015eefaat Y\u00e2 Res\u00fblall\u00e2h!\u2019 <\/p>\n","protected":false},"excerpt":{"rendered":"<p>Hac ve Umre G\u00fcnl\u00fckleri Sevgili\u2019ye uzun bir mektup bu yaz\u0131lanlar. Bir \u00e7ocukluk d\u00fc\u015f\u00fc, gen\u00e7 k\u0131z r\u00fcyas\u0131, olgunluk \u00e7a\u011f\u0131na uzanan k\u00f6pr\u00fc. Peygamber a\u015fk\u0131n\u0131n, O\u2019nun y\u00fcr\u00fcd\u00fc\u011f\u00fc yollarda y\u00fcr\u00fcmeye<span class=\"excerpt-hellip\"> [\u2026]<\/span><\/p>\n","protected":false},"featured_media":0,"template":"","meta":{"_monsterinsights_skip_tracking":false,"_monsterinsights_sitenote_active":false,"_monsterinsights_sitenote_note":"","_monsterinsights_sitenote_category":0},"product_brand":[],"product_cat":[12718,12719,12720],"product_tag":[],"class_list":{"0":"post-734041","1":"product","2":"type-product","3":"status-publish","5":"product_cat-din","6":"product_cat-islam","7":"product_cat-tasavvuf-mezhepler-tarikatlar","8":"pa_cilt-ciltsiz","9":"pa_tur-kitap","10":"pa_yayinevi-hayykitap","11":"pa_yazar-ebru-yavuz","13":"first","14":"instock","15":"sale","16":"shipping-taxable","17":"purchasable","18":"product-type-simple"},"_links":{"self":[{"href":"https:\/\/roveyayinevi.com.tr\/index.php\/wp-json\/wp\/v2\/product\/734041","targetHints":{"allow":["GET"]}}],"collection":[{"href":"https:\/\/roveyayinevi.com.tr\/index.php\/wp-json\/wp\/v2\/product"}],"about":[{"href":"https:\/\/roveyayinevi.com.tr\/index.php\/wp-json\/wp\/v2\/types\/product"}],"wp:attachment":[{"href":"https:\/\/roveyayinevi.com.tr\/index.php\/wp-json\/wp\/v2\/media?parent=734041"}],"wp:term":[{"taxonomy":"product_brand","embeddable":true,"href":"https:\/\/roveyayinevi.com.tr\/index.php\/wp-json\/wp\/v2\/product_brand?post=734041"},{"taxonomy":"product_cat","embeddable":true,"href":"https:\/\/roveyayinevi.com.tr\/index.php\/wp-json\/wp\/v2\/product_cat?post=734041"},{"taxonomy":"product_tag","embeddable":true,"href":"https:\/\/roveyayinevi.com.tr\/index.php\/wp-json\/wp\/v2\/product_tag?post=734041"}],"curies":[{"name":"wp","href":"https:\/\/api.w.org\/{rel}","templated":true}]}}