{"id":734040,"date":"2025-08-27T22:21:09","date_gmt":"2025-08-27T19:21:09","guid":{"rendered":"https:\/\/roveyayinevi.com.tr\/index.php\/urun\/buyuyunce-cocuk-olucam\/"},"modified":"2026-04-16T02:41:57","modified_gmt":"2026-04-15T23:41:57","slug":"buyuyunce-cocuk-olucam","status":"publish","type":"product","link":"https:\/\/roveyayinevi.com.tr\/index.php\/urun\/buyuyunce-cocuk-olucam\/","title":{"rendered":"B\u00fcy\u00fcy\u00fcnce \u00c7ocuk Olucam"},"content":{"rendered":"<p>Merhaba.   Yar\u0131\u015fmaya d\u00fcnyadan kat\u0131l\u0131yorum. \u00c7ocukken annem \u201cAvukat\u201d babam \u201cMimar olacaks\u0131n.\u201d dedi. Ama ben, elimden ka\u00e7\u0131p g\u00f6ky\u00fcz\u00fcnde kaybolan balonumu bulmak i\u00e7in astronot olmay\u0131 istedim.   Ortaokulda hesap makinemde leblebi yazarken, bilgisayar m\u00fchendisi olmaya karar verdim. Lisede \u015fair, \u00fcniversitede deli, hayata at\u0131l\u0131nca da sabretmekten veli oluyordum.   Bu arada g\u00fclleyle y\u00fcksek atlama 1.siyim.   \u201cBir g\u00fcn ben de mutlu olucam.\u201d m\u00fcsabakalar\u0131nda tansiyon \u00f6d\u00fcllerim bulunmakta.   Sabahlar\u0131 g\u00f6z\u00fcm\u00fc a\u00e7\u0131nca be\u015f saniye kadar her \u015feyin yoluna girece\u011fini san\u0131yorum. \u201cHayatta ba\u015far\u0131lar.\u201d diyen d\u00fcnyaya, asl\u0131nda ba\u015f a\u011fr\u0131lar dileyip dilemedi\u011fini soruyorum. S\u0131radaki t\u00fcm \u015fark\u0131lar\u0131 \u00c7ekoslavak Cumhuriyeti\u2019ne arma\u011fan ediyorum. Fakat nedenini hi\u00e7 bilmiyorum. Hayallerimin yap\u0131m\u0131nda ve y\u0131k\u0131m\u0131nda eme\u011fi ge\u00e7en herkese ne kadar te\u015fekk\u00fcr\u00fcm varsa sunuyorum. Son olarak da \u201cA\u015fk m\u0131, para m\u0131?\u201d diye sorana, \u201cMakarna ha\u015flamak.\u201d diyorum. <\/p>\n","protected":false},"excerpt":{"rendered":"<p>Merhaba. Yar\u0131\u015fmaya d\u00fcnyadan kat\u0131l\u0131yorum. \u00c7ocukken annem \u201cAvukat\u201d babam \u201cMimar olacaks\u0131n.\u201d dedi. Ama ben, elimden ka\u00e7\u0131p g\u00f6ky\u00fcz\u00fcnde kaybolan balonumu bulmak i\u00e7in astronot olmay\u0131 istedim. Ortaokulda hesap makinemde<span class=\"excerpt-hellip\"> [\u2026]<\/span><\/p>\n","protected":false},"featured_media":0,"template":"","meta":{"_monsterinsights_skip_tracking":false,"_monsterinsights_sitenote_active":false,"_monsterinsights_sitenote_note":"","_monsterinsights_sitenote_category":0},"product_brand":[],"product_cat":[12291,14825],"product_tag":[],"class_list":{"0":"post-734040","1":"product","2":"type-product","3":"status-publish","5":"product_cat-edebiyat","6":"product_cat-mizah","7":"pa_cilt-ciltsiz","8":"pa_tur-kitap","9":"pa_yayinevi-hayykitap","10":"pa_yazar-mine-sota","12":"first","13":"instock","14":"sale","15":"shipping-taxable","16":"purchasable","17":"product-type-simple"},"_links":{"self":[{"href":"https:\/\/roveyayinevi.com.tr\/index.php\/wp-json\/wp\/v2\/product\/734040","targetHints":{"allow":["GET"]}}],"collection":[{"href":"https:\/\/roveyayinevi.com.tr\/index.php\/wp-json\/wp\/v2\/product"}],"about":[{"href":"https:\/\/roveyayinevi.com.tr\/index.php\/wp-json\/wp\/v2\/types\/product"}],"wp:attachment":[{"href":"https:\/\/roveyayinevi.com.tr\/index.php\/wp-json\/wp\/v2\/media?parent=734040"}],"wp:term":[{"taxonomy":"product_brand","embeddable":true,"href":"https:\/\/roveyayinevi.com.tr\/index.php\/wp-json\/wp\/v2\/product_brand?post=734040"},{"taxonomy":"product_cat","embeddable":true,"href":"https:\/\/roveyayinevi.com.tr\/index.php\/wp-json\/wp\/v2\/product_cat?post=734040"},{"taxonomy":"product_tag","embeddable":true,"href":"https:\/\/roveyayinevi.com.tr\/index.php\/wp-json\/wp\/v2\/product_tag?post=734040"}],"curies":[{"name":"wp","href":"https:\/\/api.w.org\/{rel}","templated":true}]}}