{"id":734038,"date":"2025-08-27T22:21:07","date_gmt":"2025-08-27T19:21:07","guid":{"rendered":"https:\/\/roveyayinevi.com.tr\/index.php\/urun\/sinema-uzerine-konusmalar\/"},"modified":"2026-04-16T02:41:56","modified_gmt":"2026-04-15T23:41:56","slug":"sinema-uzerine-konusmalar","status":"publish","type":"product","link":"https:\/\/roveyayinevi.com.tr\/index.php\/urun\/sinema-uzerine-konusmalar\/","title":{"rendered":"Sinema \u00dczerine Konu\u015fmalar"},"content":{"rendered":"<p>Sinema \u00dczerine Konu\u015fmalar birbirine benzemez iki sinema ustas\u0131n\u0131n iki ayr\u0131 bulu\u015fmadaki sohbetlerini bir araya getiriyor. Sinema tarihine damgas\u0131n\u0131 vurmu\u015f Godard ile en iyi belgesel film Oscar \u00f6d\u00fcll\u00fc Oph\u00fcls yan yana gelince; Yeni Dalga, Godard\u2019\u0131n k\u00fclt filmleri, Marcel Oph\u00fcls\u2019\u00fcn Godard\u2019\u0131n da hayranl\u0131\u011f\u0131n\u0131 kazanm\u0131\u015f babas\u0131, y\u00f6netmen Max Oph\u00fcls\u2019\u00fcn kendine has kamera hareketleri, sineman\u0131n tarihle ili\u015fkisi, prod\u00fcksiyon maliyetleri, \u201cauteur\u201d\u00fcn ne oldu\u011fu, birlikte \u00e7ekmeyi planlay\u0131p \u00e7ekemedikleri filmler gibi konulara dair i\u00e7ten, h\u0131nz\u0131r, e\u011flenceli sohbetler ortaya \u00e7\u0131k\u0131yor. Vincent Lowy ve Andr\u00e9 Gazut\u2019n\u00fcn \u00f6ns\u00f6zleri ve Daniel Cohn-Bendit\u2019in Godard\u2019a dair sons\u00f6z\u00fcyle.   \u201cBiri, Jean-Luc Godard, Yeni Dalga\u2019n\u0131n k\u00fcresel y\u0131ld\u0131z\u0131 olarak \u0131\u015f\u0131klar alt\u0131nda, di\u011feri, Marcel Oph\u00fcls ise, sava\u015f sonras\u0131n\u0131n kurucu mitlerini dinamitleme yolunda kararl\u0131 bir \u00e7al\u0131\u015fmayla biraz daha yeralt\u0131nda.\u201d (Vincent Lowy) <\/p>\n","protected":false},"excerpt":{"rendered":"<p>Sinema \u00dczerine Konu\u015fmalar birbirine benzemez iki sinema ustas\u0131n\u0131n iki ayr\u0131 bulu\u015fmadaki sohbetlerini bir araya getiriyor. Sinema tarihine damgas\u0131n\u0131 vurmu\u015f Godard ile en iyi belgesel film Oscar<span class=\"excerpt-hellip\"> [\u2026]<\/span><\/p>\n","protected":false},"featured_media":0,"template":"","meta":{"_monsterinsights_skip_tracking":false,"_monsterinsights_sitenote_active":false,"_monsterinsights_sitenote_note":"","_monsterinsights_sitenote_category":0},"product_brand":[],"product_cat":[13661,12291],"product_tag":[],"class_list":{"0":"post-734038","1":"product","2":"type-product","3":"status-publish","5":"product_cat-diger-ulke-edebiyatlari","6":"product_cat-edebiyat","7":"pa_cilt-ciltsiz","8":"pa_tur-kitap","9":"pa_yayinevi-kirmizi-kedi-yayinevi","10":"pa_yazar-marcel-ophuls-jean-luc-godard","12":"first","13":"instock","14":"sale","15":"shipping-taxable","16":"purchasable","17":"product-type-simple"},"_links":{"self":[{"href":"https:\/\/roveyayinevi.com.tr\/index.php\/wp-json\/wp\/v2\/product\/734038","targetHints":{"allow":["GET"]}}],"collection":[{"href":"https:\/\/roveyayinevi.com.tr\/index.php\/wp-json\/wp\/v2\/product"}],"about":[{"href":"https:\/\/roveyayinevi.com.tr\/index.php\/wp-json\/wp\/v2\/types\/product"}],"wp:attachment":[{"href":"https:\/\/roveyayinevi.com.tr\/index.php\/wp-json\/wp\/v2\/media?parent=734038"}],"wp:term":[{"taxonomy":"product_brand","embeddable":true,"href":"https:\/\/roveyayinevi.com.tr\/index.php\/wp-json\/wp\/v2\/product_brand?post=734038"},{"taxonomy":"product_cat","embeddable":true,"href":"https:\/\/roveyayinevi.com.tr\/index.php\/wp-json\/wp\/v2\/product_cat?post=734038"},{"taxonomy":"product_tag","embeddable":true,"href":"https:\/\/roveyayinevi.com.tr\/index.php\/wp-json\/wp\/v2\/product_tag?post=734038"}],"curies":[{"name":"wp","href":"https:\/\/api.w.org\/{rel}","templated":true}]}}