{"id":734035,"date":"2025-08-27T22:21:04","date_gmt":"2025-08-27T19:21:04","guid":{"rendered":"https:\/\/roveyayinevi.com.tr\/index.php\/urun\/yol-arkadasim-banjo\/"},"modified":"2026-04-16T02:41:56","modified_gmt":"2026-04-15T23:41:56","slug":"yol-arkadasim-banjo","status":"publish","type":"product","link":"https:\/\/roveyayinevi.com.tr\/index.php\/urun\/yol-arkadasim-banjo\/","title":{"rendered":"Yol Arkada\u015f\u0131m Banjo"},"content":{"rendered":"<p>Hakiki m\u00fczik daima ruha hitap eder. Kurabiye kutusundan gelse bile&#8230; \u015eapkada Eriyen Bay Karp kitab\u0131ndaki muhte\u015fem uyumlar\u0131ndan tan\u0131d\u0131\u011f\u0131m\u0131z Cary Fagan ve Sel\u00e7uk Demirel, Yol Arkada\u015f\u0131m Banjo ile bu kez kula\u011f\u0131m\u0131z\u0131n pas\u0131n\u0131 silecek melodik bir anlat\u0131ya imza at\u0131yor. S\u0131n\u0131rs\u0131z imk\u00e2nlar\u0131 olan bir \u00e7ocu\u011fun, sahip olamad\u0131\u011f\u0131 yeg\u00e2ne &#8221;\u015fey&#8221;in pe\u015finden gidi\u015fini ve hayallerini ad\u0131m ad\u0131m ger\u00e7ekle\u015ftirme ser\u00fcvenini sayfalar\u0131na ta\u015f\u0131yan bu esin verici roman, kalbinin ritmine ayak uydurmay\u0131 bilenlerin can yolda\u015f\u0131 oluyor. Yak\u0131n ili\u015fkilerde empati ve sempati kavramlar\u0131n\u0131n ileti\u015fim a\u00e7\u0131s\u0131ndan \u00f6nemine de\u011finen kitap; azimle, sab\u0131rla ve g\u00f6n\u00fclden adanm\u0131\u015fl\u0131kla hi\u00e7 y\u0131lmadan \u00e7al\u0131\u015fanlar\u0131n hep kazanaca\u011f\u0131n\u0131 vurguluyor, her seferinde do\u011fru notalara bas\u0131yor!K\u00fc\u00e7\u00fck Jeremiah, orta\u00e7a\u011f kalelerini and\u0131ran devasa bir evde t\u00fcrl\u00fc \u00e7e\u015fit konforun ve l\u00fcks\u00fcn i\u00e7inde ya\u015f\u0131yor. Hizmet\u00e7ileri, \u00f6zel \u00f6\u011fretmenleri, hatta tenis kortunda s\u00fcrekli yenebilece\u011fi robot bir rakibi bile var. Tabii, muazzam servetlerini di\u015f ipine bor\u00e7lu &#8221;\u0131srarc\u0131&#8221; anne babas\u0131n\u0131 da unutmamak laz\u0131m. Ah, ke\u015fke istemedi\u011fi \u015feyleri yapmas\u0131 i\u00e7in bu kadar zorlamasalar onu&#8230; Ne var yani biricik o\u011fullar\u0131 dirseklerini masaya dayamadan yemek yiyemiyor ya da Rembrandt&#8217;\u0131n otoportresini kopyalamaya \u00e7al\u0131\u015f\u0131rken g\u00f6zlerini \u015fa\u015f\u0131 \u00e7iziyorsa? Ka\u00e7\u0131n\u0131lmaz piyano dersleri ve Beethoven&#8217;\u0131n Dokuzuncu Senfoni zulm\u00fc de cabas\u0131&#8230; Jeremiah, \u00f6n\u00fcn\u00fc ard\u0131n\u0131 fazla hesaplamadan, g\u00f6nl\u00fcnce bir hayat s\u00fcrmek istese de evdekiler duygular\u0131na s\u00fcrekli ket vuruyor. Ta ki bir g\u00fcn, ad\u0131n\u0131n banjo oldu\u011funu \u00f6\u011frendi\u011fi ve daha \u00f6nce hi\u00e7 g\u00f6rmedi\u011fi bir enstr\u00fcmandan y\u00fckselen melodilerin sesine \u00e2\u015f\u0131k olana kadar. O andan itibaren sanki damarlar\u0131nda nab\u0131z yerine m\u00fczi\u011fin ritmi atmaya ba\u015fl\u0131yor. Banjo, Jeremiah i\u00e7in arzudan da g\u00fc\u00e7l\u00fc bir \u015feye, hayati bir ihtiyaca d\u00f6n\u00fc\u015f\u00fcyor. Ne yap\u0131p edip bu saz\u0131 edinmesi ve onu \u00e7almay\u0131 \u00f6\u011frenmesi \u015fart. \u00dcstelik gizlice! Neden mi? \u00c7\u00fcnk\u00fc anne babas\u0131 buna izin vermiyor&#8230;Hayatta en \u00e7ok yapmak istediklerimiz ve bu u\u011furda g\u00f6sterdi\u011fimiz gayret \u00fczerine bizi d\u00fc\u015f\u00fcnd\u00fcrmeyi ba\u015faran Yol Arkada\u015f\u0131m Banjo, i\u00e7imizdeki notalara ses verecek ve onlar\u0131 ahenkli bir melodiye d\u00f6n\u00fc\u015ft\u00fcrecek, samimi bir anlat\u0131 sunuyor. Her yasa\u011f\u0131n kendi isyanc\u0131s\u0131n\u0131 yarataca\u011f\u0131 g\u00f6r\u00fc\u015f\u00fcne kusursuz bir \u00f6rnek olan ve tutku dolu bir kendini ger\u00e7ekle\u015ftirme hik\u00e2yesine tan\u0131kl\u0131k ettiren bu m\u00fczikal roman, k\u0131r\u0131k bir sandalyeden k\u00fc\u00e7\u00fck mucizeler yarat\u0131labilece\u011fine inand\u0131racak kudrette bir eser&#8230; Duydu\u011fum m\u00fczik ise, t\u0131pk\u0131&#8230; t\u0131pk\u0131 \u00e7imenlerde yuvarlanmak gibiydi. Hatta&#8230; Kelimelerle anlatmak \u00f6yle g\u00fc\u00e7 ki! N&#8217;olur banjo almama izin verin.<\/p>\n","protected":false},"excerpt":{"rendered":"<p>Hakiki m\u00fczik daima ruha hitap eder. Kurabiye kutusundan gelse bile&#8230; \u015eapkada Eriyen Bay Karp kitab\u0131ndaki muhte\u015fem uyumlar\u0131ndan tan\u0131d\u0131\u011f\u0131m\u0131z Cary Fagan ve Sel\u00e7uk Demirel, Yol Arkada\u015f\u0131m Banjo<span class=\"excerpt-hellip\"> [\u2026]<\/span><\/p>\n","protected":false},"featured_media":0,"template":"","meta":{"_monsterinsights_skip_tracking":false,"_monsterinsights_sitenote_active":false,"_monsterinsights_sitenote_note":"","_monsterinsights_sitenote_category":0},"product_brand":[],"product_cat":[12275,12274],"product_tag":[],"class_list":{"0":"post-734035","1":"product","2":"type-product","3":"status-publish","5":"product_cat-6-12-yas-kitaplari","6":"product_cat-cocuk-ve-genclik-kitaplari","7":"pa_cilt-ciltsiz","8":"pa_tur-kitap","9":"pa_yayinevi-tudem-yayinlari","10":"pa_yazar-cary-fagan","12":"first","13":"instock","14":"sale","15":"shipping-taxable","16":"purchasable","17":"product-type-simple"},"_links":{"self":[{"href":"https:\/\/roveyayinevi.com.tr\/index.php\/wp-json\/wp\/v2\/product\/734035","targetHints":{"allow":["GET"]}}],"collection":[{"href":"https:\/\/roveyayinevi.com.tr\/index.php\/wp-json\/wp\/v2\/product"}],"about":[{"href":"https:\/\/roveyayinevi.com.tr\/index.php\/wp-json\/wp\/v2\/types\/product"}],"wp:attachment":[{"href":"https:\/\/roveyayinevi.com.tr\/index.php\/wp-json\/wp\/v2\/media?parent=734035"}],"wp:term":[{"taxonomy":"product_brand","embeddable":true,"href":"https:\/\/roveyayinevi.com.tr\/index.php\/wp-json\/wp\/v2\/product_brand?post=734035"},{"taxonomy":"product_cat","embeddable":true,"href":"https:\/\/roveyayinevi.com.tr\/index.php\/wp-json\/wp\/v2\/product_cat?post=734035"},{"taxonomy":"product_tag","embeddable":true,"href":"https:\/\/roveyayinevi.com.tr\/index.php\/wp-json\/wp\/v2\/product_tag?post=734035"}],"curies":[{"name":"wp","href":"https:\/\/api.w.org\/{rel}","templated":true}]}}