{"id":734034,"date":"2025-08-27T22:21:02","date_gmt":"2025-08-27T19:21:02","guid":{"rendered":"https:\/\/roveyayinevi.com.tr\/index.php\/urun\/kardesimin-hikayesi\/"},"modified":"2026-04-16T02:41:56","modified_gmt":"2026-04-15T23:41:56","slug":"kardesimin-hikayesi","status":"publish","type":"product","link":"https:\/\/roveyayinevi.com.tr\/index.php\/urun\/kardesimin-hikayesi\/","title":{"rendered":"Karde\u015fimin Hikayesi"},"content":{"rendered":"<p>\u201cGe\u00e7mi\u015fi unut Koy bir kenara Yeni bir sayfa a\u00e7 Kurtar benli\u011fini d\u00fcnden Bug\u00fcn\u00fcn \u00e7ocu\u011fu ol\u201d Mevl\u00e2n\u00e2Hayat\u0131n en ac\u0131 y\u00fcz\u00fcyle \u00e7ok k\u00fc\u00e7\u00fck ya\u015fta tan\u0131\u015fan ve ailesiz kalan Ahmet Bey\u2019in m\u00fcnzevi hayat\u0131n\u0131n ortas\u0131na bir cinayet haberi d\u00fc\u015f\u00fcyor. Usta edebiyat\u00e7\u0131 Z\u00fclf\u00fc Livaneli, bir cinayetin g\u00f6lgesinde karde\u015flik ba\u011f\u0131, a\u015fk, arkada\u015fl\u0131k, ihanet gibi insana dair t\u00fcm duygular\u0131n ve duygusuzluklar\u0131n anatomisini \u00e7\u0131kar\u0131yor.Ge\u00e7mi\u015fle hesapla\u015fman\u0131n bamba\u015fka bir boyut kazand\u0131\u011f\u0131 Karde\u015fimin Hik\u00e2yesi, \u00f6nyarg\u0131lar\u0131n k\u0131r\u0131lmas\u0131 ve ba\u015fka d\u00fc\u015f\u00fcn\u00fc\u015f bi\u00e7imleri sunmas\u0131 bak\u0131m\u0131ndan da edebiyat\u0131m\u0131za \u00f6nemli bir katk\u0131. Livaneli bu roman\u0131yla \u201cinsan soyunun en soylu duygusu\u201d a\u015fk\u0131n, anlam\u0131n\u0131 ve bi\u00e7imlerini merak unsuruyla ba\u015far\u0131l\u0131 bir \u015fekilde harmanlarken okuyanlara muazzam bir deneyim ya\u015fat\u0131yor.Edebiyat\u0131m\u0131z\u0131n g\u00fc\u00e7l\u00fc kalemi Livaneli, sadece bir cinayetin tan\u0131klar\u0131n\u0131 de\u011fil, ge\u00e7mi\u015fin g\u00f6lgesi y\u00fcz\u00fcnden bug\u00fcn\u00fcn\u00fc ya\u015fayamayanlar\u0131n hik\u00e2yesini de anlat\u0131yor. Elinizdeki roman, unuttuklar\u0131m\u0131za ve hat\u0131rlad\u0131klar\u0131m\u0131za \u00e7\u0131plak g\u00f6zle bakmam\u0131z\u0131 sa\u011flayan, haf\u0131zalardan silinmeyecek bir insanl\u0131k anlat\u0131s\u0131\u2026Karde\u015fimin Hik\u00e2yesi ak\u0131c\u0131 \u00fcslubu ve s\u00fcr\u00fckleyici kurgusunun yan\u0131 s\u0131ra t\u00fcm muhtemel sonlar\u0131 geride b\u0131rakan s\u00fcrpriz finaliyle ba\u015fucumuza yerle\u015fiyor.T\u00fcrk\u00e7ede \u00e7ok say\u0131da bask\u0131s\u0131 ve d\u00fcnya dillerine \u00e7evirisi yap\u0131lan; yay\u0131mland\u0131\u011f\u0131 g\u00fcnden itibaren \u00e7ok satan ve \u00e7ok okunan kitaplar listesinde zirveyi koruyan Karde\u015fimin Hik\u00e2yesi, Rus\u00e7a \u00e7evirisiyle de okurlar\u0131n be\u011fenisini kazand\u0131.<\/p>\n","protected":false},"excerpt":{"rendered":"<p>\u201cGe\u00e7mi\u015fi unut Koy bir kenara Yeni bir sayfa a\u00e7 Kurtar benli\u011fini d\u00fcnden Bug\u00fcn\u00fcn \u00e7ocu\u011fu ol\u201d Mevl\u00e2n\u00e2Hayat\u0131n en ac\u0131 y\u00fcz\u00fcyle \u00e7ok k\u00fc\u00e7\u00fck ya\u015fta tan\u0131\u015fan ve ailesiz kalan<span class=\"excerpt-hellip\"> [\u2026]<\/span><\/p>\n","protected":false},"featured_media":0,"template":"","meta":{"_monsterinsights_skip_tracking":false,"_monsterinsights_sitenote_active":false,"_monsterinsights_sitenote_note":"","_monsterinsights_sitenote_category":0},"product_brand":[],"product_cat":[12291,12711],"product_tag":[],"class_list":{"0":"post-734034","1":"product","2":"type-product","3":"status-publish","5":"product_cat-edebiyat","6":"product_cat-roman-oyku","7":"pa_cilt-ciltsiz","8":"pa_tur-kitap","9":"pa_yayinevi-inkilap-kitabevi","10":"pa_yazar-zulfu-livaneli","12":"first","13":"instock","14":"sale","15":"shipping-taxable","16":"purchasable","17":"product-type-simple"},"_links":{"self":[{"href":"https:\/\/roveyayinevi.com.tr\/index.php\/wp-json\/wp\/v2\/product\/734034","targetHints":{"allow":["GET"]}}],"collection":[{"href":"https:\/\/roveyayinevi.com.tr\/index.php\/wp-json\/wp\/v2\/product"}],"about":[{"href":"https:\/\/roveyayinevi.com.tr\/index.php\/wp-json\/wp\/v2\/types\/product"}],"wp:attachment":[{"href":"https:\/\/roveyayinevi.com.tr\/index.php\/wp-json\/wp\/v2\/media?parent=734034"}],"wp:term":[{"taxonomy":"product_brand","embeddable":true,"href":"https:\/\/roveyayinevi.com.tr\/index.php\/wp-json\/wp\/v2\/product_brand?post=734034"},{"taxonomy":"product_cat","embeddable":true,"href":"https:\/\/roveyayinevi.com.tr\/index.php\/wp-json\/wp\/v2\/product_cat?post=734034"},{"taxonomy":"product_tag","embeddable":true,"href":"https:\/\/roveyayinevi.com.tr\/index.php\/wp-json\/wp\/v2\/product_tag?post=734034"}],"curies":[{"name":"wp","href":"https:\/\/api.w.org\/{rel}","templated":true}]}}