{"id":734033,"date":"2025-08-27T22:21:01","date_gmt":"2025-08-27T19:21:01","guid":{"rendered":"https:\/\/roveyayinevi.com.tr\/index.php\/urun\/felsefi-yazilar\/"},"modified":"2026-04-16T02:41:56","modified_gmt":"2026-04-15T23:41:56","slug":"felsefi-yazilar","status":"publish","type":"product","link":"https:\/\/roveyayinevi.com.tr\/index.php\/urun\/felsefi-yazilar\/","title":{"rendered":"Felsefi Yaz\u0131lar"},"content":{"rendered":"<p>Isaac Newton (1642-1727) d\u00fc\u015f\u00fcnce tarihinin muazzam yaz\u0131lar\u0131ndan olu\u015fan hacimli bir miras b\u0131rakmam\u0131\u015ft\u0131r ard\u0131nda sadece; ayn\u0131 zamanda bu d\u00fc\u015f\u00fcnceler d\u00fcnyay\u0131 temsil etmekte somut bir de\u011fere de sahiptir. Modern d\u00f6nemin ilk y\u0131llar\u0131na yapt\u0131\u011f\u0131 e\u015fsiz katk\u0131lara ra\u011fmen, do\u011fa felsefesi alan\u0131ndaki mektupla\u015fmalar\u0131, elyazmalar\u0131 ve yay\u0131mlad\u0131\u011f\u0131 t\u00fcrl\u00fc \u00e7e\u015fit \u00e7al\u0131\u015fmalar\u0131 bundan \u00f6nce farkl\u0131 edisyonlarda ayr\u0131 bir bi\u00e7imde bulunuyordu. Bu kitapta, Principia ve Opticks \u00e7al\u0131\u015fmalar\u0131ndan \u00f6nemli k\u0131s\u0131mlar ve De Gravitatione\u2019nin d\u00fczeltilmi\u015f bir \u00e7evirisi de i\u00e7lerinde olacak \u015fekilde Newton\u2019un ba\u015fl\u0131ca felsefi yaz\u0131lar\u0131 bir araya getirilmi\u015ftir. Ayr\u0131ca erken optik \u00e7al\u0131\u015fmalar\u0131ndan belli par\u00e7alar, D\u00fcnya\u2019n\u0131n hareketi hakk\u0131nda din\u00ee yorumlara ili\u015fkin yay\u0131mlanmam\u0131\u015f d\u00fc\u015f\u00fcnceler ve \u00e7a\u011fda\u015f\u0131 olan \u00f6nemli fig\u00fcrlerle mektupla\u015fmalar\u0131 da bu kitapta yer almaktad\u0131r. Mektupla\u015fmalar\u0131n\u0131n muhataplar\u0131 aras\u0131nda din \u00e2limi Richard Bentley, matematik\u00e7i Roger Cotes ve filozof G.W. Leibniz var. Bu kitap i\u00e7in se\u00e7ilmi\u015f pasajlar, Newton\u2019un uzay, zaman, hareket ve madde kavramlar\u0131 hakk\u0131ndaki fikirlerinin nas\u0131l \u015fekillendi\u011fini ve bu gibi tart\u0131\u015fmal\u0131 fikirlerini \u00e7a\u011fda\u015flar\u0131n\u0131n ele\u015ftirileri kar\u015f\u0131s\u0131nda nas\u0131l savundu\u011funu g\u00f6stermesi bak\u0131m\u0131ndan \u00f6nemlidir. Ayr\u0131ca bu eser Newton\u2019un ba\u015far\u0131lar\u0131n\u0131n insani ve felsefi y\u00f6nlerini g\u00f6rmek a\u00e7\u0131s\u0131ndan da e\u015fsiz bir f\u0131rsat sunar; \u00e7\u00fcnk\u00fc genel olarak okullarda \u00f6\u011fretildi\u011fi kadar\u0131yla \u00e7o\u011fu ki\u015finin zihninde Newton\u2019a dair onun \u00e7al\u0131\u015fmalar\u0131n\u0131n ve Newtoncu mekani\u011fin bir karikat\u00fcr\u00fc yer etmi\u015ftir. Oysa mektupla\u015fmalar\u0131nda ve arg\u00fcmanlar\u0131nda k\u0131r\u0131lgan ve inat\u00e7\u0131 ki\u015fili\u011finin yan\u0131nda onun g\u00fcn\u00fcm\u00fczde anlad\u0131\u011f\u0131m\u0131z anlam\u0131yla sadece bir bilim insan\u0131 olmad\u0131\u011f\u0131, ayr\u0131ca bilimsel ara\u015ft\u0131rman\u0131n temellerine dair son derece detayl\u0131 g\u00f6r\u00fc\u015fleri olan bir do\u011fa filozofu oldu\u011fu da ay\u0131rt edilebilir. Bu a\u00e7\u0131dan kendisinden sonra bilim kavram\u0131n\u0131n nas\u0131l \u015fekillendi\u011fini ve Newton\u2019a g\u00f6re do\u011fa felsefesinin neleri i\u00e7erebilece\u011fini g\u00f6rmek ad\u0131na bu son derece \u00f6nemlidir. Ek olarak, bu nokta Newton\u2019un d\u00f6neminde Avrupa\u2019daki entelekt\u00fcel ortam\u0131n do\u011fas\u0131n\u0131 anlamaya y\u00f6nelik olarak da bir kap\u0131 aralar. <\/p>\n","protected":false},"excerpt":{"rendered":"<p>Isaac Newton (1642-1727) d\u00fc\u015f\u00fcnce tarihinin muazzam yaz\u0131lar\u0131ndan olu\u015fan hacimli bir miras b\u0131rakmam\u0131\u015ft\u0131r ard\u0131nda sadece; ayn\u0131 zamanda bu d\u00fc\u015f\u00fcnceler d\u00fcnyay\u0131 temsil etmekte somut bir de\u011fere de sahiptir.<span class=\"excerpt-hellip\"> [\u2026]<\/span><\/p>\n","protected":false},"featured_media":0,"template":"","meta":{"_monsterinsights_skip_tracking":false,"_monsterinsights_sitenote_active":false,"_monsterinsights_sitenote_note":"","_monsterinsights_sitenote_category":0},"product_brand":[],"product_cat":[20351,12388],"product_tag":[],"class_list":{"0":"post-734033","1":"product","2":"type-product","3":"status-publish","5":"product_cat-dusunce","6":"product_cat-felsefe","7":"pa_cilt-ciltsiz","8":"pa_tur-kitap","9":"pa_yayinevi-say-yayinlari","10":"pa_yazar-isaac-newton","12":"first","13":"instock","14":"sale","15":"shipping-taxable","16":"purchasable","17":"product-type-simple"},"_links":{"self":[{"href":"https:\/\/roveyayinevi.com.tr\/index.php\/wp-json\/wp\/v2\/product\/734033","targetHints":{"allow":["GET"]}}],"collection":[{"href":"https:\/\/roveyayinevi.com.tr\/index.php\/wp-json\/wp\/v2\/product"}],"about":[{"href":"https:\/\/roveyayinevi.com.tr\/index.php\/wp-json\/wp\/v2\/types\/product"}],"wp:attachment":[{"href":"https:\/\/roveyayinevi.com.tr\/index.php\/wp-json\/wp\/v2\/media?parent=734033"}],"wp:term":[{"taxonomy":"product_brand","embeddable":true,"href":"https:\/\/roveyayinevi.com.tr\/index.php\/wp-json\/wp\/v2\/product_brand?post=734033"},{"taxonomy":"product_cat","embeddable":true,"href":"https:\/\/roveyayinevi.com.tr\/index.php\/wp-json\/wp\/v2\/product_cat?post=734033"},{"taxonomy":"product_tag","embeddable":true,"href":"https:\/\/roveyayinevi.com.tr\/index.php\/wp-json\/wp\/v2\/product_tag?post=734033"}],"curies":[{"name":"wp","href":"https:\/\/api.w.org\/{rel}","templated":true}]}}