{"id":734029,"date":"2025-08-27T22:20:50","date_gmt":"2025-08-27T19:20:50","guid":{"rendered":"https:\/\/roveyayinevi.com.tr\/index.php\/urun\/afacan-hizlinin-buyuk-seruveni\/"},"modified":"2026-04-16T02:41:56","modified_gmt":"2026-04-15T23:41:56","slug":"afacan-hizlinin-buyuk-seruveni","status":"publish","type":"product","link":"https:\/\/roveyayinevi.com.tr\/index.php\/urun\/afacan-hizlinin-buyuk-seruveni\/","title":{"rendered":"Afacan H\u0131zl\u0131\u2019n\u0131n B\u00fcy\u00fck Ser\u00fcveni"},"content":{"rendered":"<p>Afacan H\u0131zl\u0131 \u00e7ok merakl\u0131yd\u0131, bir an \u00f6nce b\u00fcy\u00fcmek, d\u00fcnyay\u0131 ke\u015ffe \u00e7\u0131kmak istiyordu. Merak\u0131na yenik d\u00fc\u015fen H\u0131zl\u0131 annesinin tembihlerini de unutmu\u015f g\u00f6r\u00fcn\u00fcyordu! Afacan H\u0131zl\u0131\u2019n\u0131n B\u00fcy\u00fck Ser\u00fcveni\u2019ni Berat Alanyal\u0131 yazd\u0131, \u015eeyma K\u0131l\u0131\u00e7 resimledi.   TADIMLIK \u201cG\u00fcne\u015f s\u0131cac\u0131k parl\u0131yordu. Reng\u00e2renk \u00e7i\u00e7eklerle bezeli k\u0131r yolu onu heyecanland\u0131r\u0131yor, giderek uzaklara, daha uzaklara \u00e7a\u011f\u0131r\u0131yordu. Y\u00fcr\u00fcd\u00fck\u00e7e y\u00fcr\u00fcd\u00fc. \u00c7i\u00e7ekleri koklad\u0131. Annesinden \u00f6\u011frendi\u011fi otlardan tatt\u0131. Sonra bir \u015fark\u0131 uydurdu: Ya\u015fas\u0131n, hop ya\u015fas\u0131n, b\u00fcy\u00fcmek ne g\u00fczelmi\u015f! Tek ba\u015f\u0131na dola\u015fmak d\u00fcnyalara de\u011fermi\u015f. Bak, buras\u0131 k\u0131r yolu, \u015furada da asfalt var. Az \u00f6tede a\u011fa\u00e7lar, yan\u0131ndan \u0131rmak akar. \u0130\u015fte d\u00fcnya bu kadar! Bunu bilmekte ne var?\u201d <\/p>\n","protected":false},"excerpt":{"rendered":"<p>Afacan H\u0131zl\u0131 \u00e7ok merakl\u0131yd\u0131, bir an \u00f6nce b\u00fcy\u00fcmek, d\u00fcnyay\u0131 ke\u015ffe \u00e7\u0131kmak istiyordu. Merak\u0131na yenik d\u00fc\u015fen H\u0131zl\u0131 annesinin tembihlerini de unutmu\u015f g\u00f6r\u00fcn\u00fcyordu! Afacan H\u0131zl\u0131\u2019n\u0131n B\u00fcy\u00fck Ser\u00fcveni\u2019ni Berat<span class=\"excerpt-hellip\"> [\u2026]<\/span><\/p>\n","protected":false},"featured_media":0,"template":"","meta":{"_monsterinsights_skip_tracking":false,"_monsterinsights_sitenote_active":false,"_monsterinsights_sitenote_note":"","_monsterinsights_sitenote_category":0},"product_brand":[],"product_cat":[12275,12274],"product_tag":[],"class_list":{"0":"post-734029","1":"product","2":"type-product","3":"status-publish","5":"product_cat-6-12-yas-kitaplari","6":"product_cat-cocuk-ve-genclik-kitaplari","7":"pa_cilt-ciltsiz","8":"pa_tur-kitap","9":"pa_yayinevi-yapi-kredi-yayinlari","10":"pa_yazar-berat-alanyali","12":"first","13":"instock","14":"sale","15":"shipping-taxable","16":"purchasable","17":"product-type-simple"},"_links":{"self":[{"href":"https:\/\/roveyayinevi.com.tr\/index.php\/wp-json\/wp\/v2\/product\/734029","targetHints":{"allow":["GET"]}}],"collection":[{"href":"https:\/\/roveyayinevi.com.tr\/index.php\/wp-json\/wp\/v2\/product"}],"about":[{"href":"https:\/\/roveyayinevi.com.tr\/index.php\/wp-json\/wp\/v2\/types\/product"}],"wp:attachment":[{"href":"https:\/\/roveyayinevi.com.tr\/index.php\/wp-json\/wp\/v2\/media?parent=734029"}],"wp:term":[{"taxonomy":"product_brand","embeddable":true,"href":"https:\/\/roveyayinevi.com.tr\/index.php\/wp-json\/wp\/v2\/product_brand?post=734029"},{"taxonomy":"product_cat","embeddable":true,"href":"https:\/\/roveyayinevi.com.tr\/index.php\/wp-json\/wp\/v2\/product_cat?post=734029"},{"taxonomy":"product_tag","embeddable":true,"href":"https:\/\/roveyayinevi.com.tr\/index.php\/wp-json\/wp\/v2\/product_tag?post=734029"}],"curies":[{"name":"wp","href":"https:\/\/api.w.org\/{rel}","templated":true}]}}