{"id":734028,"date":"2025-08-27T22:20:48","date_gmt":"2025-08-27T19:20:48","guid":{"rendered":"https:\/\/roveyayinevi.com.tr\/index.php\/urun\/misafir-odasi\/"},"modified":"2026-03-21T02:48:59","modified_gmt":"2026-03-20T23:48:59","slug":"misafir-odasi","status":"publish","type":"product","link":"https:\/\/roveyayinevi.com.tr\/index.php\/urun\/misafir-odasi\/","title":{"rendered":"Misafir Odas\u0131"},"content":{"rendered":"<p>Melbourne\u2019da ya\u015fayan yazar Helen, evinin misafir odas\u0131n\u0131 \u00fc\u00e7 haftal\u0131k bir ziyaret amac\u0131yla Sydney\u2019den gelen arkada\u015f\u0131 Nicola i\u00e7in haz\u0131rlar. Bu s\u0131radan bir ziyaret de\u011fildir: Nicola ileri evre kanser hastas\u0131d\u0131r ve onu iyile\u015ftirece\u011fine inand\u0131\u011f\u0131 bir alternatif tedavi i\u00e7in gelmi\u015ftir. Helen bu s\u00fcre\u00e7te onun dostu, bak\u0131c\u0131s\u0131, koruyucusu olmaya g\u00f6n\u00fcll\u00fcd\u00fcr, ancak Nicola\u2019n\u0131n g\u00f6rd\u00fc\u011f\u00fc tedavinin niteli\u011fi ve ger\u00e7eklerden kopuk hali Helen\u2019da \u015f\u00fcphe uyand\u0131rmaya, anlam veremedi\u011fi bir \u00f6fkeyi su y\u00fcz\u00fcne \u00e7\u0131karmaya ba\u015flar. \u0130ki kad\u0131n\u0131n uzun y\u0131llara yay\u0131lan dostlu\u011fu nihai bir s\u0131navdan ge\u00e7ecek, Helen i\u00e7inde bar\u0131nd\u0131rd\u0131\u011f\u0131n\u0131 bilmedi\u011fi hislerle ve kendi s\u0131n\u0131rlar\u0131yla y\u00fczle\u015fecektir.   Misafir Odas\u0131 \u00f6l\u00fcme dair b\u00fcy\u00fck s\u00f6zler etmeyen, bu ka\u00e7\u0131n\u0131lmaz sona ve ona e\u015flik eden duygulara g\u00fcndelik hayat\u0131n ayr\u0131nt\u0131lar\u0131 ve bir dostlu\u011fun ini\u015fli \u00e7\u0131k\u0131\u015fl\u0131 ritmi arac\u0131l\u0131\u011f\u0131yla yakla\u015fan, ele ald\u0131\u011f\u0131 konunun zorlu\u011funa ra\u011fmen hi\u00e7 beklenmedik anlarda mizaha ve ne\u015feye de yer a\u00e7an unutulmayacak bir roman. Roza Hakmen\u2019in T\u00fcrk\u00e7esiyle.   \u201cKusursuz bir roman.\u201d &#8211; Peter Carey   \u201cGarner\u2019\u0131n en iyi kitab\u0131.\u201d &#8211; James Wood, The New Yorker   \u201cEdebiyat\u0131n en \u00f6nemli konular\u0131 ele alabilece\u011fini ve almas\u0131 gerekti\u011fini, \u00e7\u00fcnk\u00fc bunu sanat\u0131n ba\u015fka t\u00fcrlerinin yapamad\u0131\u011f\u0131 bi\u00e7imlerde yapt\u0131\u011f\u0131n\u0131 hat\u0131rlatan bir kitap.\u201d &#8211; Claire Messud, Newsweek   \u201c\u00d6ylesine duyarl\u0131, h\u00fcz\u00fcnl\u00fc, komik ve canl\u0131 bir kitap ki raflarda \u00f6zel bir yeri hak ediyor.\u201d &#8211; Diana Athill, The Daily Telegraph <\/p>\n","protected":false},"excerpt":{"rendered":"<p>Melbourne\u2019da ya\u015fayan yazar Helen, evinin misafir odas\u0131n\u0131 \u00fc\u00e7 haftal\u0131k bir ziyaret amac\u0131yla Sydney\u2019den gelen arkada\u015f\u0131 Nicola i\u00e7in haz\u0131rlar. Bu s\u0131radan bir ziyaret de\u011fildir: Nicola ileri evre<span class=\"excerpt-hellip\"> [\u2026]<\/span><\/p>\n","protected":false},"featured_media":0,"template":"","meta":{"_monsterinsights_skip_tracking":false,"_monsterinsights_sitenote_active":false,"_monsterinsights_sitenote_note":"","_monsterinsights_sitenote_category":0},"product_brand":[],"product_cat":[12291,12711],"product_tag":[],"class_list":{"0":"post-734028","1":"product","2":"type-product","3":"status-publish","5":"product_cat-edebiyat","6":"product_cat-roman-oyku","7":"pa_cilt-ciltsiz","8":"pa_tur-kitap","9":"pa_yayinevi-yapi-kredi-yayinlari","10":"pa_yazar-helen-garner","12":"first","13":"instock","14":"sale","15":"shipping-taxable","16":"purchasable","17":"product-type-simple"},"_links":{"self":[{"href":"https:\/\/roveyayinevi.com.tr\/index.php\/wp-json\/wp\/v2\/product\/734028","targetHints":{"allow":["GET"]}}],"collection":[{"href":"https:\/\/roveyayinevi.com.tr\/index.php\/wp-json\/wp\/v2\/product"}],"about":[{"href":"https:\/\/roveyayinevi.com.tr\/index.php\/wp-json\/wp\/v2\/types\/product"}],"wp:attachment":[{"href":"https:\/\/roveyayinevi.com.tr\/index.php\/wp-json\/wp\/v2\/media?parent=734028"}],"wp:term":[{"taxonomy":"product_brand","embeddable":true,"href":"https:\/\/roveyayinevi.com.tr\/index.php\/wp-json\/wp\/v2\/product_brand?post=734028"},{"taxonomy":"product_cat","embeddable":true,"href":"https:\/\/roveyayinevi.com.tr\/index.php\/wp-json\/wp\/v2\/product_cat?post=734028"},{"taxonomy":"product_tag","embeddable":true,"href":"https:\/\/roveyayinevi.com.tr\/index.php\/wp-json\/wp\/v2\/product_tag?post=734028"}],"curies":[{"name":"wp","href":"https:\/\/api.w.org\/{rel}","templated":true}]}}