{"id":734025,"date":"2025-08-27T22:20:45","date_gmt":"2025-08-27T19:20:45","guid":{"rendered":"https:\/\/roveyayinevi.com.tr\/index.php\/urun\/su-dongusu\/"},"modified":"2026-04-16T02:41:56","modified_gmt":"2026-04-15T23:41:56","slug":"su-dongusu","status":"publish","type":"product","link":"https:\/\/roveyayinevi.com.tr\/index.php\/urun\/su-dongusu\/","title":{"rendered":"Su D\u00f6ng\u00fcs\u00fc"},"content":{"rendered":"<p>Elma \u00c7ocuk Bilim Serisi, yine renkli ve e\u011flenceli bir i\u00e7erikle okurlar\u0131n\u0131 selaml\u0131yor. Yepyeni Su D\u00f6ng\u00fcs\u00fc elimizde, bir sayfada bulutlar\u0131n \u00fczerindeyiz, di\u011ferinde ele avuca s\u0131\u011fmayan, m\u00fcjdeci, minik bir ya\u011fmur damlas\u0131y\u0131z. Sonsuzluk hissiyle sarma\u015f dola\u015f geziyoruz g\u00fczelim evreni. Kitab\u0131n i\u00e7inde bizi sab\u0131rs\u0131zlanarak bekleyen iki ki\u015filik s\u00fcrpriz oyun da cabas\u0131. *** Bir gu\u0308n bir bulutta, bir gu\u0308n bir okyanusta, bir gu\u0308n bir g\u00f6lde, bir gu\u0308n de bir canl\u0131n\u0131n bedeninde olabilir. Hatta ayn\u0131 anda her yerde\u2026 Su, hi\u00e7 bitmeyen yolculu\u011fu boyunca D\u00fcnya\u2019daki ya\u015fam\u0131, iklimleri ve yery\u00fcz\u00fcn\u00fc nas\u0131l etkiler? Hepsi bu kitapta\u2026 Su okyanuslar\u0131, denizleri, akarsular\u0131, g\u00f6lleri olu\u015fturur. Buharla\u015farak havaya kar\u0131\u015f\u0131r. Havadaki bu su buhar\u0131 so\u011fukla kar\u015f\u0131la\u015f\u0131nca su damlac\u0131klar\u0131na ya da buz kristallerine d\u00f6n\u00fc\u015f\u00fcr. Bunlar da bulutlar\u0131 olu\u015fturur. Bulutlardaki su ya\u011fmur, kar, dolu gibi ya\u011f\u0131\u015flarla yery\u00fcz\u00fcne d\u00fc\u015fer. Y\u00fcksek yerlerde ya da kutuplarda \u00fcst \u00fcste biriken kar katmanlar\u0131 da buzullar\u0131 olu\u015fturur. S\u0131cakl\u0131k artt\u0131\u011f\u0131nda buzullar, karlar erir. Su yeniden akarsulara, g\u00f6llere, denizlere, okyanuslara ula\u015f\u0131r. *** B\u0130TK\u0130LERDE TERLEME G\u00d6ZLEM\u0130 Saydam plastik bir po\u015fet, bir bitkinin bir ye\u015fil yapra\u011f\u0131n\u0131n \u00e7evresine ge\u00e7irilir. Po\u015fetin a\u011fz\u0131 hava s\u0131zd\u0131rmayacak \u015fekilde s\u0131k\u0131ca kapat\u0131l\u0131r. Bir s\u00fcre sonra po\u015fetin i\u00e7inde su damlac\u0131klar\u0131 g\u00f6r\u00fcl\u00fcr. Bu su damlac\u0131klar\u0131, terlemeyle yapraktan d\u0131\u015far\u0131 verilen su buhar\u0131n\u0131n s\u0131v\u0131 h\u00e2le d\u00f6n\u00fc\u015fmesi sonucunda olu\u015fur. *** Y\u00fcksekte u\u00e7an u\u00e7aklar\u0131n arkalar\u0131nda b\u0131rakt\u0131\u011f\u0131 beyaz izler de bir \u00e7e\u015fit buluttur. Hava \u00e7ok so\u011fuksa u\u00e7a\u011f\u0131n d\u0131\u015far\u0131 verdi\u011fi egzoz gaz\u0131nda bulunan su buhar\u0131 yo\u011fu\u015fur ve \u00e7izgi h\u00e2l inde bir bulut olu\u015fturur. *** YA\u011eI\u015e \u00d6L\u00c7ER Basit bir ya\u011f\u0131\u015f \u00f6l\u00e7erle ya\u011f\u0131\u015f miktar\u0131 \u00f6l\u00e7\u00fclebilir. Bunun i\u00e7in at\u0131k bir plastik \u015fi\u015fenin \u00fcst k\u0131sm\u0131 kesilir. Devrilmemesi i\u00e7in \u015fi\u015fenin dibine bir miktar \u00e7ak\u0131l ta\u015f\u0131 ve ta\u015flar\u0131n \u00fczerini \u00f6rtecek kadar su koyulur. \u015ei\u015feye, suyun \u00fcst hizas\u0131ndan ba\u015flayarak birer santimetre aral\u0131klarla k\u00fc\u00e7\u00fck \u00e7izgiler \u00e7izilir. \u015ei\u015fenin \u00fcst k\u0131sm\u0131 ters \u00e7evrilip alt k\u0131sm\u0131n\u0131n \u00fczerine yerle\u015ftirilerek birka\u00e7 ata\u015fla tutturulur. Ya\u011f\u0131\u015f \u00f6l\u00e7er a\u00e7\u0131k havada bir yere yerle\u015ftirilir. Her g\u00fcn belirli bir saatte \u015fi\u015fedeki suyun y\u00fcksekli\u011fine bak\u0131l\u0131p g\u00fcnl\u00fck ya\u011f\u0131\u015f miktarlar\u0131 birbiriyle kar\u015f\u0131la\u015ft\u0131r\u0131labilir.<\/p>\n","protected":false},"excerpt":{"rendered":"<p>Elma \u00c7ocuk Bilim Serisi, yine renkli ve e\u011flenceli bir i\u00e7erikle okurlar\u0131n\u0131 selaml\u0131yor. Yepyeni Su D\u00f6ng\u00fcs\u00fc elimizde, bir sayfada bulutlar\u0131n \u00fczerindeyiz, di\u011ferinde ele avuca s\u0131\u011fmayan, m\u00fcjdeci, minik<span class=\"excerpt-hellip\"> [\u2026]<\/span><\/p>\n","protected":false},"featured_media":0,"template":"","meta":{"_monsterinsights_skip_tracking":false,"_monsterinsights_sitenote_active":false,"_monsterinsights_sitenote_note":"","_monsterinsights_sitenote_category":0},"product_brand":[],"product_cat":[13829,12274],"product_tag":[],"class_list":{"0":"post-734025","1":"product","2":"type-product","3":"status-publish","5":"product_cat-bilimsel-kitaplar","6":"product_cat-cocuk-ve-genclik-kitaplari","7":"pa_cilt-ciltsiz","8":"pa_tur-kitap","9":"pa_yayinevi-elma-cocuk","10":"pa_yazar-takimyildiz","12":"first","13":"instock","14":"sale","15":"shipping-taxable","16":"purchasable","17":"product-type-simple"},"_links":{"self":[{"href":"https:\/\/roveyayinevi.com.tr\/index.php\/wp-json\/wp\/v2\/product\/734025","targetHints":{"allow":["GET"]}}],"collection":[{"href":"https:\/\/roveyayinevi.com.tr\/index.php\/wp-json\/wp\/v2\/product"}],"about":[{"href":"https:\/\/roveyayinevi.com.tr\/index.php\/wp-json\/wp\/v2\/types\/product"}],"wp:attachment":[{"href":"https:\/\/roveyayinevi.com.tr\/index.php\/wp-json\/wp\/v2\/media?parent=734025"}],"wp:term":[{"taxonomy":"product_brand","embeddable":true,"href":"https:\/\/roveyayinevi.com.tr\/index.php\/wp-json\/wp\/v2\/product_brand?post=734025"},{"taxonomy":"product_cat","embeddable":true,"href":"https:\/\/roveyayinevi.com.tr\/index.php\/wp-json\/wp\/v2\/product_cat?post=734025"},{"taxonomy":"product_tag","embeddable":true,"href":"https:\/\/roveyayinevi.com.tr\/index.php\/wp-json\/wp\/v2\/product_tag?post=734025"}],"curies":[{"name":"wp","href":"https:\/\/api.w.org\/{rel}","templated":true}]}}