{"id":734023,"date":"2025-08-27T22:20:43","date_gmt":"2025-08-27T19:20:43","guid":{"rendered":"https:\/\/roveyayinevi.com.tr\/index.php\/urun\/rockci-mamut\/"},"modified":"2026-04-16T02:41:56","modified_gmt":"2026-04-15T23:41:56","slug":"rockci-mamut","status":"publish","type":"product","link":"https:\/\/roveyayinevi.com.tr\/index.php\/urun\/rockci-mamut\/","title":{"rendered":"Rock\u00e7\u0131 Mamut"},"content":{"rendered":"<p>Pazartesi g\u00fcn\u00fcn\u00fcn \u00f6devi Se\u00e7ti\u011finiz bir evcil hayvan hakk\u0131nda ara\u015ft\u0131rma yap\u0131n ve bu hayvan\u0131 s\u0131n\u0131f\u0131n \u00f6n\u00fcnde tan\u0131t\u0131m.     Merhaba. Bug\u00fcn size tan\u0131tmak i\u00e7in se\u00e7ti\u011fim evcil hayvan elephas primigerius yani mammuthus. Daha \u00e7ok bilinen ad\u0131yla MAMUT.     Ama \u00f6\u011fretmenim, Louis\u2019nin s\u00f6yledi\u011fi hayvan, evcil de\u011fil ki!     Mamut evcil hayvan de\u011fil miymi\u015f yani?Louis\u2019nin ayr\u0131nt\u0131l\u0131 sunumundan sonra evcil ve ROCK\u00e7\u0131 oldu\u011funa daha fazla ikna olamazd\u0131k&#8230; <\/p>\n","protected":false},"excerpt":{"rendered":"<p>Pazartesi g\u00fcn\u00fcn\u00fcn \u00f6devi Se\u00e7ti\u011finiz bir evcil hayvan hakk\u0131nda ara\u015ft\u0131rma yap\u0131n ve bu hayvan\u0131 s\u0131n\u0131f\u0131n \u00f6n\u00fcnde tan\u0131t\u0131m. Merhaba. Bug\u00fcn size tan\u0131tmak i\u00e7in se\u00e7ti\u011fim evcil hayvan elephas primigerius<span class=\"excerpt-hellip\"> [\u2026]<\/span><\/p>\n","protected":false},"featured_media":0,"template":"","meta":{"_monsterinsights_skip_tracking":false,"_monsterinsights_sitenote_active":false,"_monsterinsights_sitenote_note":"","_monsterinsights_sitenote_category":0},"product_brand":[],"product_cat":[12275,12274],"product_tag":[],"class_list":{"0":"post-734023","1":"product","2":"type-product","3":"status-publish","5":"product_cat-6-12-yas-kitaplari","6":"product_cat-cocuk-ve-genclik-kitaplari","7":"pa_cilt-ciltsiz","8":"pa_tur-kitap","9":"pa_yayinevi-kirmizi-kedi-yayinevi","10":"pa_yazar-eveline-payette-guillaume-perreault","12":"first","13":"instock","14":"sale","15":"shipping-taxable","16":"purchasable","17":"product-type-simple"},"_links":{"self":[{"href":"https:\/\/roveyayinevi.com.tr\/index.php\/wp-json\/wp\/v2\/product\/734023","targetHints":{"allow":["GET"]}}],"collection":[{"href":"https:\/\/roveyayinevi.com.tr\/index.php\/wp-json\/wp\/v2\/product"}],"about":[{"href":"https:\/\/roveyayinevi.com.tr\/index.php\/wp-json\/wp\/v2\/types\/product"}],"wp:attachment":[{"href":"https:\/\/roveyayinevi.com.tr\/index.php\/wp-json\/wp\/v2\/media?parent=734023"}],"wp:term":[{"taxonomy":"product_brand","embeddable":true,"href":"https:\/\/roveyayinevi.com.tr\/index.php\/wp-json\/wp\/v2\/product_brand?post=734023"},{"taxonomy":"product_cat","embeddable":true,"href":"https:\/\/roveyayinevi.com.tr\/index.php\/wp-json\/wp\/v2\/product_cat?post=734023"},{"taxonomy":"product_tag","embeddable":true,"href":"https:\/\/roveyayinevi.com.tr\/index.php\/wp-json\/wp\/v2\/product_tag?post=734023"}],"curies":[{"name":"wp","href":"https:\/\/api.w.org\/{rel}","templated":true}]}}