{"id":734022,"date":"2025-08-27T22:20:42","date_gmt":"2025-08-27T19:20:42","guid":{"rendered":"https:\/\/roveyayinevi.com.tr\/index.php\/urun\/en-guzel-hikayeler\/"},"modified":"2026-04-16T02:41:56","modified_gmt":"2026-04-15T23:41:56","slug":"en-guzel-hikayeler","status":"publish","type":"product","link":"https:\/\/roveyayinevi.com.tr\/index.php\/urun\/en-guzel-hikayeler\/","title":{"rendered":"En G\u00fczel Hikayeler"},"content":{"rendered":"<p>\u201cBen her \u015feyden, en ehemmiyetsiz bir f\u0131kradan, bir c\u00fcmleden bir hik\u00e2ye, koca bir roman \u00e7\u0131karabilirim. Sanat, o hik\u00e2ye ve roman\u0131 \u00e7\u0131kard\u0131\u011f\u0131m ehemmiyetsiz \u015fey de\u011fildir, benim o \u015fey etraf\u0131nda canland\u0131rd\u0131\u011f\u0131m hayatt\u0131r!..\u201d \u00d6mer Seyfettin\u2019in birbirinden g\u00fczel en iyi hik\u00e2yelerini derledi\u011fimiz bu kitab\u0131 b\u00fcy\u00fck bir be\u011feniyle okuyacaks\u0131n\u0131z. <\/p>\n","protected":false},"excerpt":{"rendered":"<p>\u201cBen her \u015feyden, en ehemmiyetsiz bir f\u0131kradan, bir c\u00fcmleden bir hik\u00e2ye, koca bir roman \u00e7\u0131karabilirim. Sanat, o hik\u00e2ye ve roman\u0131 \u00e7\u0131kard\u0131\u011f\u0131m ehemmiyetsiz \u015fey de\u011fildir, benim o<span class=\"excerpt-hellip\"> [\u2026]<\/span><\/p>\n","protected":false},"featured_media":0,"template":"","meta":{"_monsterinsights_skip_tracking":false,"_monsterinsights_sitenote_active":false,"_monsterinsights_sitenote_note":"","_monsterinsights_sitenote_category":0},"product_brand":[],"product_cat":[12274,12284],"product_tag":[],"class_list":{"0":"post-734022","1":"product","2":"type-product","3":"status-publish","5":"product_cat-cocuk-ve-genclik-kitaplari","6":"product_cat-hikayeler","7":"pa_cilt-ciltsiz","8":"pa_tur-kitap","9":"pa_yayinevi-ugurbocegi-yayinlari","10":"pa_yazar-hudayi-kalender","12":"first","13":"instock","14":"sale","15":"shipping-taxable","16":"purchasable","17":"product-type-simple"},"_links":{"self":[{"href":"https:\/\/roveyayinevi.com.tr\/index.php\/wp-json\/wp\/v2\/product\/734022","targetHints":{"allow":["GET"]}}],"collection":[{"href":"https:\/\/roveyayinevi.com.tr\/index.php\/wp-json\/wp\/v2\/product"}],"about":[{"href":"https:\/\/roveyayinevi.com.tr\/index.php\/wp-json\/wp\/v2\/types\/product"}],"wp:attachment":[{"href":"https:\/\/roveyayinevi.com.tr\/index.php\/wp-json\/wp\/v2\/media?parent=734022"}],"wp:term":[{"taxonomy":"product_brand","embeddable":true,"href":"https:\/\/roveyayinevi.com.tr\/index.php\/wp-json\/wp\/v2\/product_brand?post=734022"},{"taxonomy":"product_cat","embeddable":true,"href":"https:\/\/roveyayinevi.com.tr\/index.php\/wp-json\/wp\/v2\/product_cat?post=734022"},{"taxonomy":"product_tag","embeddable":true,"href":"https:\/\/roveyayinevi.com.tr\/index.php\/wp-json\/wp\/v2\/product_tag?post=734022"}],"curies":[{"name":"wp","href":"https:\/\/api.w.org\/{rel}","templated":true}]}}