{"id":734019,"date":"2025-08-27T22:20:39","date_gmt":"2025-08-27T19:20:39","guid":{"rendered":"https:\/\/roveyayinevi.com.tr\/index.php\/urun\/mahabharata-virata-parva-4-kitap\/"},"modified":"2026-04-16T02:41:41","modified_gmt":"2026-04-15T23:41:41","slug":"mahabharata-virata-parva-4-kitap","status":"publish","type":"product","link":"https:\/\/roveyayinevi.com.tr\/index.php\/urun\/mahabharata-virata-parva-4-kitap\/","title":{"rendered":"Mahabharata &#8211; Virata Parva (4. Kitap)"},"content":{"rendered":"<p>Destanlar; \u00f6zellikleri itibar\u0131yla akl\u0131m\u0131z\u0131n alamayaca\u011f\u0131 say\u0131s\u0131z ola\u011fan\u00fcst\u00fc motiflerle s\u00fcslenmi\u015f, bir milletin kar\u015f\u0131la\u015f\u0131lan olaylara kar\u015f\u0131 verdi\u011fi tepkileri anlat\u0131r. Ancak bu kesinlikle u\u00e7an, ka\u00e7an, yok olan sava\u015f\u00e7\u0131lar\u0131n anlat\u0131ld\u0131\u011f\u0131 \u201ce\u011flencelik\u201d bir yaz\u0131m t\u00fcr\u00fc oldu\u011fu anlam\u0131na da gelmez. Destanlar kendi i\u00e7lerinde s\u0131rlar bar\u0131nd\u0131r\u0131rlar. O d\u00f6nemin toplumunun bildi\u011fi ve gelece\u011fe aktar\u0131lmas\u0131 gereken s\u0131rlar.Pisagor\u2019dan \u00e7ok \u00f6nce M\u00d6 1.000 tarihinde yaz\u0131ld\u0131\u011f\u0131 art\u0131k kesinle\u015fen Baudhayana Sutralar\u2019da, 1,414215 olarak verilen ikinin karek\u00f6k\u00fcn\u00fcn M\u00d6 3.150 y\u0131l\u0131ndaki Kuruk\u015fetra Sava\u015f\u0131\u2019n\u0131 anlatan Mahabharata\u2019ya \u201cDevasa Ku\u015f Garuda\u201d motifi ve 196 tu\u011fladan in\u015fa edilen \u201cKanatlar\u0131n\u0131 a\u00e7m\u0131\u015f kartal \u015feklindeki sunak\u201d ifadesi ile i\u015flendi\u011fini biliyor muyuz?M\u00d6 500 y\u0131l\u0131nda kitap h\u00e2line getirilen bir destan\u0131n i\u00e7indeki bilgilerin, Baudhayana\u2019dan \u00e7ok daha \u00f6nce, M\u00d6 3300 y\u0131l\u0131nda kurulan Harappa Antik Kenti\u2019yle ba\u015flayan \u0130ndus Vadisi Uygarl\u0131\u011f\u0131 d\u00f6neminde zaten bilindi\u011fi, yap\u0131lan kaz\u0131larda ortaya \u00e7\u0131kart\u0131lan kanad\u0131n\u0131 a\u00e7m\u0131\u015f kartal \u015feklindeki sunaklardan anla\u015f\u0131lm\u0131\u015ft\u0131r. Ancak her zamanki gibi Bat\u0131 bilimi, bu konuda suskun kalmaya ve bizi \u201ck\u00f6k yiyen\u201d toplay\u0131c\u0131 insan topluluklar\u0131ndan evrimle\u015fmi\u015f bir topluluk oldu\u011fumuza inand\u0131rmaya \u00e7al\u0131yor. Pisagor\u2019a atfedilen teoremler, ondan be\u015f y\u00fcz y\u0131l \u00f6ncesine ait teoremler ve bug\u00fcn\u00fcm\u00fczden \u00fc\u00e7 bin y\u0131l \u00f6ncesine ait teoremler de asl\u0131nda g\u00fcn\u00fcm\u00fczden be\u015f bin \u00fc\u00e7 y\u00fcz y\u0131l \u00f6ncesine ait. Biri M\u00d6 5.000 y\u0131l\u0131na ait (Ramayana) biri de M\u00d6 3.000 y\u0131l\u0131na ait (Mahabharata) destanlar\u0131 \u00e7evirmeye devam ettik\u00e7e yalandan \u00f6r\u00fcl\u00fc Bat\u0131 ve Amerika eksenli tarih yerle bir olacak gibi duruyor. Yeter ki bizler, bu destanlar\u0131 bilimle i\u00e7 i\u00e7e okumaya devam edelim.<\/p>\n","protected":false},"excerpt":{"rendered":"<p>Destanlar; \u00f6zellikleri itibar\u0131yla akl\u0131m\u0131z\u0131n alamayaca\u011f\u0131 say\u0131s\u0131z ola\u011fan\u00fcst\u00fc motiflerle s\u00fcslenmi\u015f, bir milletin kar\u015f\u0131la\u015f\u0131lan olaylara kar\u015f\u0131 verdi\u011fi tepkileri anlat\u0131r. Ancak bu kesinlikle u\u00e7an, ka\u00e7an, yok olan sava\u015f\u00e7\u0131lar\u0131n anlat\u0131ld\u0131\u011f\u0131<span class=\"excerpt-hellip\"> [\u2026]<\/span><\/p>\n","protected":false},"featured_media":0,"template":"","meta":{"_monsterinsights_skip_tracking":false,"_monsterinsights_sitenote_active":false,"_monsterinsights_sitenote_note":"","_monsterinsights_sitenote_category":0},"product_brand":[],"product_cat":[12291,13706],"product_tag":[],"class_list":{"0":"post-734019","1":"product","2":"type-product","3":"status-publish","5":"product_cat-edebiyat","6":"product_cat-efsane-destan-masal","7":"pa_cilt-ciltsiz","8":"pa_tur-kitap","9":"pa_yayinevi-vaveyla-yayincilik","10":"pa_yazar-ayasya","12":"first","13":"instock","14":"sale","15":"shipping-taxable","16":"purchasable","17":"product-type-simple"},"_links":{"self":[{"href":"https:\/\/roveyayinevi.com.tr\/index.php\/wp-json\/wp\/v2\/product\/734019","targetHints":{"allow":["GET"]}}],"collection":[{"href":"https:\/\/roveyayinevi.com.tr\/index.php\/wp-json\/wp\/v2\/product"}],"about":[{"href":"https:\/\/roveyayinevi.com.tr\/index.php\/wp-json\/wp\/v2\/types\/product"}],"wp:attachment":[{"href":"https:\/\/roveyayinevi.com.tr\/index.php\/wp-json\/wp\/v2\/media?parent=734019"}],"wp:term":[{"taxonomy":"product_brand","embeddable":true,"href":"https:\/\/roveyayinevi.com.tr\/index.php\/wp-json\/wp\/v2\/product_brand?post=734019"},{"taxonomy":"product_cat","embeddable":true,"href":"https:\/\/roveyayinevi.com.tr\/index.php\/wp-json\/wp\/v2\/product_cat?post=734019"},{"taxonomy":"product_tag","embeddable":true,"href":"https:\/\/roveyayinevi.com.tr\/index.php\/wp-json\/wp\/v2\/product_tag?post=734019"}],"curies":[{"name":"wp","href":"https:\/\/api.w.org\/{rel}","templated":true}]}}