{"id":734007,"date":"2025-08-27T22:20:26","date_gmt":"2025-08-27T19:20:26","guid":{"rendered":"https:\/\/roveyayinevi.com.tr\/index.php\/urun\/beyaz-harp\/"},"modified":"2026-04-16T02:41:41","modified_gmt":"2026-04-15T23:41:41","slug":"beyaz-harp","status":"publish","type":"product","link":"https:\/\/roveyayinevi.com.tr\/index.php\/urun\/beyaz-harp\/","title":{"rendered":"Beyaz Harp"},"content":{"rendered":"<p>Tarihi Kaynaklar E\u015fli\u011finde Kafkas Cephesi\u2019nde Ya\u015fananlar\u20261 Kas\u0131m 1914. \u00dc\u00e7 y\u0131l s\u00fcrecek amans\u0131z bir m\u00fccadelenin ba\u015flad\u0131\u011f\u0131 g\u00fcn. Ortalama rak\u0131m 2000 metre. Tarifi m\u00fcmk\u00fcn olmayan so\u011fuk, topra\u011f\u0131n her yan\u0131n\u0131 kaplam\u0131\u015f kar tabakas\u0131, havaya kar\u0131\u015fm\u0131\u015f kesif bir barut kokusu. Sonu nerede ve ne zaman bitece\u011fi bilinmeyen bir k\u0131yamet atmosferi: Kafkas Cephesi. Osmanl\u0131 Devleti i\u00e7in Birinci D\u00fcnya Sava\u015f\u0131, Kafkas Cephesi ile ba\u015flad\u0131. T\u00fcrk donanmas\u0131n\u0131n Karadeniz\u2019de yapt\u0131\u011f\u0131 bombard\u0131man sonras\u0131nda Rus Kafkas ordusu, T\u00fcrk-Rus s\u0131n\u0131r\u0131n\u0131 ge\u00e7erek sava\u015f\u0131 ba\u015flatt\u0131. Bu tarihten itibaren \u00fc\u00e7 y\u0131l boyunca Kafkas Cephesi, o g\u00fcne kadar kaydedilen en kanl\u0131 m\u00fccadelelere sahne oldu.Elinizdeki \u00e7al\u0131\u015fma, ekonomik ve asker\u00ee g\u00fcc\u00fcn\u00fcz olmadan sava\u015famayaca\u011f\u0131n\u0131z\u0131, Sar\u0131kam\u0131\u015f Harek\u00e2t\u0131\u2019nda \u015fehit say\u0131s\u0131n\u0131n 90 bin olmad\u0131\u011f\u0131n\u0131, Te\u015fkilat-\u0131 Mahsusa\u2019n\u0131n bir istihbarat \u00f6rg\u00fct\u00fcnden ziyade gayrinizami harp \u00f6rg\u00fct\u00fc oldu\u011funu, Kafkas Cephesi\u2019nin kaybedilen cepheler stat\u00fcs\u00fcnde g\u00f6sterilmesine ra\u011fmen \u015fayet a\u00e7\u0131lmam\u0131\u015f olsayd\u0131 Ruslar\u0131n kolayl\u0131kla \u0130stanbul\u2019u i\u015fgal edebilece\u011fini belgelere dayanarak ortaya koymaktad\u0131r.Sar\u0131kam\u0131\u015f Harek\u00e2t\u0131nda sancak esir d\u00fc\u015fmesin diye sancaks\u0131z \u015fehit d\u00fc\u015fenlerin m\u00fccadelesi, Kafkasya\u2019y\u0131 fethetmek isteyen Te\u015fkilat-\u0131 Mahsusa g\u00f6revlilerinin operasyonlar\u0131, Erzurum, Erzincan, Artvin, Rize ve Trabzon\u2019da ya\u015fanan m\u00fccadelelerin tamam\u0131, salg\u0131n hastal\u0131klar dolay\u0131s\u0131yla ya\u015fanan kay\u0131plar ve sava\u015f\u0131n en trajik sonu\u00e7lar\u0131n\u0131n ba\u015f\u0131nda gelen g\u00f6\u00e7ler; T\u00fcrk ve Rus kaynaklar\u0131 taranarak renkli krokiler e\u015fli\u011finde ilk kez bu kitapta ortaya seriliyor.Dr. S\u00fcleyman Tekir, Beyaz Harp kitab\u0131yla asker\u00ee tarihimizdeki Birinci D\u00fcnya Sava\u015f\u0131\u2019na dair b\u00fcy\u00fck bir bo\u015flu\u011fu dolduruyor, T\u00fcrk ve Rus kaynaklar\u0131n\u0131 kar\u015f\u0131la\u015ft\u0131rarak cepheye yeni bir bak\u0131\u015f a\u00e7\u0131s\u0131 kazand\u0131r\u0131yor.<\/p>\n","protected":false},"excerpt":{"rendered":"<p>Tarihi Kaynaklar E\u015fli\u011finde Kafkas Cephesi\u2019nde Ya\u015fananlar\u20261 Kas\u0131m 1914. \u00dc\u00e7 y\u0131l s\u00fcrecek amans\u0131z bir m\u00fccadelenin ba\u015flad\u0131\u011f\u0131 g\u00fcn. Ortalama rak\u0131m 2000 metre. Tarifi m\u00fcmk\u00fcn olmayan so\u011fuk, topra\u011f\u0131n her<span class=\"excerpt-hellip\"> [\u2026]<\/span><\/p>\n","protected":false},"featured_media":0,"template":"","meta":{"_monsterinsights_skip_tracking":false,"_monsterinsights_sitenote_active":false,"_monsterinsights_sitenote_note":"","_monsterinsights_sitenote_category":0},"product_brand":[],"product_cat":[12304,13650],"product_tag":[],"class_list":{"0":"post-734007","1":"product","2":"type-product","3":"status-publish","5":"product_cat-tarih","6":"product_cat-turk-tarihi-arastirmalari","7":"pa_cilt-ciltsiz","8":"pa_tur-kitap","9":"pa_yayinevi-kronik-kitap","10":"pa_yazar-suleyman-tekir","12":"first","13":"instock","14":"sale","15":"shipping-taxable","16":"purchasable","17":"product-type-simple"},"_links":{"self":[{"href":"https:\/\/roveyayinevi.com.tr\/index.php\/wp-json\/wp\/v2\/product\/734007","targetHints":{"allow":["GET"]}}],"collection":[{"href":"https:\/\/roveyayinevi.com.tr\/index.php\/wp-json\/wp\/v2\/product"}],"about":[{"href":"https:\/\/roveyayinevi.com.tr\/index.php\/wp-json\/wp\/v2\/types\/product"}],"wp:attachment":[{"href":"https:\/\/roveyayinevi.com.tr\/index.php\/wp-json\/wp\/v2\/media?parent=734007"}],"wp:term":[{"taxonomy":"product_brand","embeddable":true,"href":"https:\/\/roveyayinevi.com.tr\/index.php\/wp-json\/wp\/v2\/product_brand?post=734007"},{"taxonomy":"product_cat","embeddable":true,"href":"https:\/\/roveyayinevi.com.tr\/index.php\/wp-json\/wp\/v2\/product_cat?post=734007"},{"taxonomy":"product_tag","embeddable":true,"href":"https:\/\/roveyayinevi.com.tr\/index.php\/wp-json\/wp\/v2\/product_tag?post=734007"}],"curies":[{"name":"wp","href":"https:\/\/api.w.org\/{rel}","templated":true}]}}