{"id":734006,"date":"2025-08-27T22:20:25","date_gmt":"2025-08-27T19:20:25","guid":{"rendered":"https:\/\/roveyayinevi.com.tr\/index.php\/urun\/marie-antoinette-2\/"},"modified":"2026-04-16T02:41:41","modified_gmt":"2026-04-15T23:41:41","slug":"marie-antoinette-2","status":"publish","type":"product","link":"https:\/\/roveyayinevi.com.tr\/index.php\/urun\/marie-antoinette-2\/","title":{"rendered":"Marie Antoinette"},"content":{"rendered":"<p>Boyun E\u011fmeyen, Anla\u015f\u0131lmam\u0131\u015f, Kurallar\u0131 \u00c7i\u011fneyen Bir Kad\u0131n\u2026Tarihin en \u00fcnl\u00fc Fransa krali\u00e7esi Marie Antoinette, \u00f6l\u00fcm\u00fcn\u00fcn ard\u0131ndan 200 y\u0131ldan fazla zaman ge\u00e7mesine ra\u011fmen hakk\u0131nda en \u00e7ok yaz\u0131 yaz\u0131lan ve dolay\u0131s\u0131yla her seferinde yeni ba\u015ftan yarat\u0131lan bir isimdir. Ona adanm\u0131\u015f kitaplar\u0131n, filmlerin, belgesellerin, resimlerin yan\u0131 s\u0131ra onu kullanarak \u00fcretilen imgelerin de sonu gelmez: ti\u015f\u00f6rtler, \u00e7ikolata paketleri, \u00e7ay kutular\u0131, fincanlar, parf\u00fcm \u015fi\u015feleri, \u00e7antalar, aynalar, yast\u0131klar, yapbozlar\u2026 Gittik\u00e7e bir tarihi karakterden pazarlama \u00fcr\u00fcn\u00fcne d\u00f6n\u00fc\u015fen Marie Antoinette\u2019i anlamak i\u00e7in esasl\u0131 sorular sormak gerekir:Onun hik\u00e2yesi, bir zamanlar krali\u00e7e olan ve otuz sekiz ya\u015f\u0131nda giyotine giden bir kad\u0131n\u0131n hayat\u0131ndan m\u0131 ibarettir? Yaln\u0131zca bir isim midir? Modan\u0131n i\u00e7i bo\u015f ve y\u0131k\u0131c\u0131 evreninde kendini unutan y\u00fczeysel gen\u00e7 bir kad\u0131n m\u0131? Versailles\u2019\u0131n bir k\u00f6\u015fesindeki be\u015f para etmez k\u00f6y\u00fcnde \u00e7obanc\u0131l\u0131k oynayan biri mi yoksa? Devletin kasas\u0131n\u0131 bo\u015faltacak denli savurgan bir krali\u00e7e mi? Gittik\u00e7e daha ayk\u0131r\u0131, daha bask\u0131n bir cinselli\u011fe, biseks\u00fcelli\u011fe, lezbiyenli\u011fe ve hatta enseste d\u00fc\u015fk\u00fcn bir kad\u0131n m\u0131? Giyotinden ge\u00e7mi\u015f bir beden, ensesinden kan damlayan kesik bir ba\u015f m\u0131?Tarih\u00e7i C\u00e9cile Berly; sap\u0131 samandan, ger\u00e7e\u011fi fanteziden, mant\u0131\u011f\u0131 duygudan, makul\u00fc imkans\u0131zdan ustal\u0131kla ay\u0131rd\u0131\u011f\u0131 bu \u00e7al\u0131\u015fmas\u0131nda Marie Antoinette i\u00e7in yeni bir okuma sunuyor. D\u00f6nemini ka\u00e7\u0131n\u0131lmaz \u015fekilde etkileyen bir krali\u00e7enin, bir kad\u0131n\u0131n portresini, nesnel verilerden hareketle, sezgilere ve s\u00f6ylentilere paye vermeksizin b\u00fcy\u00fck bir \u00f6zenle \u00e7iziyor.Marie Antoinette, g\u00f6r\u00fcnd\u00fc\u011f\u00fcnden \u00e7ok daha karma\u015f\u0131k bir tarihi fig\u00fcrden yola \u00e7\u0131karak, Frans\u0131z kraliyetinin son g\u00fcnlerini, Devrim\u2019in \u015fafa\u011f\u0131n\u0131 en \u00f6nemsiz, en sert ve en ac\u0131kl\u0131 yanlar\u0131yla yeniden g\u00f6zler \u00f6n\u00fcne seren bir \u00e7al\u0131\u015fma.<\/p>\n","protected":false},"excerpt":{"rendered":"<p>Boyun E\u011fmeyen, Anla\u015f\u0131lmam\u0131\u015f, Kurallar\u0131 \u00c7i\u011fneyen Bir Kad\u0131n\u2026Tarihin en \u00fcnl\u00fc Fransa krali\u00e7esi Marie Antoinette, \u00f6l\u00fcm\u00fcn\u00fcn ard\u0131ndan 200 y\u0131ldan fazla zaman ge\u00e7mesine ra\u011fmen hakk\u0131nda en \u00e7ok yaz\u0131 yaz\u0131lan<span class=\"excerpt-hellip\"> [\u2026]<\/span><\/p>\n","protected":false},"featured_media":0,"template":"","meta":{"_monsterinsights_skip_tracking":false,"_monsterinsights_sitenote_active":false,"_monsterinsights_sitenote_note":"","_monsterinsights_sitenote_category":0},"product_brand":[],"product_cat":[13946,12304],"product_tag":[],"class_list":{"0":"post-734006","1":"product","2":"type-product","3":"status-publish","5":"product_cat-biyografi-otobiyografi","6":"product_cat-tarih","7":"pa_cilt-ciltsiz","8":"pa_tur-kitap","9":"pa_yayinevi-kronik-kitap","10":"pa_yazar-cecile-berly","12":"first","13":"instock","14":"sale","15":"shipping-taxable","16":"purchasable","17":"product-type-simple"},"_links":{"self":[{"href":"https:\/\/roveyayinevi.com.tr\/index.php\/wp-json\/wp\/v2\/product\/734006","targetHints":{"allow":["GET"]}}],"collection":[{"href":"https:\/\/roveyayinevi.com.tr\/index.php\/wp-json\/wp\/v2\/product"}],"about":[{"href":"https:\/\/roveyayinevi.com.tr\/index.php\/wp-json\/wp\/v2\/types\/product"}],"wp:attachment":[{"href":"https:\/\/roveyayinevi.com.tr\/index.php\/wp-json\/wp\/v2\/media?parent=734006"}],"wp:term":[{"taxonomy":"product_brand","embeddable":true,"href":"https:\/\/roveyayinevi.com.tr\/index.php\/wp-json\/wp\/v2\/product_brand?post=734006"},{"taxonomy":"product_cat","embeddable":true,"href":"https:\/\/roveyayinevi.com.tr\/index.php\/wp-json\/wp\/v2\/product_cat?post=734006"},{"taxonomy":"product_tag","embeddable":true,"href":"https:\/\/roveyayinevi.com.tr\/index.php\/wp-json\/wp\/v2\/product_tag?post=734006"}],"curies":[{"name":"wp","href":"https:\/\/api.w.org\/{rel}","templated":true}]}}