{"id":734004,"date":"2025-08-27T22:20:24","date_gmt":"2025-08-27T19:20:24","guid":{"rendered":"https:\/\/roveyayinevi.com.tr\/index.php\/urun\/dokuz-dunya-devi\/"},"modified":"2026-04-16T02:41:41","modified_gmt":"2026-04-15T23:41:41","slug":"dokuz-dunya-devi","status":"publish","type":"product","link":"https:\/\/roveyayinevi.com.tr\/index.php\/urun\/dokuz-dunya-devi\/","title":{"rendered":"Dokuz D\u00fcnya Devi"},"content":{"rendered":"<p>\u0130nsan-Makine \u0130li\u015fkisini D\u00f6n\u00fc\u015ft\u00fcren G\u00fc\u00e7l\u00fc \u015eirketler Hakk\u0131nda Bir \u00c7a\u011fr\u0131\u2026Yapay zek\u00e2 hayatlar\u0131m\u0131za girdi bile ama bu, bekledi\u011fimiz \u015fekilde olmad\u0131. O bize trafikte yol g\u00f6steren; yanl\u0131\u015f yazd\u0131\u011f\u0131m\u0131z s\u00f6zc\u00fcklerde ne demek istedi\u011fimizi anlayan; ne sat\u0131n alaca\u011f\u0131m\u0131z\u0131, izleyece\u011fimizi ve dinleyece\u011fimizi belirleyen g\u00f6r\u00fcnmez bir altyap\u0131.Art\u0131k yapay zek\u00e2n\u0131n gelece\u011finin yaln\u0131zca yayg\u0131n i\u015fsizlikten ve tepemizde u\u00e7an insans\u0131z silahlardan ibaret olmad\u0131\u011f\u0131n\u0131 biliyoruz.Dokuz b\u00fcy\u00fck \u015firket -Amazon, Google, Facebook, Tencent, Baidu, Alibaba, Microsoft, IBM ve Apple- yapay zek\u00e2n\u0131n h\u00e2kimleri ve finansal kazan\u00e7 elde etmek i\u00e7in sadece donan\u0131m ve kod olu\u015fturmakla kalm\u0131yor, insanl\u0131\u011f\u0131n de\u011ferlerini yans\u0131tan d\u00fc\u015f\u00fcnen makineleri de in\u015fa ediyorlar.Dokuz D\u00fcnya Devi\u2019ni mercek alt\u0131na al\u0131p yapay zek\u00e2n\u0131n vaatlerine ve tehlikelerine \u0131\u015f\u0131k tutan Amy Webb, ileride bizi nelerin bekledi\u011fini ve yapay zek\u00e2n\u0131n hepimizle ilgili oldu\u011funu anlamam\u0131z\u0131 sa\u011fl\u0131yor. Gelecek i\u00e7in kurgulad\u0131\u011f\u0131 potansiyel senaryolar \u00fczerinden Webb, yapay zek\u00e2n\u0131n mevcut ekonomilerimizi ve d\u00fcnya d\u00fczenini nas\u0131l yeniden bi\u00e7imlendirece\u011fine ve bunun ABD ile \u00c7in aras\u0131nda sebep olabilece\u011fi jeopolitik gerilime dair derin bir kavray\u0131\u015f sunuyor.\u2022 Makineler d\u00fc\u015f\u00fcnebilir mi? Bir makinenin d\u00fc\u015f\u00fcnebilmesi ne anlama gelir?\u2022 \u0130nsan zek\u00e2s\u0131 ile \u00c7in ve ABD\u2019nin Dokuz D\u00fcnya Devi taraf\u0131ndan yap\u0131lan makineler aras\u0131ndaki ba\u011flant\u0131 nedir?\u2022 Bir grup insan taraf\u0131ndan herkes i\u00e7in karar vermek \u00fczere tasarlanm\u0131\u015f bir sisteme g\u00fc\u00e7 aktard\u0131\u011f\u0131m\u0131zda topluma ne olur? Peki ya bu kararlar, piyasa g\u00fc\u00e7lerinden veya h\u0131rsl\u0131 bir siyasi partiden etkileniyorsa?\u2022 Yapay zek\u00e2 sistemleri tam olarak hangi \u201cbiz\u201d \u00fczerinden modelleniyor? Kimin de\u011ferleri, idealleri ve d\u00fcnya g\u00f6r\u00fc\u015fleri \u00f6\u011fretiliyor?\u2022 Yapay zek\u00e2, Amerika\u2019n\u0131n \u00fc\u00e7 efendisine; Washington, Silikon Vadisi ve Wall Street\u2019e mi, yoksa daha geni\u015f bir kitleye mi hizmet edecek?Dokuz D\u00fcnya Devi; insan merkezli bir \u00e7a\u011fr\u0131dan \u00e7ok daha fazlas\u0131\u2026 Bizi algoritmik karar vericilerden ve g\u00fc\u00e7l\u00fc \u015firketlerden kurtarmak ve bu s\u00fcre\u00e7te insanl\u0131\u011f\u0131n do\u011fru yolu tutabilmesi i\u00e7in ayr\u0131nt\u0131l\u0131 bir plan\u2026<\/p>\n","protected":false},"excerpt":{"rendered":"<p>\u0130nsan-Makine \u0130li\u015fkisini D\u00f6n\u00fc\u015ft\u00fcren G\u00fc\u00e7l\u00fc \u015eirketler Hakk\u0131nda Bir \u00c7a\u011fr\u0131\u2026Yapay zek\u00e2 hayatlar\u0131m\u0131za girdi bile ama bu, bekledi\u011fimiz \u015fekilde olmad\u0131. O bize trafikte yol g\u00f6steren; yanl\u0131\u015f yazd\u0131\u011f\u0131m\u0131z s\u00f6zc\u00fcklerde ne<span class=\"excerpt-hellip\"> [\u2026]<\/span><\/p>\n","protected":false},"featured_media":0,"template":"","meta":{"_monsterinsights_skip_tracking":false,"_monsterinsights_sitenote_active":false,"_monsterinsights_sitenote_note":"","_monsterinsights_sitenote_category":0},"product_brand":[],"product_cat":[13043,17647],"product_tag":[],"class_list":{"0":"post-734004","1":"product","2":"type-product","3":"status-publish","5":"product_cat-ekonomi","6":"product_cat-is-dunyasi","7":"pa_cilt-ciltsiz","8":"pa_tur-kitap","9":"pa_yayinevi-kronik-kitap","10":"pa_yazar-amy-webb","12":"first","13":"instock","14":"sale","15":"shipping-taxable","16":"purchasable","17":"product-type-simple"},"_links":{"self":[{"href":"https:\/\/roveyayinevi.com.tr\/index.php\/wp-json\/wp\/v2\/product\/734004","targetHints":{"allow":["GET"]}}],"collection":[{"href":"https:\/\/roveyayinevi.com.tr\/index.php\/wp-json\/wp\/v2\/product"}],"about":[{"href":"https:\/\/roveyayinevi.com.tr\/index.php\/wp-json\/wp\/v2\/types\/product"}],"wp:attachment":[{"href":"https:\/\/roveyayinevi.com.tr\/index.php\/wp-json\/wp\/v2\/media?parent=734004"}],"wp:term":[{"taxonomy":"product_brand","embeddable":true,"href":"https:\/\/roveyayinevi.com.tr\/index.php\/wp-json\/wp\/v2\/product_brand?post=734004"},{"taxonomy":"product_cat","embeddable":true,"href":"https:\/\/roveyayinevi.com.tr\/index.php\/wp-json\/wp\/v2\/product_cat?post=734004"},{"taxonomy":"product_tag","embeddable":true,"href":"https:\/\/roveyayinevi.com.tr\/index.php\/wp-json\/wp\/v2\/product_tag?post=734004"}],"curies":[{"name":"wp","href":"https:\/\/api.w.org\/{rel}","templated":true}]}}