{"id":734003,"date":"2025-08-27T22:20:23","date_gmt":"2025-08-27T19:20:23","guid":{"rendered":"https:\/\/roveyayinevi.com.tr\/index.php\/urun\/asyanin-buyuk-imparatorluklari\/"},"modified":"2026-04-16T02:41:41","modified_gmt":"2026-04-15T23:41:41","slug":"asyanin-buyuk-imparatorluklari","status":"publish","type":"product","link":"https:\/\/roveyayinevi.com.tr\/index.php\/urun\/asyanin-buyuk-imparatorluklari\/","title":{"rendered":"Asya&#8217;n\u0131n B\u00fcy\u00fck \u0130mparatorluklar\u0131"},"content":{"rendered":"<p>D\u00fcnya Tarihine Damga Vuran \u0130mparatorluklarPasifik\u2019ten Balkanlar\u2019a 5.000 mil boyunca uzanan Asya imparatorluklar\u0131, \u00e7e\u015fitli etnik gruplar\u0131, k\u00fclt\u00fcrleri, dinleri bir araya getiren h\u00e2kimiyet sahalar\u0131 tesis ederek bin y\u0131l\u0131 a\u015fk\u0131n zaman zarf\u0131nda d\u00fcnya tarihine damga vurdular. Bu imparatorluklar, d\u00fcnyan\u0131n g\u00f6rd\u00fc\u011f\u00fc en ola\u011fan\u00fcst\u00fc \u015fahsiyetler taraf\u0131ndan kurulup y\u00f6netildiler.\u00c7inggis Han, g\u00f6ksel h\u00e2kimiyet iddias\u0131ndaki \u00c7in imparatorlar\u0131, Osmanl\u0131 sultanlar\u0131 ve b\u00fcy\u00fck Bab\u00fcr \u0130mparatoru Ekber gibi isimler, h\u00e2kimiyetlerinin m\u00fcthi\u015f do\u011fas\u0131n\u0131 vurgulamak i\u00e7in mimar\u00ee ve k\u00fclt\u00fcrel hazinelerle dolu ba\u015fkentler in\u015fa ettiler: Bab\u00fcr an\u0131tlar\u0131, Pekin\u2019in Yasak \u015eehri, Topkap\u0131 Saray\u0131, Angkor\u2019un muhte\u015fem tap\u0131naklar\u0131 ve \u0130sfahan\u2019\u0131n camileri\u2026Elinizdeki \u00e7al\u0131\u015fma, MS 800\u2019den 20. y\u00fczy\u0131l\u0131n ortalar\u0131na kadar tarihe damgas\u0131n\u0131 vurmu\u015f Mo\u011fol \u0130mparatorlu\u011fu, Ming Hanedanl\u0131\u011f\u0131, Khmer \u0130mparatorlu\u011fu, Osmanl\u0131 \u0130mparatorlu\u011fu, Safevi \u0130mparatorlu\u011fu, Bab\u00fcr \u0130mparatorlu\u011fu ve Meiji Restorasyonu gibi yedi b\u00fcy\u00fck Asya imparatorlu\u011funu incelemek i\u00e7in alan\u0131nda uzman geni\u015f bir tarih\u00e7i kadrosunu bir araya getiriyor.Asya krall\u0131klar\u0131n\u0131n k\u00fcresel siyas\u00ee co\u011frafyaya hangi yollarla egemen oldu\u011funu, Avrupa devletlerine her alanda nas\u0131l meydan okuduklar\u0131n\u0131 g\u00f6sterirken onlar\u0131 \u015fekillendiren ki\u015filere, olaylara ve etkilere dair b\u00fcy\u00fcleyici perspektifler sunuyor. \u00c7al\u0131\u015fmada ayr\u0131ca Asya imparatorluklar\u0131n\u0131n y\u00fczlerce y\u0131l ekonomik, bilimsel ve k\u00fclt\u00fcrel olarak d\u00fcnyaya nas\u0131l liderlik ettikleri, bu kudreti nas\u0131l kazand\u0131klar\u0131, neden kaybettikleri ve b\u0131rakt\u0131klar\u0131 miras da inceleniyor.\u201cAsya\u2019n\u0131n B\u00fcy\u00fck \u0130mparatorluklar\u0131\u201d, Avrupa\u2019n\u0131n Asya\u2019ya g\u00f6re \u00fcst\u00fcnl\u00fc\u011f\u00fc hakk\u0131ndaki eski mitlere kat\u2019i bir \u015ferh koyup g\u00fcn\u00fcm\u00fcz\u00fcn k\u00fcresel uygarl\u0131\u011f\u0131n\u0131n \u015fekillenmesinde Asya \u0130mparatorluklar\u0131n\u0131n nas\u0131l kilit bir rol oynad\u0131\u011f\u0131n\u0131 sars\u0131c\u0131 bir \u00fcslupla anlat\u0131yor.<\/p>\n","protected":false},"excerpt":{"rendered":"<p>D\u00fcnya Tarihine Damga Vuran \u0130mparatorluklarPasifik\u2019ten Balkanlar\u2019a 5.000 mil boyunca uzanan Asya imparatorluklar\u0131, \u00e7e\u015fitli etnik gruplar\u0131, k\u00fclt\u00fcrleri, dinleri bir araya getiren h\u00e2kimiyet sahalar\u0131 tesis ederek bin y\u0131l\u0131<span class=\"excerpt-hellip\"> [\u2026]<\/span><\/p>\n","protected":false},"featured_media":0,"template":"","meta":{"_monsterinsights_skip_tracking":false,"_monsterinsights_sitenote_active":false,"_monsterinsights_sitenote_note":"","_monsterinsights_sitenote_category":0},"product_brand":[],"product_cat":[12370,12304],"product_tag":[],"class_list":{"0":"post-734003","1":"product","2":"type-product","3":"status-publish","5":"product_cat-arastirma-inceleme","6":"product_cat-tarih","7":"pa_cilt-ciltsiz","8":"pa_tur-kitap","9":"pa_yayinevi-kronik-kitap","10":"pa_yazar-jim-masselos","12":"first","13":"instock","14":"sale","15":"shipping-taxable","16":"purchasable","17":"product-type-simple"},"_links":{"self":[{"href":"https:\/\/roveyayinevi.com.tr\/index.php\/wp-json\/wp\/v2\/product\/734003","targetHints":{"allow":["GET"]}}],"collection":[{"href":"https:\/\/roveyayinevi.com.tr\/index.php\/wp-json\/wp\/v2\/product"}],"about":[{"href":"https:\/\/roveyayinevi.com.tr\/index.php\/wp-json\/wp\/v2\/types\/product"}],"wp:attachment":[{"href":"https:\/\/roveyayinevi.com.tr\/index.php\/wp-json\/wp\/v2\/media?parent=734003"}],"wp:term":[{"taxonomy":"product_brand","embeddable":true,"href":"https:\/\/roveyayinevi.com.tr\/index.php\/wp-json\/wp\/v2\/product_brand?post=734003"},{"taxonomy":"product_cat","embeddable":true,"href":"https:\/\/roveyayinevi.com.tr\/index.php\/wp-json\/wp\/v2\/product_cat?post=734003"},{"taxonomy":"product_tag","embeddable":true,"href":"https:\/\/roveyayinevi.com.tr\/index.php\/wp-json\/wp\/v2\/product_tag?post=734003"}],"curies":[{"name":"wp","href":"https:\/\/api.w.org\/{rel}","templated":true}]}}