{"id":734001,"date":"2025-08-27T22:20:22","date_gmt":"2025-08-27T19:20:22","guid":{"rendered":"https:\/\/roveyayinevi.com.tr\/index.php\/urun\/ilk-turkler\/"},"modified":"2026-04-16T02:41:41","modified_gmt":"2026-04-15T23:41:41","slug":"ilk-turkler","status":"publish","type":"product","link":"https:\/\/roveyayinevi.com.tr\/index.php\/urun\/ilk-turkler\/","title":{"rendered":"\u0130lk T\u00fcrkler"},"content":{"rendered":"<p>T\u00fcrklerin K\u00f6keni Ve Tarihi Ser\u00fcveni\u2026Tarih boyunca bir\u00e7ok k\u0131taya yay\u0131lan T\u00fcrkler \u00e7ok \u00e7e\u015fitli felaketlere maruz kalmalar\u0131na ra\u011fmen da\u011f\u0131lmam\u0131\u015flar, tarih sahnesinden kaybolmam\u0131\u015flard\u0131r. Bir\u00e7ok farkl\u0131 sebepten dolay\u0131 b\u00f6l\u00fcnerek ba\u015fka co\u011frafyalara g\u00f6\u00e7 ettikleri de g\u00f6r\u00fclm\u00fc\u015ft\u00fcr. T\u00fcm bu da\u011f\u0131n\u0131kl\u0131\u011fa ra\u011fmen k\u00fclt\u00fcrlerini kaybetmemi\u015fler, medeniyetlerini s\u00fcrd\u00fcrmeyi bilmi\u015flerdir.Tarihin en eski devirlerinden 21. y\u00fczy\u0131la kadar varl\u0131\u011f\u0131n\u0131 s\u00fcrd\u00fcren T\u00fcrk k\u00f6kenli topluluklar\u0131 anlaman\u0131n birinci yolu T\u00fcrk boylar\u0131n\u0131 ge\u00e7mi\u015ften g\u00fcn\u00fcm\u00fcze incelemektir. \u0130kinci yol ise, Avrasya tarihinin derinliklerine inip varl\u0131\u011f\u0131ndan haberdar olunan t\u00fcm T\u00fcrk boylar\u0131n\u0131 takip etmektir. G\u00fcney Sibirya\u2019n\u0131n Altay Da\u011flar\u0131\u2019nda g\u00f6rd\u00fc\u011f\u00fcm\u00fcz bir boya daha sonra Tanr\u0131 Da\u011flar\u0131\u2019nda veya Anadolu\u2019da rastlayabiliriz. Avrupa\u2019n\u0131n ortas\u0131ndaki Macaristan ovalar\u0131nda ya\u015fayan T\u00fcrk k\u00f6kenli bir boyun k\u00f6kenini Mo\u011folistan\u2019da ya da bir b\u00f6l\u00fcm\u00fcn\u00fc Hindistan veya M\u0131s\u0131r\u2019da bulabiliriz. Bunlar, T\u00fcrklerin co\u011frafyayla ve zamanla s\u0131n\u0131rlanmayan tarihine dair en \u00f6nemli \u00f6rneklerdir.Ahmet Ta\u015fa\u011f\u0131l, Orta Asya bozk\u0131r\u0131n\u0131n derinliklerinden tarih sahnesine \u00e7\u0131kan ilk ana boy grubundan ba\u015flayarak O\u011fuzlara kadar uzanan, T\u00fcrk g\u00f6vdesini meydana getiren boylar\u0131 inceledi\u011fi bu \u00f6nemli \u00e7al\u0131\u015fmas\u0131nda; T\u00fcrgi\u015f, O\u011fuz, K\u0131p\u00e7ak ve Karluk gibi b\u00fcy\u00fck boylar\u0131 ve her birinin ortaya \u00e7\u0131k\u0131\u015f\u0131n\u0131, tarihlerini ve siyasi-sosyal durumlar\u0131n\u0131 de\u011ferlendiriyor. Bunun yan\u0131 s\u0131ra kitapta Sibirya\u2019n\u0131n geni\u015f alanlar\u0131nda ya\u015fam\u0131\u015f ve say\u0131sal olarak az olan boylar\u0131 da ele alarak, Do\u011fu ve Bat\u0131 O\u011fuzlar\u0131n\u0131n ortaya \u00e7\u0131k\u0131\u015flar\u0131n\u0131 anlat\u0131yor, 10. y\u00fczy\u0131ldan itibaren Macaristan ile Altay Da\u011flar\u0131 aras\u0131nda da\u011f\u0131lm\u0131\u015f olarak ya\u015fayan K\u0131p\u00e7aklara da \u00f6zel bir yer ay\u0131r\u0131yor.\u201c\u0130LK T\u00dcRKLER: Bozk\u0131rdan D\u00fcnyaya Yay\u0131lanlar\u201d, ge\u00e7mi\u015ften g\u00fcn\u00fcm\u00fcze T\u00fcrk tarihinin izini s\u00fcren en g\u00fcncel \u00e7al\u0131\u015fmalardan biri\u2026<\/p>\n","protected":false},"excerpt":{"rendered":"<p>T\u00fcrklerin K\u00f6keni Ve Tarihi Ser\u00fcveni\u2026Tarih boyunca bir\u00e7ok k\u0131taya yay\u0131lan T\u00fcrkler \u00e7ok \u00e7e\u015fitli felaketlere maruz kalmalar\u0131na ra\u011fmen da\u011f\u0131lmam\u0131\u015flar, tarih sahnesinden kaybolmam\u0131\u015flard\u0131r. Bir\u00e7ok farkl\u0131 sebepten dolay\u0131 b\u00f6l\u00fcnerek ba\u015fka<span class=\"excerpt-hellip\"> [\u2026]<\/span><\/p>\n","protected":false},"featured_media":0,"template":"","meta":{"_monsterinsights_skip_tracking":false,"_monsterinsights_sitenote_active":false,"_monsterinsights_sitenote_note":"","_monsterinsights_sitenote_category":0},"product_brand":[],"product_cat":[12370,12304],"product_tag":[],"class_list":{"0":"post-734001","1":"product","2":"type-product","3":"status-publish","5":"product_cat-arastirma-inceleme","6":"product_cat-tarih","7":"pa_cilt-ciltsiz","8":"pa_tur-kitap","9":"pa_yayinevi-kronik-kitap","10":"pa_yazar-ahmet-tasagil","12":"first","13":"instock","14":"sale","15":"shipping-taxable","16":"purchasable","17":"product-type-simple"},"_links":{"self":[{"href":"https:\/\/roveyayinevi.com.tr\/index.php\/wp-json\/wp\/v2\/product\/734001","targetHints":{"allow":["GET"]}}],"collection":[{"href":"https:\/\/roveyayinevi.com.tr\/index.php\/wp-json\/wp\/v2\/product"}],"about":[{"href":"https:\/\/roveyayinevi.com.tr\/index.php\/wp-json\/wp\/v2\/types\/product"}],"wp:attachment":[{"href":"https:\/\/roveyayinevi.com.tr\/index.php\/wp-json\/wp\/v2\/media?parent=734001"}],"wp:term":[{"taxonomy":"product_brand","embeddable":true,"href":"https:\/\/roveyayinevi.com.tr\/index.php\/wp-json\/wp\/v2\/product_brand?post=734001"},{"taxonomy":"product_cat","embeddable":true,"href":"https:\/\/roveyayinevi.com.tr\/index.php\/wp-json\/wp\/v2\/product_cat?post=734001"},{"taxonomy":"product_tag","embeddable":true,"href":"https:\/\/roveyayinevi.com.tr\/index.php\/wp-json\/wp\/v2\/product_tag?post=734001"}],"curies":[{"name":"wp","href":"https:\/\/api.w.org\/{rel}","templated":true}]}}