{"id":734000,"date":"2025-08-27T22:20:21","date_gmt":"2025-08-27T19:20:21","guid":{"rendered":"https:\/\/roveyayinevi.com.tr\/index.php\/urun\/medici-ailesi\/"},"modified":"2026-04-16T02:41:41","modified_gmt":"2026-04-15T23:41:41","slug":"medici-ailesi","status":"publish","type":"product","link":"https:\/\/roveyayinevi.com.tr\/index.php\/urun\/medici-ailesi\/","title":{"rendered":"Medici Ailesi"},"content":{"rendered":"<p>Bankac\u0131l\u0131\u011f\u0131n ve Sanat\u0131n B\u00fcy\u00fck Patronlar\u0131\u2026Bir as\u0131r. Be\u015f nesil. \u0130ki ehil idareci sayesinde \u00f6nce iktisadi sonra da siyasi ba\u015f d\u00f6nd\u00fcr\u00fcc\u00fc bir y\u00fckseli\u015f. Yatalak ve asabi bir adam d\u00f6neminde ya\u015fanan duraklama. Sonra da s\u00fcratle ortadan kalkacak bir servete dayal\u0131 yirmi be\u015f senelik siyasi t\u0131rman\u0131\u015f. Akabinde de ani ve kesin bir \u00e7\u00f6k\u00fc\u015f. Kutsal emanetlerden merasim z\u0131rhlar\u0131na, el yazmalar\u0131ndan m\u00fccevherlere ve kabartmalara dek tamam\u0131 koleksiyoncu olan, dolay\u0131s\u0131yla bankac\u0131l\u0131kta da sanatta da derin izler b\u0131rakm\u0131\u015f tarihi bir topluluk: Medici ailesi\u2026Onlar, kendilerinden sonra gelen d\u00fcnyay\u0131 bir\u00e7ok y\u00f6nden de\u011fi\u015ftirdiler. Leonardo da Vinci, Donatello, Michelangelo, Boticelli ve Galileo\u2019nun hamileri oldular; \u00e7ek kullan\u0131m\u0131, \u00e7ift defter tutma ve \u015fube bankac\u0131l\u0131\u011f\u0131yla modern bankac\u0131l\u0131\u011f\u0131n temellerini att\u0131lar; Vatikan\u2019\u0131n Bankas\u0131 olarak an\u0131ld\u0131lar. Aile temellerinin \u00f6z\u00fcn\u00fc olu\u015fturan ticaret, din ve siyaset \u00fc\u00e7l\u00fcs\u00fcnde e\u015fine zor rastlan\u0131r bir ili\u015fki kurdular.\u0130ngiliz romanc\u0131, \u00e7evirmen, yazar ve edebiyat profes\u00f6r\u00fc Tim Parks bu \u00e7al\u0131\u015fmas\u0131nda Medici ailesinin parlay\u0131p s\u00f6nd\u00fc\u011f\u00fc 15. y\u00fczy\u0131ldaki icraatlar\u0131na yo\u011funla\u015f\u0131yor: bankalar\u0131; siyasi faaliyetleri, evlilikleri, k\u00f6leleri ve metresleri; atlatt\u0131klar\u0131 komplolar, in\u015fa ettikleri evler ve sahip \u00e7\u0131kt\u0131lar\u0131 sanat\u00e7\u0131lar. Onlar\u0131n hik\u00e2yesinden yola \u00e7\u0131karak g\u00fcn\u00fcm\u00fczde k\u00fclt\u00fcrle kredi kartlar\u0131 aras\u0131nda var olan ili\u015fkiyi anlamaya gayret edip uluslararas\u0131 finans ve onun din ve siyasetle olan ili\u015fkisine dair \u015f\u00fcphelerimiz hakk\u0131nda bize neler s\u00f6yleyebilece\u011fini anlat\u0131yor.Medici Ailesi: R\u00f6nesans \u00c7a\u011f\u0131\u2019nda Bankac\u0131l\u0131k, Siyaset ve Sanat entrikalar\u0131, h\u0131rslar\u0131, ba\u015far\u0131lar\u0131, yetersizlikleri, ihti\u015famlar\u0131 ve g\u00f6zden d\u00fc\u015f\u00fc\u015fleri ile b\u00fcy\u00fck bir ailenin ola\u011fan\u00fcst\u00fc hik\u00e2yesini olduk\u00e7a canl\u0131 bir \u00fcslupla merakl\u0131 okurlara sunuyor.<\/p>\n","protected":false},"excerpt":{"rendered":"<p>Bankac\u0131l\u0131\u011f\u0131n ve Sanat\u0131n B\u00fcy\u00fck Patronlar\u0131\u2026Bir as\u0131r. Be\u015f nesil. \u0130ki ehil idareci sayesinde \u00f6nce iktisadi sonra da siyasi ba\u015f d\u00f6nd\u00fcr\u00fcc\u00fc bir y\u00fckseli\u015f. Yatalak ve asabi bir adam<span class=\"excerpt-hellip\"> [\u2026]<\/span><\/p>\n","protected":false},"featured_media":0,"template":"","meta":{"_monsterinsights_skip_tracking":false,"_monsterinsights_sitenote_active":false,"_monsterinsights_sitenote_note":"","_monsterinsights_sitenote_category":0},"product_brand":[],"product_cat":[12370,12304],"product_tag":[],"class_list":{"0":"post-734000","1":"product","2":"type-product","3":"status-publish","5":"product_cat-arastirma-inceleme","6":"product_cat-tarih","7":"pa_cilt-ciltsiz","8":"pa_tur-kitap","9":"pa_yayinevi-kronik-kitap","10":"pa_yazar-tim-parks","12":"first","13":"instock","14":"sale","15":"shipping-taxable","16":"purchasable","17":"product-type-simple"},"_links":{"self":[{"href":"https:\/\/roveyayinevi.com.tr\/index.php\/wp-json\/wp\/v2\/product\/734000","targetHints":{"allow":["GET"]}}],"collection":[{"href":"https:\/\/roveyayinevi.com.tr\/index.php\/wp-json\/wp\/v2\/product"}],"about":[{"href":"https:\/\/roveyayinevi.com.tr\/index.php\/wp-json\/wp\/v2\/types\/product"}],"wp:attachment":[{"href":"https:\/\/roveyayinevi.com.tr\/index.php\/wp-json\/wp\/v2\/media?parent=734000"}],"wp:term":[{"taxonomy":"product_brand","embeddable":true,"href":"https:\/\/roveyayinevi.com.tr\/index.php\/wp-json\/wp\/v2\/product_brand?post=734000"},{"taxonomy":"product_cat","embeddable":true,"href":"https:\/\/roveyayinevi.com.tr\/index.php\/wp-json\/wp\/v2\/product_cat?post=734000"},{"taxonomy":"product_tag","embeddable":true,"href":"https:\/\/roveyayinevi.com.tr\/index.php\/wp-json\/wp\/v2\/product_tag?post=734000"}],"curies":[{"name":"wp","href":"https:\/\/api.w.org\/{rel}","templated":true}]}}