{"id":733999,"date":"2025-08-27T22:20:20","date_gmt":"2025-08-27T19:20:20","guid":{"rendered":"https:\/\/roveyayinevi.com.tr\/index.php\/urun\/korku-vadisi-ciltli-2\/"},"modified":"2026-04-16T02:41:41","modified_gmt":"2026-04-15T23:41:41","slug":"korku-vadisi-ciltli-2","status":"publish","type":"product","link":"https:\/\/roveyayinevi.com.tr\/index.php\/urun\/korku-vadisi-ciltli-2\/","title":{"rendered":"Korku Vadisi (Ciltli)"},"content":{"rendered":"<p>Sir Arthur Conan Doyle\u2019un ak\u0131l y\u00fcr\u00fctme yetene\u011fi \u00e7ok g\u00fc\u00e7l\u00fc Edinburglu bir \u00f6\u011fretmenden esinlenerek yaratt\u0131\u011f\u0131 Sherlock Holmes karakteri ilk kez 1887\u2019de yay\u0131mlanan K\u0131z\u0131l \u0130pucu\u2019nda boy g\u00f6sterdi. \u0130ngiliz edebiyat\u0131n\u0131n en canl\u0131 karakterlerinden biri olan Holmes, piposu, \u015fapkas\u0131 ve kendine \u00f6zg\u00fc giysileriyle farkl\u0131 bir dedektif olarak daha sonra pek \u00e7ok romanda okuyucunun kar\u015f\u0131s\u0131na \u00e7\u0131kt\u0131. Arkada\u015f\u0131 Dr. Watson ve d\u00fc\u015fman\u0131 Prof. Moriarty ile birlikte bir\u00e7ok filmin de kahraman\u0131 olarak \u00fcn kazand\u0131. Doyle\u2019un yazd\u0131\u011f\u0131 tarihi romanlar ve tiyatro oyunlar\u0131 Sherlock Holmes\u2019un kazand\u0131\u011f\u0131 \u00fcn\u00fcn g\u00f6lgesinde kald\u0131. Holmes\u2019un ele ald\u0131\u011f\u0131 karma\u015f\u0131k cinayetler, kar\u015f\u0131la\u015ft\u0131\u011f\u0131 su\u00e7lular, sahte ipu\u00e7lar\u0131, \u00e7aresiz kalm\u0131\u015f kanun adamlar\u0131, yalan s\u00f6yleyen tan\u0131klar, rastlant\u0131lar, dedektifin g\u00f6zlem g\u00fcc\u00fc, zek\u00e2s\u0131 ve ula\u015ft\u0131\u011f\u0131 umulmad\u0131k \u00e7\u00f6z\u00fcmler zevkli bir kurgu i\u00e7inde, ak\u0131c\u0131 bir \u00fcslupla edebiyat\u0131n klasikleri aras\u0131na kat\u0131ld\u0131. <\/p>\n","protected":false},"excerpt":{"rendered":"<p>Sir Arthur Conan Doyle\u2019un ak\u0131l y\u00fcr\u00fctme yetene\u011fi \u00e7ok g\u00fc\u00e7l\u00fc Edinburglu bir \u00f6\u011fretmenden esinlenerek yaratt\u0131\u011f\u0131 Sherlock Holmes karakteri ilk kez 1887\u2019de yay\u0131mlanan K\u0131z\u0131l \u0130pucu\u2019nda boy g\u00f6sterdi. \u0130ngiliz<span class=\"excerpt-hellip\"> [\u2026]<\/span><\/p>\n","protected":false},"featured_media":0,"template":"","meta":{"_monsterinsights_skip_tracking":false,"_monsterinsights_sitenote_active":false,"_monsterinsights_sitenote_note":"","_monsterinsights_sitenote_category":0},"product_brand":[],"product_cat":[12291,26797],"product_tag":[],"class_list":{"0":"post-733999","1":"product","2":"type-product","3":"status-publish","5":"product_cat-edebiyat","6":"product_cat-modern-klasikler","7":"pa_cilt-ciltli","8":"pa_tur-kitap","9":"pa_yayinevi-is-bankasi-kultur-yayinlari","10":"pa_yazar-sir-arthur-conan-doyle","12":"first","13":"instock","14":"sale","15":"shipping-taxable","16":"purchasable","17":"product-type-simple"},"_links":{"self":[{"href":"https:\/\/roveyayinevi.com.tr\/index.php\/wp-json\/wp\/v2\/product\/733999","targetHints":{"allow":["GET"]}}],"collection":[{"href":"https:\/\/roveyayinevi.com.tr\/index.php\/wp-json\/wp\/v2\/product"}],"about":[{"href":"https:\/\/roveyayinevi.com.tr\/index.php\/wp-json\/wp\/v2\/types\/product"}],"wp:attachment":[{"href":"https:\/\/roveyayinevi.com.tr\/index.php\/wp-json\/wp\/v2\/media?parent=733999"}],"wp:term":[{"taxonomy":"product_brand","embeddable":true,"href":"https:\/\/roveyayinevi.com.tr\/index.php\/wp-json\/wp\/v2\/product_brand?post=733999"},{"taxonomy":"product_cat","embeddable":true,"href":"https:\/\/roveyayinevi.com.tr\/index.php\/wp-json\/wp\/v2\/product_cat?post=733999"},{"taxonomy":"product_tag","embeddable":true,"href":"https:\/\/roveyayinevi.com.tr\/index.php\/wp-json\/wp\/v2\/product_tag?post=733999"}],"curies":[{"name":"wp","href":"https:\/\/api.w.org\/{rel}","templated":true}]}}