{"id":733996,"date":"2025-08-27T22:20:17","date_gmt":"2025-08-27T19:20:17","guid":{"rendered":"https:\/\/roveyayinevi.com.tr\/index.php\/urun\/edebiyat-sosyolojisini-guncel-kilmak\/"},"modified":"2026-04-16T02:41:41","modified_gmt":"2026-04-15T23:41:41","slug":"edebiyat-sosyolojisini-guncel-kilmak","status":"publish","type":"product","link":"https:\/\/roveyayinevi.com.tr\/index.php\/urun\/edebiyat-sosyolojisini-guncel-kilmak\/","title":{"rendered":"Edebiyat Sosyolojisini G\u00fcncel K\u0131lmak"},"content":{"rendered":"<p>Edebiyat bizim a\u00e7\u0131m\u0131zdan, hakikati ke\u015ffe de\u011fil, \u00fcretime yaslaman\u0131n anahtar\u0131d\u0131r. Hakikati bir \u00fcretim kural\u0131 olarak d\u00fc\u015f\u00fcn\u00fcrsek edebiyat\u0131n toplumsal d\u00f6n\u00fc\u015f\u00fcm s\u00fcre\u00e7lerindeki rol\u00fcn\u00fc ortaya koyabiliriz. Bu s\u00fcre\u00e7lerin edebiyata ta\u015f\u0131nmas\u0131, hakikatin g\u00fc\u00e7l\u00fc bir hayk\u0131r\u0131\u015f\u0131d\u0131r. Her toplumsal d\u00f6n\u00fc\u015f\u00fcm s\u00fcreci kendi hakikatini dokurken, edebiyat yazarlar\u0131 ya\u015fananlar\u0131 toplumsal belle\u011fe yerle\u015ftirme noktas\u0131nda \u00f6n s\u0131ralarda yer alm\u0131\u015flard\u0131r. Edebiyat, yeri geldi\u011finde k\u00f6t\u00fc olan\u0131, yeri geldi\u011findeyse iyi olan\u0131 hanesine i\u015fleyip insanlara ta\u015f\u0131rken, toplumsal belle\u011fi her daim diri tutmas\u0131n\u0131 bilmi\u015ftir.Bu kitapta edebiyat sosyolojisine \u00f6nemli katk\u0131lar sunarak yer alan \u00e7al\u0131\u015fmalar, bize bir kez daha edebiyat\u0131n hakikat \u00fcretimiyle g\u00fc\u00e7l\u00fc bir ili\u015fkisi oldu\u011funu g\u00f6steriyor.<\/p>\n","protected":false},"excerpt":{"rendered":"<p>Edebiyat bizim a\u00e7\u0131m\u0131zdan, hakikati ke\u015ffe de\u011fil, \u00fcretime yaslaman\u0131n anahtar\u0131d\u0131r. Hakikati bir \u00fcretim kural\u0131 olarak d\u00fc\u015f\u00fcn\u00fcrsek edebiyat\u0131n toplumsal d\u00f6n\u00fc\u015f\u00fcm s\u00fcre\u00e7lerindeki rol\u00fcn\u00fc ortaya koyabiliriz. Bu s\u00fcre\u00e7lerin edebiyata ta\u015f\u0131nmas\u0131,<span class=\"excerpt-hellip\"> [\u2026]<\/span><\/p>\n","protected":false},"featured_media":0,"template":"","meta":{"_monsterinsights_skip_tracking":false,"_monsterinsights_sitenote_active":false,"_monsterinsights_sitenote_note":"","_monsterinsights_sitenote_category":0},"product_brand":[],"product_cat":[12325,12324],"product_tag":[],"class_list":{"0":"post-733996","1":"product","2":"type-product","3":"status-publish","5":"product_cat-diger-sosyoloji","6":"product_cat-sosyoloji","7":"pa_cilt-ciltsiz","8":"pa_tur-kitap","9":"pa_yayinevi-nika-yayinevi","10":"pa_yazar-aziz-seker-emre-ozcan","12":"first","13":"instock","14":"sale","15":"shipping-taxable","16":"purchasable","17":"product-type-simple"},"_links":{"self":[{"href":"https:\/\/roveyayinevi.com.tr\/index.php\/wp-json\/wp\/v2\/product\/733996","targetHints":{"allow":["GET"]}}],"collection":[{"href":"https:\/\/roveyayinevi.com.tr\/index.php\/wp-json\/wp\/v2\/product"}],"about":[{"href":"https:\/\/roveyayinevi.com.tr\/index.php\/wp-json\/wp\/v2\/types\/product"}],"wp:attachment":[{"href":"https:\/\/roveyayinevi.com.tr\/index.php\/wp-json\/wp\/v2\/media?parent=733996"}],"wp:term":[{"taxonomy":"product_brand","embeddable":true,"href":"https:\/\/roveyayinevi.com.tr\/index.php\/wp-json\/wp\/v2\/product_brand?post=733996"},{"taxonomy":"product_cat","embeddable":true,"href":"https:\/\/roveyayinevi.com.tr\/index.php\/wp-json\/wp\/v2\/product_cat?post=733996"},{"taxonomy":"product_tag","embeddable":true,"href":"https:\/\/roveyayinevi.com.tr\/index.php\/wp-json\/wp\/v2\/product_tag?post=733996"}],"curies":[{"name":"wp","href":"https:\/\/api.w.org\/{rel}","templated":true}]}}