{"id":733995,"date":"2025-08-27T22:20:16","date_gmt":"2025-08-27T19:20:16","guid":{"rendered":"https:\/\/roveyayinevi.com.tr\/index.php\/urun\/salgin-halleri\/"},"modified":"2026-04-16T02:41:41","modified_gmt":"2026-04-15T23:41:41","slug":"salgin-halleri","status":"publish","type":"product","link":"https:\/\/roveyayinevi.com.tr\/index.php\/urun\/salgin-halleri\/","title":{"rendered":"Salg\u0131n Halleri"},"content":{"rendered":"<p>COVID-19, h\u0131zl\u0131 bula\u015f riski, yay\u0131lma kapasitesi ve diren\u00e7li varyantlar\u0131 sebebiyle t\u00fcm d\u00fcnyay\u0131 k\u0131sa s\u00fcrede etkisi alt\u0131na ald\u0131. Bu beklenmedik ve endi\u015fe verici geli\u015fme, k\u00fcresel ticaret ve ula\u015f\u0131m a\u011flar\u0131ndaki yo\u011funluk, siyasal \u00f6ng\u00f6r\u00fcs\u00fczl\u00fck, sa\u011fl\u0131k hizmetleri ve altyap\u0131s\u0131ndaki yetersizlikler gibi fakt\u00f6rlerin eklenmesiyle toplumsal hayat\u0131n her alan\u0131nda giderek derinle\u015fen bir krize d\u00f6n\u00fc\u015ft\u00fc. Sadece d\u00fcnyan\u0131n her k\u00f6\u015fesinden milyonlarca insan\u0131n ya\u015fam\u0131n\u0131 yitirmesine yol a\u00e7mad\u0131. K\u00fcresel \u00f6l\u00e7ekte ya\u015fanan istihdam kayb\u0131, ola\u011fan\u00fcst\u00fc h\u00e2l kapsam\u0131nda uygulanan soka\u011fa \u00e7\u0131kma yasa\u011f\u0131, seyahat engeli gibi k\u0131s\u0131tlamalar ve aksayan e\u011fitim faaliyetleri milyarlarca insan\u0131n hayat\u0131na ket vurdu. Hal b\u00f6yleyken, salg\u0131n\u0131 kontrol alt\u0131na alabilmenin yollar\u0131n\u0131 ara\u015ft\u0131rmak kamu sa\u011fl\u0131\u011f\u0131 a\u00e7\u0131s\u0131ndan ne kadar \u00f6nemliyse, salg\u0131n\u0131n sosyo-politik ve ekonomik alandaki tezah\u00fcrlerini sorgulamak da bu s\u00fcre\u00e7te ortaya \u00e7\u0131kan ve peki\u015fen toplumsal e\u015fitsizlikleri anlamak a\u00e7\u0131s\u0131ndan o kadar \u00f6nemli. Salg\u0131n Halleri: COVID-19 ve Toplumsal E\u015fitsizlikler, salg\u0131n\u0131n bir anda ve t\u00fcm \u00e7\u0131plakl\u0131\u011f\u0131yla ortaya sa\u00e7t\u0131\u011f\u0131 bu \u00e7ok katmanl\u0131 e\u015fitsizlikleri mercek alt\u0131na al\u0131yor.Risk ve N\u00fcfus Tart\u0131\u015fmalar\u0131 Ba\u011flam\u0131nda T\u00fcrkiye\u2019de COVID-19 Pandemisi  Ebru Kayaalp JurIch ve \u0130brahim Burhan I\u015f\u0131k \u2022 Mikroskobik K\u00fcresel Co\u011frafya: Pandemi ve Co\u011frafi \u00d6l\u00e7e\u011fin Yeniden \u00dcretimi Mehmet Bar\u0131\u015f Kuymulu \u2022 Salg\u0131n Dil Oyunlar\u0131nda D\u00fc\u015fmanla\u015ft\u0131r\u0131lan COVID-19 Onur Bilginer ve Bahar Aykan \u2022 COVID-19 Ba\u011flam\u0131nda Hukuksal D\u00fczenlemeler ve Toplumsal Ya\u015famdaki Etkileri Hakk\u0131nda Bir De\u011ferlendirme Duygu HatIpo\u011flu Ayd\u0131n \u2022 Tedirgin Etkile\u015fim: Salg\u0131n D\u00f6neminde G\u00fcndelik Hayat\u0131n D\u00f6n\u00fc\u015f\u00fcm\u00fc Aksu Ak\u00e7ao\u011flu \u2022 Farkl\u0131 \u00c7a\u011flar\u0131n, Ekonomilerin ve Co\u011frafyalar\u0131n Vebalar\u0131: COVID-19 ve HIV\/AIDS \u0130lhan Can \u00d6zen \u2022 \u201cYeni Normal\u201d Hepimiz i\u00e7in E\u015fit mi? COVID-19 Salg\u0131n\u0131nda Yurtta\u015f Olanlar ve Ol(a)mayanlar Ye\u015fim Mutlu \u2022 K\u00fcresel Salg\u0131n D\u00fcnyas\u0131nda \u0130\u015f\u00e7i S\u0131n\u0131f\u0131: Belirginle\u015fen ve Derinle\u015fen E\u015fitsizlikler  Zafer Ganio\u011flu \u2022 Pandeminin \u00d6rg\u00fcn E\u011fitim Sekt\u00f6r\u00fcnde Yaratt\u0131\u011f\u0131 K\u0131r\u0131lganl\u0131klar \u00d6nder K\u00fc\u00e7\u00fckural ve EtrIt ShkrelI \u2022 \u0130ktidar, Salg\u0131n ve Toplum: Ya\u015fl\u0131 Hanelerinden Kapanma Antimonileri HAtice Yaprak Civelek \u2022 Pandemide Derinle\u015fen Toplumsal Cinsiyet E\u015fit(siz)li\u011fine Bir Bak\u0131\u015f G\u00f6kten Do\u011fang\u00fcn \u2022 R\u00f6portaj: Salg\u0131n ve Toplumsal Cinsiyet Temelli Ayrmc\u0131l\u0131k Canan Balan<\/p>\n","protected":false},"excerpt":{"rendered":"<p>COVID-19, h\u0131zl\u0131 bula\u015f riski, yay\u0131lma kapasitesi ve diren\u00e7li varyantlar\u0131 sebebiyle t\u00fcm d\u00fcnyay\u0131 k\u0131sa s\u00fcrede etkisi alt\u0131na ald\u0131. Bu beklenmedik ve endi\u015fe verici geli\u015fme, k\u00fcresel ticaret ve<span class=\"excerpt-hellip\"> [\u2026]<\/span><\/p>\n","protected":false},"featured_media":0,"template":"","meta":{"_monsterinsights_skip_tracking":false,"_monsterinsights_sitenote_active":false,"_monsterinsights_sitenote_note":"","_monsterinsights_sitenote_category":0},"product_brand":[],"product_cat":[13005,38128],"product_tag":[],"class_list":{"0":"post-733995","1":"product","2":"type-product","3":"status-publish","5":"product_cat-bilim-muhendislik","6":"product_cat-tip-bilimleri","7":"pa_cilt-ciltsiz","8":"pa_tur-kitap","9":"pa_yayinevi-nika-yayinevi","10":"pa_yazar-bahar-aykan-onur-bilginer","12":"first","13":"instock","14":"sale","15":"shipping-taxable","16":"purchasable","17":"product-type-simple"},"_links":{"self":[{"href":"https:\/\/roveyayinevi.com.tr\/index.php\/wp-json\/wp\/v2\/product\/733995","targetHints":{"allow":["GET"]}}],"collection":[{"href":"https:\/\/roveyayinevi.com.tr\/index.php\/wp-json\/wp\/v2\/product"}],"about":[{"href":"https:\/\/roveyayinevi.com.tr\/index.php\/wp-json\/wp\/v2\/types\/product"}],"wp:attachment":[{"href":"https:\/\/roveyayinevi.com.tr\/index.php\/wp-json\/wp\/v2\/media?parent=733995"}],"wp:term":[{"taxonomy":"product_brand","embeddable":true,"href":"https:\/\/roveyayinevi.com.tr\/index.php\/wp-json\/wp\/v2\/product_brand?post=733995"},{"taxonomy":"product_cat","embeddable":true,"href":"https:\/\/roveyayinevi.com.tr\/index.php\/wp-json\/wp\/v2\/product_cat?post=733995"},{"taxonomy":"product_tag","embeddable":true,"href":"https:\/\/roveyayinevi.com.tr\/index.php\/wp-json\/wp\/v2\/product_tag?post=733995"}],"curies":[{"name":"wp","href":"https:\/\/api.w.org\/{rel}","templated":true}]}}