{"id":733993,"date":"2025-08-27T22:20:14","date_gmt":"2025-08-27T19:20:14","guid":{"rendered":"https:\/\/roveyayinevi.com.tr\/index.php\/urun\/modern-para-teorisi-ve-politikasi\/"},"modified":"2026-04-16T02:41:41","modified_gmt":"2026-04-15T23:41:41","slug":"modern-para-teorisi-ve-politikasi","status":"publish","type":"product","link":"https:\/\/roveyayinevi.com.tr\/index.php\/urun\/modern-para-teorisi-ve-politikasi\/","title":{"rendered":"Modern Para Teorisi Ve Politikas\u0131"},"content":{"rendered":"<p>Bu kitap, \u201cPara nedir?\u201d sorusuyla ba\u015flad\u0131. Bu soru bar\u0131nd\u0131rd\u0131\u011f\u0131 iki kelimeden \u00e7ok daha fazlas\u0131n\u0131 ortaya koyma potansiyeline sahip. \u00c7\u00fcnk\u00fc paran\u0131n tan\u0131m\u0131 tarihsel s\u00fcre\u00e7te farkl\u0131la\u015f\u0131rken para teorisi de de\u011fi\u015fti. Sonu\u00e7, bug\u00fcn\u00fcn k\u00fcresel ekonomisinde modern para politikas\u0131n\u0131n b\u00fcr\u00fcnd\u00fc\u011f\u00fc olduk\u00e7a karma\u015f\u0131k yap\u0131 ve bunun beraberinde getirdi\u011fi tart\u0131\u015fmalar oldu. Neoliberal politikalar\u0131n h\u0131z ve derinlik katt\u0131\u011f\u0131 finansalla\u015fma s\u00fcreci parasal ekonomiyi Ortodoks bak\u0131\u015f a\u00e7\u0131s\u0131n\u0131n \u00e7izdi\u011fi kat\u0131 s\u0131n\u0131rlar\u0131n d\u0131\u015f\u0131na \u00e7\u0131kard\u0131. Heterodoks yakla\u015f\u0131mlar \u00f6nem kazanmaya ba\u015flad\u0131. Dolay\u0131s\u0131yla bug\u00fcn gelinen noktada parasal ekonomi a\u00e7\u0131s\u0131ndan iyice belirginle\u015fen bu ikilemi her zamankinden daha fazla tart\u0131\u015fmak, geli\u015fmekte olan d\u0131\u015fa a\u00e7\u0131k piyasa ekonomilerinin politika s\u00fcrecinde yol a\u00e7t\u0131\u011f\u0131 soru i\u015faretlerini ve modern para politikas\u0131n\u0131n dinamik i\u015fleyi\u015f yap\u0131s\u0131n\u0131 farkl\u0131 bir bi\u00e7imde ortaya koymak gerekiyordu. Bu vesileyle eski bir sorudan yola \u00e7\u0131kan, gayesi yeni bir bak\u0131\u015f a\u00e7\u0131s\u0131 sunmak olan bu kitap ortaya \u00e7\u0131kt\u0131.Parasalla\u015fm\u0131\u015f bir d\u00fcnyada paran\u0131n ne oldu\u011funu anlamak her ku\u015fa\u011f\u0131n ilgi oda\u011f\u0131 olmu\u015ftur. \u0130ktisat teorisinde para, iki ucu keskin b\u0131\u00e7a\u011fa benzeyen bir konudur. Baz\u0131 iktisat\u00e7\u0131lar i\u00e7in sadece de\u011fi\u015fim ve m\u00fcbadele arac\u0131 iken, baz\u0131lar\u0131 i\u00e7in ise ekonominin ta kendisi, sermayenin en feti\u015f bi\u00e7imidir. Paran\u0131n toplumsal, ekonomik, politik ve ahlaki boyutu ise ayr\u0131 bir tart\u0131\u015fma konusudur. Elinizdeki kitap genelde Ortodoks ve Heterodoks, \u00f6zelde ise Yeni Uzla\u015f\u0131 ve Post-Keynesyen bak\u0131\u015f a\u00e7\u0131lar\u0131yla para-de\u011fer, para-fiyat, para-zaman, para-varl\u0131k, para-faiz gibi konular\u0131 ele almaktad\u0131r. Bunun yan\u0131nda para yarat\u0131m\u0131, finans ve para politikalar\u0131 da tart\u0131\u015f\u0131lmaktad\u0131r. Kitap akademisyenler kadar, bu konular\u0131 merak eden talebeler i\u00e7in de faydal\u0131 olacakt\u0131r.Prof. Dr. Cem Mehmet Baydur<\/p>\n","protected":false},"excerpt":{"rendered":"<p>Bu kitap, \u201cPara nedir?\u201d sorusuyla ba\u015flad\u0131. Bu soru bar\u0131nd\u0131rd\u0131\u011f\u0131 iki kelimeden \u00e7ok daha fazlas\u0131n\u0131 ortaya koyma potansiyeline sahip. \u00c7\u00fcnk\u00fc paran\u0131n tan\u0131m\u0131 tarihsel s\u00fcre\u00e7te farkl\u0131la\u015f\u0131rken para teorisi<span class=\"excerpt-hellip\"> [\u2026]<\/span><\/p>\n","protected":false},"featured_media":0,"template":"","meta":{"_monsterinsights_skip_tracking":false,"_monsterinsights_sitenote_active":false,"_monsterinsights_sitenote_note":"","_monsterinsights_sitenote_category":0},"product_brand":[],"product_cat":[13059,12337],"product_tag":[],"class_list":{"0":"post-733993","1":"product","2":"type-product","3":"status-publish","5":"product_cat-diger-politika-siyaset","6":"product_cat-politika-siyaset","7":"pa_cilt-ciltsiz","8":"pa_tur-kitap","9":"pa_yayinevi-efil-yayinevi","10":"pa_yazar-bora-suslu-ozgur-balmumcu","12":"first","13":"instock","14":"sale","15":"shipping-taxable","16":"purchasable","17":"product-type-simple"},"_links":{"self":[{"href":"https:\/\/roveyayinevi.com.tr\/index.php\/wp-json\/wp\/v2\/product\/733993","targetHints":{"allow":["GET"]}}],"collection":[{"href":"https:\/\/roveyayinevi.com.tr\/index.php\/wp-json\/wp\/v2\/product"}],"about":[{"href":"https:\/\/roveyayinevi.com.tr\/index.php\/wp-json\/wp\/v2\/types\/product"}],"wp:attachment":[{"href":"https:\/\/roveyayinevi.com.tr\/index.php\/wp-json\/wp\/v2\/media?parent=733993"}],"wp:term":[{"taxonomy":"product_brand","embeddable":true,"href":"https:\/\/roveyayinevi.com.tr\/index.php\/wp-json\/wp\/v2\/product_brand?post=733993"},{"taxonomy":"product_cat","embeddable":true,"href":"https:\/\/roveyayinevi.com.tr\/index.php\/wp-json\/wp\/v2\/product_cat?post=733993"},{"taxonomy":"product_tag","embeddable":true,"href":"https:\/\/roveyayinevi.com.tr\/index.php\/wp-json\/wp\/v2\/product_tag?post=733993"}],"curies":[{"name":"wp","href":"https:\/\/api.w.org\/{rel}","templated":true}]}}