{"id":733988,"date":"2025-08-27T22:20:09","date_gmt":"2025-08-27T19:20:09","guid":{"rendered":"https:\/\/roveyayinevi.com.tr\/index.php\/urun\/murekkebe-boyanan-sardunya-1-ciltli\/"},"modified":"2026-04-16T02:41:40","modified_gmt":"2026-04-15T23:41:40","slug":"murekkebe-boyanan-sardunya-1-ciltli","status":"publish","type":"product","link":"https:\/\/roveyayinevi.com.tr\/index.php\/urun\/murekkebe-boyanan-sardunya-1-ciltli\/","title":{"rendered":"M\u00fcrekkebe Boyanan Sardunya 1 (Ciltli)"},"content":{"rendered":"<p>\u201cSevgi ac\u0131t\u0131r, \u00f6p yaralar\u0131mdan belki sana da bula\u015f\u0131r.\u201d     A\u015fk bazen bir kitab\u0131n c\u00fcmlesinde, bir \u00e7i\u00e7e\u011fin yapra\u011f\u0131nda, bir damla g\u00f6zya\u015f\u0131nda ya da ilk bak\u0131\u015fta gizlidir. Mislina i\u00e7in de \u00f6yleydi.  Akif Selim\u2019in m\u00fcrekkep mavisig\u00f6zlerine bir kez bak\u0131nca kendi kalbiyle  tan\u0131\u015ft\u0131 ve o g\u00fcnden sonra hi\u00e7bir \u015fey eskisi gibi olmad\u0131.   Mislina Farah\u2019\u0131n a\u015fk\u0131 o kitab\u0131n c\u00fcmlesi,o \u00e7i\u00e7e\u011fin yapra\u011f\u0131,  saf bir g\u00f6zya\u015f\u0131 ve ilk bak\u0131\u015f\u0131n sonuncusuna uzand\u0131\u011f\u0131 bir kalp at\u0131\u015f\u0131yd\u0131. Penceresinin \u00f6n\u00fcndekisardunyalar arkada\u015f\u0131, \u00c7ak\u0131r yolda\u015f\u0131,  Kumru ise s\u0131rda\u015f\u0131 oldu. T\u00fcm bu g\u00fczel \u015feyler Akif Selim\u2019in kalbine giden zarif ve tehlikesiz bir yoldu.   Sevginin en masum, en derin, en saf haliydi onlar\u0131n hik\u00e2yesi. K\u0131r\u0131lan kalpler bile var olduklar\u0131 bedenleri sevdiler \u00e7\u00fcnk\u00fc g\u00fcn sonunda iyile\u015feceklerini bildiler. Sevgi bazen ac\u0131tsa da ince ruhlar ac\u0131tt\u0131klar\u0131 yerleri \u00f6per, iyi ederdi. T\u0131pk\u0131 bu iki ruhun sahibi gibi.   \u201cSevginin u\u011framad\u0131\u011f\u0131 kalplere ba\u015fkas\u0131n\u0131n y\u00fcre\u011fi a\u011f\u0131r gelir. Sevmek y\u00fcrek ister, zaman ister, hakikat ister. Yalan bir ruhun varl\u0131\u011f\u0131 elbet bir g\u00fcn t\u00f6kezler.\u201d <\/p>\n","protected":false},"excerpt":{"rendered":"<p>\u201cSevgi ac\u0131t\u0131r, \u00f6p yaralar\u0131mdan belki sana da bula\u015f\u0131r.\u201d A\u015fk bazen bir kitab\u0131n c\u00fcmlesinde, bir \u00e7i\u00e7e\u011fin yapra\u011f\u0131nda, bir damla g\u00f6zya\u015f\u0131nda ya da ilk bak\u0131\u015fta gizlidir. Mislina i\u00e7in<span class=\"excerpt-hellip\"> [\u2026]<\/span><\/p>\n","protected":false},"featured_media":0,"template":"","meta":{"_monsterinsights_skip_tracking":false,"_monsterinsights_sitenote_active":false,"_monsterinsights_sitenote_note":"","_monsterinsights_sitenote_category":0},"product_brand":[],"product_cat":[12291,12711],"product_tag":[],"class_list":{"0":"post-733988","1":"product","2":"type-product","3":"status-publish","5":"product_cat-edebiyat","6":"product_cat-roman-oyku","7":"pa_cilt-ciltli","8":"pa_tur-kitap","9":"pa_yayinevi-ephesus-yayinlari","10":"pa_yazar-sumeyye-demirkan","12":"first","13":"instock","14":"sale","15":"shipping-taxable","16":"purchasable","17":"product-type-simple"},"_links":{"self":[{"href":"https:\/\/roveyayinevi.com.tr\/index.php\/wp-json\/wp\/v2\/product\/733988","targetHints":{"allow":["GET"]}}],"collection":[{"href":"https:\/\/roveyayinevi.com.tr\/index.php\/wp-json\/wp\/v2\/product"}],"about":[{"href":"https:\/\/roveyayinevi.com.tr\/index.php\/wp-json\/wp\/v2\/types\/product"}],"wp:attachment":[{"href":"https:\/\/roveyayinevi.com.tr\/index.php\/wp-json\/wp\/v2\/media?parent=733988"}],"wp:term":[{"taxonomy":"product_brand","embeddable":true,"href":"https:\/\/roveyayinevi.com.tr\/index.php\/wp-json\/wp\/v2\/product_brand?post=733988"},{"taxonomy":"product_cat","embeddable":true,"href":"https:\/\/roveyayinevi.com.tr\/index.php\/wp-json\/wp\/v2\/product_cat?post=733988"},{"taxonomy":"product_tag","embeddable":true,"href":"https:\/\/roveyayinevi.com.tr\/index.php\/wp-json\/wp\/v2\/product_tag?post=733988"}],"curies":[{"name":"wp","href":"https:\/\/api.w.org\/{rel}","templated":true}]}}