{"id":733985,"date":"2025-08-27T22:20:06","date_gmt":"2025-08-27T19:20:06","guid":{"rendered":"https:\/\/roveyayinevi.com.tr\/index.php\/urun\/uygunusluk\/"},"modified":"2026-04-16T02:41:40","modified_gmt":"2026-04-15T23:41:40","slug":"uygunusluk","status":"publish","type":"product","link":"https:\/\/roveyayinevi.com.tr\/index.php\/urun\/uygunusluk\/","title":{"rendered":"Uygunu\u015fluk"},"content":{"rendered":"<p>bile masada su olmasa sen olsan ben olsam soda \u015fi\u015fesi t\u00fctse alman biras\u0131nda buzlansak bile aln\u0131m\u0131zdan sivilce yaralar\u0131n\u0131 evlat edinsek huzur evlerinde gebersek bile samimiyetime inanmasak ikimiz inanmasak eski kitaplar\u0131m\u0131za de\u011fsek bile t\u0131rnaklar\u0131m\u0131za adam gibi davransak medeniyet t\u00f6rp\u00fcs\u00fcnde yuvarlansak bile \u015fifonyerin ad\u0131n\u0131 k\u0131skansak b\u00f6yle k\u0131rsak k\u0131rsak k\u0131rsak bunu en az \u00fc\u00e7 defa daha s\u00f6ylesek <\/p>\n","protected":false},"excerpt":{"rendered":"<p>bile masada su olmasa sen olsan ben olsam soda \u015fi\u015fesi t\u00fctse alman biras\u0131nda buzlansak bile aln\u0131m\u0131zdan sivilce yaralar\u0131n\u0131 evlat edinsek huzur evlerinde gebersek bile samimiyetime inanmasak<span class=\"excerpt-hellip\"> [\u2026]<\/span><\/p>\n","protected":false},"featured_media":0,"template":"","meta":{"_monsterinsights_skip_tracking":false,"_monsterinsights_sitenote_active":false,"_monsterinsights_sitenote_note":"","_monsterinsights_sitenote_category":0},"product_brand":[],"product_cat":[12291,12509],"product_tag":[],"class_list":{"0":"post-733985","1":"product","2":"type-product","3":"status-publish","5":"product_cat-edebiyat","6":"product_cat-siir","7":"pa_cilt-ciltsiz","8":"pa_tur-kitap","9":"pa_yayinevi-ithaki-yayinlari","10":"pa_yazar-isahag-uygar-eskiciyan","12":"first","13":"instock","14":"sale","15":"shipping-taxable","16":"purchasable","17":"product-type-simple"},"_links":{"self":[{"href":"https:\/\/roveyayinevi.com.tr\/index.php\/wp-json\/wp\/v2\/product\/733985","targetHints":{"allow":["GET"]}}],"collection":[{"href":"https:\/\/roveyayinevi.com.tr\/index.php\/wp-json\/wp\/v2\/product"}],"about":[{"href":"https:\/\/roveyayinevi.com.tr\/index.php\/wp-json\/wp\/v2\/types\/product"}],"wp:attachment":[{"href":"https:\/\/roveyayinevi.com.tr\/index.php\/wp-json\/wp\/v2\/media?parent=733985"}],"wp:term":[{"taxonomy":"product_brand","embeddable":true,"href":"https:\/\/roveyayinevi.com.tr\/index.php\/wp-json\/wp\/v2\/product_brand?post=733985"},{"taxonomy":"product_cat","embeddable":true,"href":"https:\/\/roveyayinevi.com.tr\/index.php\/wp-json\/wp\/v2\/product_cat?post=733985"},{"taxonomy":"product_tag","embeddable":true,"href":"https:\/\/roveyayinevi.com.tr\/index.php\/wp-json\/wp\/v2\/product_tag?post=733985"}],"curies":[{"name":"wp","href":"https:\/\/api.w.org\/{rel}","templated":true}]}}