{"id":733982,"date":"2025-08-27T22:20:03","date_gmt":"2025-08-27T19:20:03","guid":{"rendered":"https:\/\/roveyayinevi.com.tr\/index.php\/urun\/efsuncu-baba-3\/"},"modified":"2026-04-16T02:41:40","modified_gmt":"2026-04-15T23:41:40","slug":"efsuncu-baba-3","status":"publish","type":"product","link":"https:\/\/roveyayinevi.com.tr\/index.php\/urun\/efsuncu-baba-3\/","title":{"rendered":"Efsuncu Baba"},"content":{"rendered":"<p>\u201cEfendi Baba, cisimden ruha girmek, ruhtan tekrar kal\u0131ba oturmak, g\u00f6ze g\u00f6r\u00fcnmek, g\u00f6r\u00fcnmemek, \u015feytan olmak, insan olmak b\u00f6yle laflardan biz hi\u00e7bir \u015fey a\u011fnamay\u0131z. \u0130nsan dayima g\u00f6ze g\u00f6r\u00fcn\u00fcr. Geberirse g\u00f6m\u00fcl\u00fcr. Bir de ruh vard\u0131r diyorlarsa insan mefat olunca bu da mezarda oturur? Nereye gider? Bilmiyoruz. Fakat laf\u0131 uzatmayal\u0131m.\u201d   H\u00fcseyin Rahmi G\u00fcrp\u0131nar\u2019\u0131n 1924 y\u0131l\u0131nda kaleme ald\u0131\u011f\u0131 Efsuncu Baba, yazar\u0131n \u00fczerinde durmay\u0131 sevdi\u011fi temalardan bat\u0131l inanc\u0131n komedisini ele alan bir ba\u015fka hik\u00e2yesi. 1950 y\u0131l\u0131nda, Ye\u015fil\u00e7am\u2019\u0131n duayenlerinden Nubar Terziyan\u2019\u0131n ilk rol ald\u0131\u011f\u0131 film olma niteli\u011fine sahip bir sinema uyarlamas\u0131 da yap\u0131lan Efsuncu Baba, G\u00fcrp\u0131nar\u2019\u0131n k\u0131sa eserlerinden olmas\u0131na kar\u015f\u0131n karakterleri ve maceras\u0131yla heybetli bir hazine.   Agop ile Kirkor, att\u0131\u011f\u0131 her ad\u0131ma, her hareketine kendince baz\u0131 inan\u00e7lar\u0131na g\u00f6re karar veren Ebulfazl Enveri Efendi ile kar\u015f\u0131la\u015ft\u0131klar\u0131nda Binbirdirek\u2019te iplik e\u011firmekte, \u015fark\u0131lar s\u00f6ylemektedirler. Daha sonra Efsuncu Baba diye hitap edecekleri bu tedirgin adam ise eline ge\u00e7en gizemli bir kitaptan varl\u0131\u011f\u0131n\u0131 \u00f6\u011frendi\u011fi b\u00fcy\u00fck bir definenin, i\u00e7i ganimet dolu bir alt\u0131n buza\u011f\u0131n\u0131n pe\u015findedir. Tek ihtiyac\u0131ysa ona yard\u0131m edecek iki melektir. Yoksa arad\u0131\u011f\u0131 yard\u0131m Agop ile Kirkor\u2019dan m\u0131 gelecektir?   H\u00fcseyin Rahmi G\u00fcrp\u0131nar\u2019dan Efsuncu Baba, t\u0131ls\u0131m\u0131na kap\u0131lmak isteyece\u011finiz bir serg\u00fcze\u015ft, mavras\u0131 pek kuvvetli bir klasik. <\/p>\n","protected":false},"excerpt":{"rendered":"<p>\u201cEfendi Baba, cisimden ruha girmek, ruhtan tekrar kal\u0131ba oturmak, g\u00f6ze g\u00f6r\u00fcnmek, g\u00f6r\u00fcnmemek, \u015feytan olmak, insan olmak b\u00f6yle laflardan biz hi\u00e7bir \u015fey a\u011fnamay\u0131z. \u0130nsan dayima g\u00f6ze g\u00f6r\u00fcn\u00fcr.<span class=\"excerpt-hellip\"> [\u2026]<\/span><\/p>\n","protected":false},"featured_media":0,"template":"","meta":{"_monsterinsights_skip_tracking":false,"_monsterinsights_sitenote_active":false,"_monsterinsights_sitenote_note":"","_monsterinsights_sitenote_category":0},"product_brand":[],"product_cat":[12291,13872],"product_tag":[],"class_list":{"0":"post-733982","1":"product","2":"type-product","3":"status-publish","5":"product_cat-edebiyat","6":"product_cat-klasikler","7":"pa_cilt-ciltsiz","8":"pa_tur-kitap","9":"pa_yayinevi-ithaki-yayinlari","10":"pa_yazar-huseyin-rahmi-gurpinar","12":"first","13":"instock","14":"sale","15":"shipping-taxable","16":"purchasable","17":"product-type-simple"},"_links":{"self":[{"href":"https:\/\/roveyayinevi.com.tr\/index.php\/wp-json\/wp\/v2\/product\/733982","targetHints":{"allow":["GET"]}}],"collection":[{"href":"https:\/\/roveyayinevi.com.tr\/index.php\/wp-json\/wp\/v2\/product"}],"about":[{"href":"https:\/\/roveyayinevi.com.tr\/index.php\/wp-json\/wp\/v2\/types\/product"}],"wp:attachment":[{"href":"https:\/\/roveyayinevi.com.tr\/index.php\/wp-json\/wp\/v2\/media?parent=733982"}],"wp:term":[{"taxonomy":"product_brand","embeddable":true,"href":"https:\/\/roveyayinevi.com.tr\/index.php\/wp-json\/wp\/v2\/product_brand?post=733982"},{"taxonomy":"product_cat","embeddable":true,"href":"https:\/\/roveyayinevi.com.tr\/index.php\/wp-json\/wp\/v2\/product_cat?post=733982"},{"taxonomy":"product_tag","embeddable":true,"href":"https:\/\/roveyayinevi.com.tr\/index.php\/wp-json\/wp\/v2\/product_tag?post=733982"}],"curies":[{"name":"wp","href":"https:\/\/api.w.org\/{rel}","templated":true}]}}