{"id":733977,"date":"2025-08-27T22:19:57","date_gmt":"2025-08-27T19:19:57","guid":{"rendered":"https:\/\/roveyayinevi.com.tr\/index.php\/urun\/kate-isbasinda\/"},"modified":"2026-04-16T02:41:40","modified_gmt":"2026-04-15T23:41:40","slug":"kate-isbasinda","status":"publish","type":"product","link":"https:\/\/roveyayinevi.com.tr\/index.php\/urun\/kate-isbasinda\/","title":{"rendered":"Kate \u0130\u015fba\u015f\u0131nda"},"content":{"rendered":"<p>Kuzey Kutbu\u2019na giden trende b\u00fcy\u00fck gizem! \u00d6zel muhabir olmak \u00fczere kendini e\u011fiten Kate ve fare dostu Rupert, Kate\u2019in Kuzey Kutbu\u2019ndaki k\u00e2\u015fif annesini ziyaret etmek i\u00e7in babas\u0131yla bir tren yolculu\u011funa \u00e7\u0131karlar. Fakat daha tren hareket eder etmez gizemli \u015feyler olmaya ba\u015flar&#8230;   Kay\u0131p kurabiyeler, \u00e7al\u0131nan kupalar, ortadan kaybolan el yazmalar\u0131&#8230; T\u00fcm bunlar\u0131n ard\u0131ndaki ki\u015fiyi bulup \u00e7arp\u0131c\u0131 bir haber yapmak elbette ki Kate\u2019in i\u015fidir!   \u015ea\u015f\u0131rt\u0131c\u0131 bir kar\u015f\u0131la\u015fmaya dek t\u00fcm oklar, trenin en se\u00e7kin ve en aksi yolcusu Madam Maude\u2019u i\u015faret etmektedir. Ama sonra&#8230;   Detayl\u0131 \u00e7izimleri, heyecanl\u0131 olay \u00f6rg\u00fcs\u00fc ve cesur mu cesur ba\u015fkarakterleriyle, bu yepyeni dedektiflik serisini \u00e7ok seveceksiniz! <\/p>\n","protected":false},"excerpt":{"rendered":"<p>Kuzey Kutbu\u2019na giden trende b\u00fcy\u00fck gizem! \u00d6zel muhabir olmak \u00fczere kendini e\u011fiten Kate ve fare dostu Rupert, Kate\u2019in Kuzey Kutbu\u2019ndaki k\u00e2\u015fif annesini ziyaret etmek i\u00e7in babas\u0131yla<span class=\"excerpt-hellip\"> [\u2026]<\/span><\/p>\n","protected":false},"featured_media":0,"template":"","meta":{"_monsterinsights_skip_tracking":false,"_monsterinsights_sitenote_active":false,"_monsterinsights_sitenote_note":"","_monsterinsights_sitenote_category":0},"product_brand":[],"product_cat":[12275,12274],"product_tag":[],"class_list":{"0":"post-733977","1":"product","2":"type-product","3":"status-publish","5":"product_cat-6-12-yas-kitaplari","6":"product_cat-cocuk-ve-genclik-kitaplari","7":"pa_cilt-ciltsiz","8":"pa_tur-kitap","9":"pa_yayinevi-ithaki-yayinlari","10":"pa_yazar-hannah-peck","12":"first","13":"instock","14":"sale","15":"shipping-taxable","16":"purchasable","17":"product-type-simple"},"_links":{"self":[{"href":"https:\/\/roveyayinevi.com.tr\/index.php\/wp-json\/wp\/v2\/product\/733977","targetHints":{"allow":["GET"]}}],"collection":[{"href":"https:\/\/roveyayinevi.com.tr\/index.php\/wp-json\/wp\/v2\/product"}],"about":[{"href":"https:\/\/roveyayinevi.com.tr\/index.php\/wp-json\/wp\/v2\/types\/product"}],"wp:attachment":[{"href":"https:\/\/roveyayinevi.com.tr\/index.php\/wp-json\/wp\/v2\/media?parent=733977"}],"wp:term":[{"taxonomy":"product_brand","embeddable":true,"href":"https:\/\/roveyayinevi.com.tr\/index.php\/wp-json\/wp\/v2\/product_brand?post=733977"},{"taxonomy":"product_cat","embeddable":true,"href":"https:\/\/roveyayinevi.com.tr\/index.php\/wp-json\/wp\/v2\/product_cat?post=733977"},{"taxonomy":"product_tag","embeddable":true,"href":"https:\/\/roveyayinevi.com.tr\/index.php\/wp-json\/wp\/v2\/product_tag?post=733977"}],"curies":[{"name":"wp","href":"https:\/\/api.w.org\/{rel}","templated":true}]}}