{"id":733976,"date":"2025-08-27T22:19:56","date_gmt":"2025-08-27T19:19:56","guid":{"rendered":"https:\/\/roveyayinevi.com.tr\/index.php\/urun\/365-penguen\/"},"modified":"2026-04-16T02:41:40","modified_gmt":"2026-04-15T23:41:40","slug":"365-penguen","status":"publish","type":"product","link":"https:\/\/roveyayinevi.com.tr\/index.php\/urun\/365-penguen\/","title":{"rendered":"365 Penguen"},"content":{"rendered":"<p>Y\u0131l\u0131n ilk g\u00fcn\u00fc bir kargocu kap\u0131m\u0131z\u0131 \u00e7ald\u0131. Paketten ne \u00e7\u0131kt\u0131 dersiniz: Bir penguen! Yan\u0131nda da bir not vard\u0131: \u201cBen 1 Numara. Besleyin beni karn\u0131m ac\u0131kt\u0131\u011f\u0131nda\u2026\u201dY\u0131l\u0131n ilk g\u00fcn\u00fc eve gelen bir penguenle ba\u015flayan macera her g\u00fcn yeni bir penguenin ekleni\u015fiyle devam eder. Onca penguenle ba\u015fa \u00e7\u0131kmak i\u00e7in elbette biraz planlama, biraz hesaplama yapmak ve matematikten faydalanmak gerekir. Y\u0131l\u0131n sonunda evde tam 365 penguen vard\u0131r! 365 Penguen, e\u011flenceli kurgusuyla ve e\u015flik edebilece\u011finiz k\u00fc\u00e7\u00fck hesap i\u015flemleriyle okurlar\u0131 g\u00fcl\u00fcmsetecek bir \u00f6yku\u0308&#8230;<\/p>\n","protected":false},"excerpt":{"rendered":"<p>Y\u0131l\u0131n ilk g\u00fcn\u00fc bir kargocu kap\u0131m\u0131z\u0131 \u00e7ald\u0131. Paketten ne \u00e7\u0131kt\u0131 dersiniz: Bir penguen! Yan\u0131nda da bir not vard\u0131: \u201cBen 1 Numara. Besleyin beni karn\u0131m ac\u0131kt\u0131\u011f\u0131nda\u2026\u201dY\u0131l\u0131n ilk<span class=\"excerpt-hellip\"> [\u2026]<\/span><\/p>\n","protected":false},"featured_media":0,"template":"","meta":{"_monsterinsights_skip_tracking":false,"_monsterinsights_sitenote_active":false,"_monsterinsights_sitenote_note":"","_monsterinsights_sitenote_category":0},"product_brand":[],"product_cat":[12275,12274],"product_tag":[],"class_list":{"0":"post-733976","1":"product","2":"type-product","3":"status-publish","5":"product_cat-6-12-yas-kitaplari","6":"product_cat-cocuk-ve-genclik-kitaplari","7":"pa_cilt-ciltsiz","8":"pa_tur-kitap","9":"pa_yayinevi-redhouse-kidz-yayinlari","10":"pa_yazar-jean-luc-fromental","12":"first","13":"instock","14":"sale","15":"shipping-taxable","16":"purchasable","17":"product-type-simple"},"_links":{"self":[{"href":"https:\/\/roveyayinevi.com.tr\/index.php\/wp-json\/wp\/v2\/product\/733976","targetHints":{"allow":["GET"]}}],"collection":[{"href":"https:\/\/roveyayinevi.com.tr\/index.php\/wp-json\/wp\/v2\/product"}],"about":[{"href":"https:\/\/roveyayinevi.com.tr\/index.php\/wp-json\/wp\/v2\/types\/product"}],"wp:attachment":[{"href":"https:\/\/roveyayinevi.com.tr\/index.php\/wp-json\/wp\/v2\/media?parent=733976"}],"wp:term":[{"taxonomy":"product_brand","embeddable":true,"href":"https:\/\/roveyayinevi.com.tr\/index.php\/wp-json\/wp\/v2\/product_brand?post=733976"},{"taxonomy":"product_cat","embeddable":true,"href":"https:\/\/roveyayinevi.com.tr\/index.php\/wp-json\/wp\/v2\/product_cat?post=733976"},{"taxonomy":"product_tag","embeddable":true,"href":"https:\/\/roveyayinevi.com.tr\/index.php\/wp-json\/wp\/v2\/product_tag?post=733976"}],"curies":[{"name":"wp","href":"https:\/\/api.w.org\/{rel}","templated":true}]}}