{"id":733974,"date":"2025-08-27T22:19:54","date_gmt":"2025-08-27T19:19:54","guid":{"rendered":"https:\/\/roveyayinevi.com.tr\/index.php\/urun\/kapiland-serisi-4-kitap\/"},"modified":"2026-04-16T02:41:40","modified_gmt":"2026-04-15T23:41:40","slug":"kapiland-serisi-4-kitap","status":"publish","type":"product","link":"https:\/\/roveyayinevi.com.tr\/index.php\/urun\/kapiland-serisi-4-kitap\/","title":{"rendered":"Kapiland Serisi (4 kitap)"},"content":{"rendered":"<p>Kapiland Serisi 4 kitap Kapiland&#8217;\u0131n Kobaylar\u0131Kapiland&#8217;\u0131n Karanl\u0131k Y\u00fcz\u00fcKapiland&#8217;\u0131n K\u0131yametiKapiland&#8217;\u0131n K\u00fclleri Kapiland&#8217;\u0131n kirli oyunlar\u0131 d\u00fcnyan\u0131n sonunu getirmeden bir \u015feyler yapmal\u0131y\u0131z!.. Eserleriyle y\u00fcz binleri pe\u015finden s\u00fcr\u00fckleyen Miyase Sertbarut\u2019un, kurguyla ger\u00e7e\u011fin i\u00e7 i\u00e7e ge\u00e7ti\u011fi bir d\u00fcnyay\u0131 resmetti\u011fi Kapiland Serisi \u00f6zel kutulu setiyle raflarda! Miyase Sertbarut, ger\u00e7e\u011fin pe\u015fine d\u00fc\u015fen iki cesur gencin m\u00fccadelesini anlatt\u0131\u011f\u0131 Kapiland Serisinde, insani de\u011ferlere g\u00f6ndermelerde bulunurken; iyili\u011fi, k\u00f6t\u00fcl\u00fc\u011f\u00fc, hisleri, vefay\u0131 ve ahl\u00e2k\u0131 sorguluyor. Kapiland Serisi, d\u00fcnyaya h\u00fckmeden g\u00fc\u00e7lerin boyunduru\u011fu alt\u0131nda kalan ezilenlerin direni\u015fine ortak oluyor. Her bir cildi ba\u011f\u0131ms\u0131z olarak da okunabilen seri, s\u00fcr\u00fckleyici kurgusunun sat\u0131r aralar\u0131nda ince ince sistemi ele\u015ftirirken, gen\u00e7leri haks\u0131zl\u0131klara kar\u015f\u0131 tek y\u00fcrek olmaya \u00e7a\u011f\u0131r\u0131yor.<\/p>\n","protected":false},"excerpt":{"rendered":"<p>Kapiland Serisi 4 kitap Kapiland&#8217;\u0131n Kobaylar\u0131Kapiland&#8217;\u0131n Karanl\u0131k Y\u00fcz\u00fcKapiland&#8217;\u0131n K\u0131yametiKapiland&#8217;\u0131n K\u00fclleri Kapiland&#8217;\u0131n kirli oyunlar\u0131 d\u00fcnyan\u0131n sonunu getirmeden bir \u015feyler yapmal\u0131y\u0131z!.. Eserleriyle y\u00fcz binleri pe\u015finden s\u00fcr\u00fckleyen Miyase Sertbarut\u2019un,<span class=\"excerpt-hellip\"> [\u2026]<\/span><\/p>\n","protected":false},"featured_media":0,"template":"","meta":{"_monsterinsights_skip_tracking":false,"_monsterinsights_sitenote_active":false,"_monsterinsights_sitenote_note":"","_monsterinsights_sitenote_category":0},"product_brand":[],"product_cat":[12275,12274],"product_tag":[],"class_list":{"0":"post-733974","1":"product","2":"type-product","3":"status-publish","5":"product_cat-6-12-yas-kitaplari","6":"product_cat-cocuk-ve-genclik-kitaplari","7":"pa_cilt-set","8":"pa_tur-kitap","9":"pa_yayinevi-tudem-yayinlari","10":"pa_yazar-miyase-sertbarut","12":"first","13":"instock","14":"sale","15":"shipping-taxable","16":"purchasable","17":"product-type-simple"},"_links":{"self":[{"href":"https:\/\/roveyayinevi.com.tr\/index.php\/wp-json\/wp\/v2\/product\/733974","targetHints":{"allow":["GET"]}}],"collection":[{"href":"https:\/\/roveyayinevi.com.tr\/index.php\/wp-json\/wp\/v2\/product"}],"about":[{"href":"https:\/\/roveyayinevi.com.tr\/index.php\/wp-json\/wp\/v2\/types\/product"}],"wp:attachment":[{"href":"https:\/\/roveyayinevi.com.tr\/index.php\/wp-json\/wp\/v2\/media?parent=733974"}],"wp:term":[{"taxonomy":"product_brand","embeddable":true,"href":"https:\/\/roveyayinevi.com.tr\/index.php\/wp-json\/wp\/v2\/product_brand?post=733974"},{"taxonomy":"product_cat","embeddable":true,"href":"https:\/\/roveyayinevi.com.tr\/index.php\/wp-json\/wp\/v2\/product_cat?post=733974"},{"taxonomy":"product_tag","embeddable":true,"href":"https:\/\/roveyayinevi.com.tr\/index.php\/wp-json\/wp\/v2\/product_tag?post=733974"}],"curies":[{"name":"wp","href":"https:\/\/api.w.org\/{rel}","templated":true}]}}